{"id":1223,"date":"2020-11-03T15:35:40","date_gmt":"2020-11-03T15:35:40","guid":{"rendered":"https:\/\/elite.iongutu.com\/?page_id=1223"},"modified":"2022-11-03T12:38:40","modified_gmt":"2022-11-03T09:38:40","slug":"%d0%b2%d0%b0%d0%ba%d0%b0%d0%bd%d1%81%d0%b8%d0%b8","status":"publish","type":"page","link":"https:\/\/www.elit-tehnica.md\/en\/%d0%b2%d0%b0%d0%ba%d0%b0%d0%bd%d1%81%d0%b8%d0%b8\/","title":{"rendered":"\u0412\u0410\u041a\u0410\u041d\u0421\u0418\u0418"},"content":{"rendered":"<div style=\"text-align: center;\">\n<div class=\"kvgmc6g5 cxmmr5t8 oygrvhab hcukyx3x c1et5uql ii04i59q\">\n<div dir=\"auto\"><\/div>\n<\/div>\n<\/div>\n<div style=\"text-align: left;\"><div class=\"row\"  id=\"row-539921468\">\n\t<div id=\"col-1527625689\" class=\"col medium-6 small-12 large-6\"  >\n\t\t<div class=\"col-inner\"  >\n\t\t\t\n\t\t\t\n\t<div id=\"text-2674029118\" class=\"text\">\n\t\t\n<p style=\"text-align: center;\"><em><strong><span style=\"color: #d83131; font-size: 105%;\">Reprezentat comercial<\/span><\/strong><\/em><\/p>\n<hr \/>\n<p><strong>E\u0219ti candidatul ideal dac\u0103:<\/strong><\/p>\n<ul>\n<li>E\u0219ti o persoan\u0103 ambi\u021bioas\u0103, cu abord\u0103ri originale;<\/li>\n<li>Orientarea c\u0103tre client \u021bi se pare un lucru firesc;<\/li>\n<li>E\u0219ti pasionat de domeniul de service;<\/li>\n<li>Vorbe\u0219ti limba rom\u00e2n\u0103, rus\u0103;<\/li>\n<li>Ai permis de conducere categoria B.<\/li>\n<\/ul>\n<hr \/>\n<p><strong>Care va fi rolul t\u0103u:<\/strong><\/p>\n<ul>\n<li>Identificarea \u0219i atragerea noilor clien\u021bi din regiune;<\/li>\n<li>V\u00e2nzarea produselor;<\/li>\n<li>Anchetarea clien\u021bilor;<\/li>\n<li>Identificarea, cre\u0219terea bazei de date;<\/li>\n<li>Men\u021binerea rela\u021biilor cu noii clien\u021bi;<\/li>\n<li>Crearea imaginii pozitive a \u00eentreprinderii, promovarea acestea<strong><b>Elit-Tehnica.<\/b><\/strong><\/li>\n<\/ul>\n<hr \/>\n<p><strong>Noi oferim:<\/strong><\/p>\n<ul>\n<li>Salariu fix + bonus din rezultate, toate achitate la timp;<\/li>\n<li>Colectiv t\u00e2n\u0103r \u0219i motivat;<\/li>\n<li>Instruire \u0219i dezvoltare profesional\u0103 continu\u0103;<\/li>\n<li>Acces la biblioteca companiei;<\/li>\n<li>Program fix de lucru: luni-vineri 08:30-17:30;<\/li>\n<li>\u0420Loca\u021bia se afl\u0103 l\u00e2ng\u0103 sta\u021bia de troilebuz Petricani 86, IUNASPARK.<\/li>\n<\/ul>\n<p style=\"text-align: right;\">\t\t\n<style>\n#text-2674029118 {\n  text-align: left;\n}\n<\/style>\n\t<\/div>\n\t\n\t\t<\/div>\n\t\t\t<\/div>\n\n\t\n\n\t<div id=\"col-2141344945\" class=\"col medium-6 small-12 large-6\"  >\n\t\t<div class=\"col-inner\"  >\n\t\t\t\n\t\t\t\n<p style=\"text-align: center;\"><strong><em><i><span style=\"color: #d83131; font-size: 105%;\">Inginer-mecanic (cu sau f\u0103r\u0103 experien\u021b\u0103)<\/span><\/i><\/em><\/strong><\/p>\n<hr \/>\n<p><strong>Noi vom remunera, iar tu vei presta:<\/strong><\/p>\n<ul>\n<li>Repara\u021bia \u0219i deservirea tehnicii agricole;<\/li>\n<li>Darea \u00een exploatare \u0219i consultarea clien\u021bilor companiei privind condi\u021biile de exploatare a tehnicii;<\/li>\n<li>Participarea la seminare \u0219i expozi\u021bii de tehnic\u0103 agricol\u0103, at\u00eet \u00een \u021bar\u0103 c\u00eet \u0219i peste hotare;<\/li>\n<li>Eviden\u021ba deservirilor \u00een perioada de garan\u021bie \u0219i post-garan\u021bie;<\/li>\n<li>Raportarea privind lucrul efectuat \u0219i rezultatele ob\u021binute.<\/li>\n<\/ul>\n<hr \/>\n<p><strong>Cerin\u021be:<\/strong><\/p>\n<ul>\n<li>Studii medii \/ superioare tehnice;<\/li>\n<li>Cunoa\u0219terea principiilor de lucru \u0219i construc\u021bie a tehnicii;<\/li>\n<li>Devotament \u0219i loialitate fa\u021b\u0103 de companie;<\/li>\n<li>Cunoa\u0219terea fluent\u0103 a limbilor rom\u00e2n\u0103 \u0219i rus\u0103;<\/li>\n<li>Cuno\u0219tin\u021be de operare calculator;<\/li>\n<li>Permis de conducere categoria B (permis de conducere categoria H va constitui un avantaj).<\/li>\n<li>Disponibilitate la deplas\u0103ri frecvente.<\/li>\n<\/ul>\n<hr \/>\n<p><strong>Ce v\u0103 oferim noi:<\/strong><\/p>\n<ul>\n<li>Cursuri de cre\u0219tere profesional\u0103 \u0219i deplas\u0103ri la uzinele de producere ale brandurilor JCB, Kverneland, Hardi \u00een Marea Britanie, Germania, Italia, Danemarca.<\/li>\n<li>Ar constitui un avantaj o experien\u021b\u0103 \u00een sfera corespunz\u0103toare postului vacant, dar nu ezita dac\u0103 nu ai experien\u021b\u0103, noi suntem dispu\u0219i s\u0103 te \u00eenv\u0103\u021b\u0103m, ne pas\u0103 de dezvoltarea angaja\u021bilor no\u0219tri.<\/li>\n<\/ul>\n\t\t<\/div>\n\t\t\t<\/div>\n\n\t\n<\/div>\n<hr \/>\n<div dir=\"auto\" style=\"text-align: center;\">\n<p>Expedia\u021bi CV-ul la adresa: <strong><a href=\"mailto:hr@elit-tehnica.md\">hr@elit-tehnica.md<\/a><\/strong><\/p>\n<p>Pentru detalii \u0219i informa\u021bii suplimentare apela\u021bi: <strong>068 168 861<\/strong><\/p>\n<p>* Vor fi contacta\u021bi doar candida\u021bii selecta\u021bi.<\/p>\n<p style=\"text-align: right;\">\n<\/div>\n<div class=\"social-icons follow-icons full-width text-center\" style=\"font-size:108%\"><a href=\"https:\/\/www.facebook.com\/elit.tehnica\/\" target=\"_blank\" data-label=\"Facebook\"  rel=\"noopener noreferrer nofollow\" class=\"icon button circle is-outline facebook tooltip\" title=\"Follow on Facebook\"><i class=\"icon-facebook\" ><\/i><\/a><a href=\"https:\/\/www.instagram.com\/elittehnica\/\" target=\"_blank\" rel=\"noopener noreferrer nofollow\" data-label=\"Instagram\" class=\"icon button circle is-outline  instagram tooltip\" title=\"Follow on Instagram\"><i class=\"icon-instagram\" ><\/i><\/a><a href=\"https:\/\/www.youtube.com\/user\/elittehnica\" target=\"_blank\" rel=\"noopener noreferrer nofollow\" data-label=\"YouTube\" class=\"icon button circle is-outline  youtube tooltip\" title=\"Follow on YouTube\"><i class=\"icon-youtube\" ><\/i><\/a><\/div>\n<\/div>\n","protected":false},"excerpt":{"rendered":"<p>Expedia\u021bi CV-ul la adresa: hr@elit-tehnica.md Pentru detalii \u0219i informa\u021bii suplimentare apela\u021bi: 068 168 861 * Vor fi contacta\u021bi doar candida\u021bii selecta\u021bi.<\/p>\n","protected":false},"author":1,"featured_media":0,"parent":0,"menu_order":0,"comment_status":"closed","ping_status":"closed","template":"","meta":[],"yoast_head":"<!-- This site is optimized with the Yoast SEO plugin v18.7 - https:\/\/yoast.com\/wordpress\/plugins\/seo\/ -->\n<title>\u0412\u0410\u041a\u0410\u041d\u0421\u0418\u0418 - Elit Tehnica<\/title>\n<meta name=\"robots\" content=\"index, follow, max-snippet:-1, max-image-preview:large, max-video-preview:-1\" \/>\n<link rel=\"canonical\" href=\"https:\/\/www.elit-tehnica.md\/en\/%d0%b2%d0%b0%d0%ba%d0%b0%d0%bd%d1%81%d0%b8%d0%b8\/\" \/>\n<meta property=\"og:locale\" content=\"en_US\" \/>\n<meta property=\"og:type\" content=\"article\" \/>\n<meta property=\"og:title\" content=\"\u0412\u0410\u041a\u0410\u041d\u0421\u0418\u0418 - Elit Tehnica\" \/>\n<meta property=\"og:description\" content=\"Expedia\u021bi CV-ul la adresa: hr@elit-tehnica.md Pentru detalii \u0219i informa\u021bii suplimentare apela\u021bi: 068 168 861 * Vor fi contacta\u021bi doar candida\u021bii selecta\u021bi.\" \/>\n<meta property=\"og:url\" content=\"https:\/\/www.elit-tehnica.md\/en\/%d0%b2%d0%b0%d0%ba%d0%b0%d0%bd%d1%81%d0%b8%d0%b8\/\" \/>\n<meta property=\"og:site_name\" content=\"Elit Tehnica\" \/>\n<meta property=\"article:modified_time\" content=\"2022-11-03T09:38:40+00:00\" \/>\n<meta name=\"twitter:card\" content=\"summary_large_image\" \/>\n<meta name=\"twitter:label1\" content=\"Est. reading time\" \/>\n\t<meta name=\"twitter:data1\" content=\"2 minutes\" \/>\n<script type=\"application\/ld+json\" class=\"yoast-schema-graph\">{\"@context\":\"https:\/\/schema.org\",\"@graph\":[{\"@type\":\"Organization\",\"@id\":\"https:\/\/www.elit-tehnica.md\/#organization\",\"name\":\"Elite Tehnica - Distribuitor oficial \u00een Moldova JCB\",\"url\":\"https:\/\/www.elit-tehnica.md\/\",\"sameAs\":[],\"logo\":{\"@type\":\"ImageObject\",\"inLanguage\":\"en-US\",\"@id\":\"https:\/\/www.elit-tehnica.md\/#\/schema\/logo\/image\/\",\"url\":\"https:\/\/www.elit-tehnica.md\/wp-content\/uploads\/2020\/06\/\u0411\u0435\u0437-\u0438.png\",\"contentUrl\":\"https:\/\/www.elit-tehnica.md\/wp-content\/uploads\/2020\/06\/\u0411\u0435\u0437-\u0438.png\",\"width\":1600,\"height\":1600,\"caption\":\"Elite Tehnica - Distribuitor oficial \u00een Moldova JCB\"},\"image\":{\"@id\":\"https:\/\/www.elit-tehnica.md\/#\/schema\/logo\/image\/\"}},{\"@type\":\"WebSite\",\"@id\":\"https:\/\/www.elit-tehnica.md\/#website\",\"url\":\"https:\/\/www.elit-tehnica.md\/\",\"name\":\"Elit Tehnica\",\"description\":\"Cu noi e\u0219ti mereu cu un pas \u00eenainte!\",\"publisher\":{\"@id\":\"https:\/\/www.elit-tehnica.md\/#organization\"},\"potentialAction\":[{\"@type\":\"SearchAction\",\"target\":{\"@type\":\"EntryPoint\",\"urlTemplate\":\"https:\/\/www.elit-tehnica.md\/?s={search_term_string}\"},\"query-input\":\"required name=search_term_string\"}],\"inLanguage\":\"en-US\"},{\"@type\":\"WebPage\",\"@id\":\"https:\/\/www.elit-tehnica.md\/en\/%d0%b2%d0%b0%d0%ba%d0%b0%d0%bd%d1%81%d0%b8%d0%b8\/#webpage\",\"url\":\"https:\/\/www.elit-tehnica.md\/en\/%d0%b2%d0%b0%d0%ba%d0%b0%d0%bd%d1%81%d0%b8%d0%b8\/\",\"name\":\"\u0412\u0410\u041a\u0410\u041d\u0421\u0418\u0418 - Elit Tehnica\",\"isPartOf\":{\"@id\":\"https:\/\/www.elit-tehnica.md\/#website\"},\"datePublished\":\"2020-11-03T15:35:40+00:00\",\"dateModified\":\"2022-11-03T09:38:40+00:00\",\"breadcrumb\":{\"@id\":\"https:\/\/www.elit-tehnica.md\/en\/%d0%b2%d0%b0%d0%ba%d0%b0%d0%bd%d1%81%d0%b8%d0%b8\/#breadcrumb\"},\"inLanguage\":\"en-US\",\"potentialAction\":[{\"@type\":\"ReadAction\",\"target\":[\"https:\/\/www.elit-tehnica.md\/en\/%d0%b2%d0%b0%d0%ba%d0%b0%d0%bd%d1%81%d0%b8%d0%b8\/\"]}]},{\"@type\":\"BreadcrumbList\",\"@id\":\"https:\/\/www.elit-tehnica.md\/en\/%d0%b2%d0%b0%d0%ba%d0%b0%d0%bd%d1%81%d0%b8%d0%b8\/#breadcrumb\",\"itemListElement\":[{\"@type\":\"ListItem\",\"position\":1,\"name\":\"\u0413\u043b\u0430\u0432\u043d\u0430\u044f \u0441\u0442\u0440\u0430\u043d\u0438\u0446\u0430\",\"item\":\"https:\/\/www.elit-tehnica.md\/en\/\"},{\"@type\":\"ListItem\",\"position\":2,\"name\":\"\u0412\u0410\u041a\u0410\u041d\u0421\u0418\u0418\"}]}]}<\/script>\n<!-- \/ Yoast SEO plugin. -->","yoast_head_json":{"title":"\u0412\u0410\u041a\u0410\u041d\u0421\u0418\u0418 - Elit Tehnica","robots":{"index":"index","follow":"follow","max-snippet":"max-snippet:-1","max-image-preview":"max-image-preview:large","max-video-preview":"max-video-preview:-1"},"canonical":"https:\/\/www.elit-tehnica.md\/en\/%d0%b2%d0%b0%d0%ba%d0%b0%d0%bd%d1%81%d0%b8%d0%b8\/","og_locale":"en_US","og_type":"article","og_title":"\u0412\u0410\u041a\u0410\u041d\u0421\u0418\u0418 - Elit Tehnica","og_description":"Expedia\u021bi CV-ul la adresa: hr@elit-tehnica.md Pentru detalii \u0219i informa\u021bii suplimentare apela\u021bi: 068 168 861 * Vor fi contacta\u021bi doar candida\u021bii selecta\u021bi.","og_url":"https:\/\/www.elit-tehnica.md\/en\/%d0%b2%d0%b0%d0%ba%d0%b0%d0%bd%d1%81%d0%b8%d0%b8\/","og_site_name":"Elit Tehnica","article_modified_time":"2022-11-03T09:38:40+00:00","twitter_card":"summary_large_image","twitter_misc":{"Est. reading time":"2 minutes"},"schema":{"@context":"https:\/\/schema.org","@graph":[{"@type":"Organization","@id":"https:\/\/www.elit-tehnica.md\/#organization","name":"Elite Tehnica - Distribuitor oficial \u00een Moldova JCB","url":"https:\/\/www.elit-tehnica.md\/","sameAs":[],"logo":{"@type":"ImageObject","inLanguage":"en-US","@id":"https:\/\/www.elit-tehnica.md\/#\/schema\/logo\/image\/","url":"https:\/\/www.elit-tehnica.md\/wp-content\/uploads\/2020\/06\/\u0411\u0435\u0437-\u0438.png","contentUrl":"https:\/\/www.elit-tehnica.md\/wp-content\/uploads\/2020\/06\/\u0411\u0435\u0437-\u0438.png","width":1600,"height":1600,"caption":"Elite Tehnica - Distribuitor oficial \u00een Moldova JCB"},"image":{"@id":"https:\/\/www.elit-tehnica.md\/#\/schema\/logo\/image\/"}},{"@type":"WebSite","@id":"https:\/\/www.elit-tehnica.md\/#website","url":"https:\/\/www.elit-tehnica.md\/","name":"Elit Tehnica","description":"Cu noi e\u0219ti mereu cu un pas \u00eenainte!","publisher":{"@id":"https:\/\/www.elit-tehnica.md\/#organization"},"potentialAction":[{"@type":"SearchAction","target":{"@type":"EntryPoint","urlTemplate":"https:\/\/www.elit-tehnica.md\/?s={search_term_string}"},"query-input":"required name=search_term_string"}],"inLanguage":"en-US"},{"@type":"WebPage","@id":"https:\/\/www.elit-tehnica.md\/en\/%d0%b2%d0%b0%d0%ba%d0%b0%d0%bd%d1%81%d0%b8%d0%b8\/#webpage","url":"https:\/\/www.elit-tehnica.md\/en\/%d0%b2%d0%b0%d0%ba%d0%b0%d0%bd%d1%81%d0%b8%d0%b8\/","name":"\u0412\u0410\u041a\u0410\u041d\u0421\u0418\u0418 - Elit Tehnica","isPartOf":{"@id":"https:\/\/www.elit-tehnica.md\/#website"},"datePublished":"2020-11-03T15:35:40+00:00","dateModified":"2022-11-03T09:38:40+00:00","breadcrumb":{"@id":"https:\/\/www.elit-tehnica.md\/en\/%d0%b2%d0%b0%d0%ba%d0%b0%d0%bd%d1%81%d0%b8%d0%b8\/#breadcrumb"},"inLanguage":"en-US","potentialAction":[{"@type":"ReadAction","target":["https:\/\/www.elit-tehnica.md\/en\/%d0%b2%d0%b0%d0%ba%d0%b0%d0%bd%d1%81%d0%b8%d0%b8\/"]}]},{"@type":"BreadcrumbList","@id":"https:\/\/www.elit-tehnica.md\/en\/%d0%b2%d0%b0%d0%ba%d0%b0%d0%bd%d1%81%d0%b8%d0%b8\/#breadcrumb","itemListElement":[{"@type":"ListItem","position":1,"name":"\u0413\u043b\u0430\u0432\u043d\u0430\u044f \u0441\u0442\u0440\u0430\u043d\u0438\u0446\u0430","item":"https:\/\/www.elit-tehnica.md\/en\/"},{"@type":"ListItem","position":2,"name":"\u0412\u0410\u041a\u0410\u041d\u0421\u0418\u0418"}]}]}},"_links":{"self":[{"href":"https:\/\/www.elit-tehnica.md\/en\/wp-json\/wp\/v2\/pages\/1223"}],"collection":[{"href":"https:\/\/www.elit-tehnica.md\/en\/wp-json\/wp\/v2\/pages"}],"about":[{"href":"https:\/\/www.elit-tehnica.md\/en\/wp-json\/wp\/v2\/types\/page"}],"author":[{"embeddable":true,"href":"https:\/\/www.elit-tehnica.md\/en\/wp-json\/wp\/v2\/users\/1"}],"replies":[{"embeddable":true,"href":"https:\/\/www.elit-tehnica.md\/en\/wp-json\/wp\/v2\/comments?post=1223"}],"version-history":[{"count":1,"href":"https:\/\/www.elit-tehnica.md\/en\/wp-json\/wp\/v2\/pages\/1223\/revisions"}],"predecessor-version":[{"id":1992,"href":"https:\/\/www.elit-tehnica.md\/en\/wp-json\/wp\/v2\/pages\/1223\/revisions\/1992"}],"wp:attachment":[{"href":"https:\/\/www.elit-tehnica.md\/en\/wp-json\/wp\/v2\/media?parent=1223"}],"curies":[{"name":"wp","href":"https:\/\/api.w.org\/{rel}","templated":true}]}}