{"id":1270,"date":"2020-09-25T16:59:55","date_gmt":"2020-11-17T09:06:26","guid":{"rendered":"https:\/\/elite.iongutu.com\/product\/ferastrau-circular-montat\/"},"modified":"2020-11-17T09:06:26","modified_gmt":"2020-11-17T09:06:26","slug":"ferastrau-circular-montat","status":"publish","type":"product","link":"https:\/\/www.elit-tehnica.md\/ro\/shop\/dupa-destinatie\/atasamente\/ferastrau-circular-montat\/","title":{"rendered":"Fer\u0103str\u0103u circular montat"},"content":{"rendered":"","protected":false},"excerpt":{"rendered":"<table width=\"346\" cellspacing=\"0\" cellpadding=\"2\">\n<tbody>\n<tr valign=\"top\">\n<td width=\"179\" height=\"59\">\n<p lang=\"zxx\" align=\"justify\">Lungimea t\u0103ierii<\/p>\n<\/td>\n<td width=\"159\">\n<p lang=\"zxx\" align=\"justify\">1,96 mm<\/p>\n<\/td>\n<\/tr>\n<tr valign=\"top\">\n<td width=\"179\" height=\"49\">\n<p lang=\"zxx\" align=\"justify\">Capacitatea de t\u0103iere a lamei cu\u021bitului<\/p>\n<\/td>\n<td width=\"159\">\n<p lang=\"zxx\" align=\"justify\">25 mm<\/p>\n<\/td>\n<\/tr>\n<tr valign=\"top\">\n<td width=\"179\" height=\"49\">\n<p lang=\"zxx\" align=\"justify\">Capacitate de t\u0103iere a fer\u0103str\u0103ului<\/p>\n<\/td>\n<td width=\"159\">\n<p lang=\"zxx\" align=\"justify\">180 mm<\/p>\n<\/td>\n<\/tr>\n<tr valign=\"top\">\n<td width=\"179\" height=\"61\">\n<p lang=\"zxx\" align=\"justify\">Viteza de rota\u021bie<\/p>\n<\/td>\n<td width=\"159\">\n<p lang=\"zxx\" align=\"justify\">2000 (rpm)<\/p>\n<\/td>\n<\/tr>\n<tr valign=\"top\">\n<td width=\"179\" height=\"49\">\n<p lang=\"zxx\" align=\"justify\">Greutate<\/p>\n<\/td>\n<td width=\"159\">\n<p lang=\"zxx\" align=\"justify\">630 kg<\/p>\n<\/td>\n<\/tr>\n<\/tbody>\n<\/table>\n","protected":false},"featured_media":1116,"template":"","meta":[],"product_cat":[134],"product_tag":[],"yoast_head":"<!-- This site is optimized with the Yoast SEO plugin v18.7 - https:\/\/yoast.com\/wordpress\/plugins\/seo\/ -->\n<title>Fer\u0103str\u0103u circular montat - Elit Tehnica<\/title>\n<meta name=\"robots\" content=\"index, follow, max-snippet:-1, max-image-preview:large, max-video-preview:-1\" \/>\n<link rel=\"canonical\" href=\"https:\/\/www.elit-tehnica.md\/ro\/shop\/dupa-destinatie\/atasamente\/ferastrau-circular-montat\/\" \/>\n<meta property=\"og:locale\" content=\"ro_RO\" \/>\n<meta property=\"og:type\" content=\"article\" \/>\n<meta property=\"og:title\" content=\"Fer\u0103str\u0103u circular montat - Elit Tehnica\" \/>\n<meta property=\"og:description\" content=\"Lungimea t\u0103ierii  1,96 mm   Capacitatea de t\u0103iere a lamei cu\u021bitului  25 mm   Capacitate de t\u0103iere a fer\u0103str\u0103ului  180 mm   Viteza de rota\u021bie  2000 (rpm)    Greutate  630 kg\" \/>\n<meta property=\"og:url\" content=\"https:\/\/www.elit-tehnica.md\/ro\/shop\/dupa-destinatie\/atasamente\/ferastrau-circular-montat\/\" \/>\n<meta property=\"og:site_name\" content=\"Elit Tehnica\" \/>\n<meta property=\"og:image\" content=\"https:\/\/www.elit-tehnica.md\/wp-content\/uploads\/2020\/09\/\u043d\u0430\u0432\u0435\u0441\u043d\u0430\u044f-\u0434\u0438\u0441\u043a\u043e\u0432\u0430\u044f-\u043f\u0438\u043b\u0430.png\" \/>\n\t<meta property=\"og:image:width\" content=\"624\" \/>\n\t<meta property=\"og:image:height\" content=\"402\" \/>\n\t<meta property=\"og:image:type\" content=\"image\/png\" \/>\n<meta name=\"twitter:card\" content=\"summary_large_image\" \/>\n<script type=\"application\/ld+json\" class=\"yoast-schema-graph\">{\"@context\":\"https:\/\/schema.org\",\"@graph\":[{\"@type\":\"Organization\",\"@id\":\"https:\/\/www.elit-tehnica.md\/#organization\",\"name\":\"Elite Tehnica - Distribuitor oficial \u00een Moldova JCB\",\"url\":\"https:\/\/www.elit-tehnica.md\/\",\"sameAs\":[],\"logo\":{\"@type\":\"ImageObject\",\"inLanguage\":\"ro-RO\",\"@id\":\"https:\/\/www.elit-tehnica.md\/#\/schema\/logo\/image\/\",\"url\":\"https:\/\/www.elit-tehnica.md\/wp-content\/uploads\/2020\/06\/\u0411\u0435\u0437-\u0438.png\",\"contentUrl\":\"https:\/\/www.elit-tehnica.md\/wp-content\/uploads\/2020\/06\/\u0411\u0435\u0437-\u0438.png\",\"width\":1600,\"height\":1600,\"caption\":\"Elite Tehnica - Distribuitor oficial \u00een Moldova JCB\"},\"image\":{\"@id\":\"https:\/\/www.elit-tehnica.md\/#\/schema\/logo\/image\/\"}},{\"@type\":\"WebSite\",\"@id\":\"https:\/\/www.elit-tehnica.md\/#website\",\"url\":\"https:\/\/www.elit-tehnica.md\/\",\"name\":\"Elit Tehnica\",\"description\":\"Cu noi e\u0219ti mereu cu un pas \u00eenainte!\",\"publisher\":{\"@id\":\"https:\/\/www.elit-tehnica.md\/#organization\"},\"potentialAction\":[{\"@type\":\"SearchAction\",\"target\":{\"@type\":\"EntryPoint\",\"urlTemplate\":\"https:\/\/www.elit-tehnica.md\/?s={search_term_string}\"},\"query-input\":\"required name=search_term_string\"}],\"inLanguage\":\"ro-RO\"},{\"@type\":\"ImageObject\",\"inLanguage\":\"ro-RO\",\"@id\":\"https:\/\/www.elit-tehnica.md\/ro\/shop\/dupa-destinatie\/atasamente\/ferastrau-circular-montat\/#primaryimage\",\"url\":\"https:\/\/www.elit-tehnica.md\/wp-content\/uploads\/2020\/09\/\u043d\u0430\u0432\u0435\u0441\u043d\u0430\u044f-\u0434\u0438\u0441\u043a\u043e\u0432\u0430\u044f-\u043f\u0438\u043b\u0430.png\",\"contentUrl\":\"https:\/\/www.elit-tehnica.md\/wp-content\/uploads\/2020\/09\/\u043d\u0430\u0432\u0435\u0441\u043d\u0430\u044f-\u0434\u0438\u0441\u043a\u043e\u0432\u0430\u044f-\u043f\u0438\u043b\u0430.png\",\"width\":624,\"height\":402,\"caption\":\"Fer\u0103str\u0103u circular montat\"},{\"@type\":\"WebPage\",\"@id\":\"https:\/\/www.elit-tehnica.md\/ro\/shop\/dupa-destinatie\/atasamente\/ferastrau-circular-montat\/#webpage\",\"url\":\"https:\/\/www.elit-tehnica.md\/ro\/shop\/dupa-destinatie\/atasamente\/ferastrau-circular-montat\/\",\"name\":\"Fer\u0103str\u0103u circular montat - Elit Tehnica\",\"isPartOf\":{\"@id\":\"https:\/\/www.elit-tehnica.md\/#website\"},\"primaryImageOfPage\":{\"@id\":\"https:\/\/www.elit-tehnica.md\/ro\/shop\/dupa-destinatie\/atasamente\/ferastrau-circular-montat\/#primaryimage\"},\"datePublished\":\"2020-11-17T09:06:26+00:00\",\"dateModified\":\"2020-11-17T09:06:26+00:00\",\"breadcrumb\":{\"@id\":\"https:\/\/www.elit-tehnica.md\/ro\/shop\/dupa-destinatie\/atasamente\/ferastrau-circular-montat\/#breadcrumb\"},\"inLanguage\":\"ro-RO\",\"potentialAction\":[{\"@type\":\"ReadAction\",\"target\":[\"https:\/\/www.elit-tehnica.md\/ro\/shop\/dupa-destinatie\/atasamente\/ferastrau-circular-montat\/\"]}]},{\"@type\":\"BreadcrumbList\",\"@id\":\"https:\/\/www.elit-tehnica.md\/ro\/shop\/dupa-destinatie\/atasamente\/ferastrau-circular-montat\/#breadcrumb\",\"itemListElement\":[{\"@type\":\"ListItem\",\"position\":1,\"name\":\"\u0413\u043b\u0430\u0432\u043d\u0430\u044f \u0441\u0442\u0440\u0430\u043d\u0438\u0446\u0430\",\"item\":\"https:\/\/www.elit-tehnica.md\/ro\/\"},{\"@type\":\"ListItem\",\"position\":2,\"name\":\"Shop\",\"item\":\"https:\/\/www.elit-tehnica.md\/shop\/\"},{\"@type\":\"ListItem\",\"position\":3,\"name\":\"Fer\u0103str\u0103u circular montat\"}]}]}<\/script>\n<!-- \/ Yoast SEO plugin. -->","yoast_head_json":{"title":"Fer\u0103str\u0103u circular montat - Elit Tehnica","robots":{"index":"index","follow":"follow","max-snippet":"max-snippet:-1","max-image-preview":"max-image-preview:large","max-video-preview":"max-video-preview:-1"},"canonical":"https:\/\/www.elit-tehnica.md\/ro\/shop\/dupa-destinatie\/atasamente\/ferastrau-circular-montat\/","og_locale":"ro_RO","og_type":"article","og_title":"Fer\u0103str\u0103u circular montat - Elit Tehnica","og_description":"Lungimea t\u0103ierii  1,96 mm   Capacitatea de t\u0103iere a lamei cu\u021bitului  25 mm   Capacitate de t\u0103iere a fer\u0103str\u0103ului  180 mm   Viteza de rota\u021bie  2000 (rpm)    Greutate  630 kg","og_url":"https:\/\/www.elit-tehnica.md\/ro\/shop\/dupa-destinatie\/atasamente\/ferastrau-circular-montat\/","og_site_name":"Elit Tehnica","og_image":[{"width":624,"height":402,"url":"https:\/\/www.elit-tehnica.md\/wp-content\/uploads\/2020\/09\/\u043d\u0430\u0432\u0435\u0441\u043d\u0430\u044f-\u0434\u0438\u0441\u043a\u043e\u0432\u0430\u044f-\u043f\u0438\u043b\u0430.png","type":"image\/png"}],"twitter_card":"summary_large_image","schema":{"@context":"https:\/\/schema.org","@graph":[{"@type":"Organization","@id":"https:\/\/www.elit-tehnica.md\/#organization","name":"Elite Tehnica - Distribuitor oficial \u00een Moldova JCB","url":"https:\/\/www.elit-tehnica.md\/","sameAs":[],"logo":{"@type":"ImageObject","inLanguage":"ro-RO","@id":"https:\/\/www.elit-tehnica.md\/#\/schema\/logo\/image\/","url":"https:\/\/www.elit-tehnica.md\/wp-content\/uploads\/2020\/06\/\u0411\u0435\u0437-\u0438.png","contentUrl":"https:\/\/www.elit-tehnica.md\/wp-content\/uploads\/2020\/06\/\u0411\u0435\u0437-\u0438.png","width":1600,"height":1600,"caption":"Elite Tehnica - Distribuitor oficial \u00een Moldova JCB"},"image":{"@id":"https:\/\/www.elit-tehnica.md\/#\/schema\/logo\/image\/"}},{"@type":"WebSite","@id":"https:\/\/www.elit-tehnica.md\/#website","url":"https:\/\/www.elit-tehnica.md\/","name":"Elit Tehnica","description":"Cu noi e\u0219ti mereu cu un pas \u00eenainte!","publisher":{"@id":"https:\/\/www.elit-tehnica.md\/#organization"},"potentialAction":[{"@type":"SearchAction","target":{"@type":"EntryPoint","urlTemplate":"https:\/\/www.elit-tehnica.md\/?s={search_term_string}"},"query-input":"required name=search_term_string"}],"inLanguage":"ro-RO"},{"@type":"ImageObject","inLanguage":"ro-RO","@id":"https:\/\/www.elit-tehnica.md\/ro\/shop\/dupa-destinatie\/atasamente\/ferastrau-circular-montat\/#primaryimage","url":"https:\/\/www.elit-tehnica.md\/wp-content\/uploads\/2020\/09\/\u043d\u0430\u0432\u0435\u0441\u043d\u0430\u044f-\u0434\u0438\u0441\u043a\u043e\u0432\u0430\u044f-\u043f\u0438\u043b\u0430.png","contentUrl":"https:\/\/www.elit-tehnica.md\/wp-content\/uploads\/2020\/09\/\u043d\u0430\u0432\u0435\u0441\u043d\u0430\u044f-\u0434\u0438\u0441\u043a\u043e\u0432\u0430\u044f-\u043f\u0438\u043b\u0430.png","width":624,"height":402,"caption":"Fer\u0103str\u0103u circular montat"},{"@type":"WebPage","@id":"https:\/\/www.elit-tehnica.md\/ro\/shop\/dupa-destinatie\/atasamente\/ferastrau-circular-montat\/#webpage","url":"https:\/\/www.elit-tehnica.md\/ro\/shop\/dupa-destinatie\/atasamente\/ferastrau-circular-montat\/","name":"Fer\u0103str\u0103u circular montat - Elit Tehnica","isPartOf":{"@id":"https:\/\/www.elit-tehnica.md\/#website"},"primaryImageOfPage":{"@id":"https:\/\/www.elit-tehnica.md\/ro\/shop\/dupa-destinatie\/atasamente\/ferastrau-circular-montat\/#primaryimage"},"datePublished":"2020-11-17T09:06:26+00:00","dateModified":"2020-11-17T09:06:26+00:00","breadcrumb":{"@id":"https:\/\/www.elit-tehnica.md\/ro\/shop\/dupa-destinatie\/atasamente\/ferastrau-circular-montat\/#breadcrumb"},"inLanguage":"ro-RO","potentialAction":[{"@type":"ReadAction","target":["https:\/\/www.elit-tehnica.md\/ro\/shop\/dupa-destinatie\/atasamente\/ferastrau-circular-montat\/"]}]},{"@type":"BreadcrumbList","@id":"https:\/\/www.elit-tehnica.md\/ro\/shop\/dupa-destinatie\/atasamente\/ferastrau-circular-montat\/#breadcrumb","itemListElement":[{"@type":"ListItem","position":1,"name":"\u0413\u043b\u0430\u0432\u043d\u0430\u044f \u0441\u0442\u0440\u0430\u043d\u0438\u0446\u0430","item":"https:\/\/www.elit-tehnica.md\/ro\/"},{"@type":"ListItem","position":2,"name":"Shop","item":"https:\/\/www.elit-tehnica.md\/shop\/"},{"@type":"ListItem","position":3,"name":"Fer\u0103str\u0103u circular montat"}]}]}},"_links":{"self":[{"href":"https:\/\/www.elit-tehnica.md\/ro\/wp-json\/wp\/v2\/product\/1270"}],"collection":[{"href":"https:\/\/www.elit-tehnica.md\/ro\/wp-json\/wp\/v2\/product"}],"about":[{"href":"https:\/\/www.elit-tehnica.md\/ro\/wp-json\/wp\/v2\/types\/product"}],"wp:featuredmedia":[{"embeddable":true,"href":"https:\/\/www.elit-tehnica.md\/ro\/wp-json\/wp\/v2\/media\/1116"}],"wp:attachment":[{"href":"https:\/\/www.elit-tehnica.md\/ro\/wp-json\/wp\/v2\/media?parent=1270"}],"wp:term":[{"taxonomy":"product_cat","embeddable":true,"href":"https:\/\/www.elit-tehnica.md\/ro\/wp-json\/wp\/v2\/product_cat?post=1270"},{"taxonomy":"product_tag","embeddable":true,"href":"https:\/\/www.elit-tehnica.md\/ro\/wp-json\/wp\/v2\/product_tag?post=1270"}],"curies":[{"name":"wp","href":"https:\/\/api.w.org\/{rel}","templated":true}]}}