{"id":1288,"date":"2020-09-25T15:36:55","date_gmt":"2020-11-17T10:24:04","guid":{"rendered":"https:\/\/elite.iongutu.com\/product\/caus-pentru-ceriale\/"},"modified":"2021-05-06T12:14:56","modified_gmt":"2021-05-06T12:14:56","slug":"caus-ceriale","status":"publish","type":"product","link":"https:\/\/www.elit-tehnica.md\/ro\/shop\/dupa-destinatie\/atasamente\/caus-ceriale\/","title":{"rendered":"C\u0103u\u0219 pentru cereale"},"content":{"rendered":"","protected":false},"excerpt":{"rendered":"<table style=\"height: 288px;\" width=\"249\" cellspacing=\"0\" cellpadding=\"2\">\n<tbody>\n<tr valign=\"top\">\n<td width=\"132\" height=\"59\">\n<p lang=\"zxx\" align=\"justify\">L\u0103\u0163ime<\/p>\n<\/td>\n<td width=\"116\">\n<p lang=\"zxx\" align=\"justify\">2460 mm<\/p>\n<\/td>\n<\/tr>\n<tr valign=\"top\">\n<td width=\"132\" height=\"49\">\n<p lang=\"zxx\" align=\"justify\">\u00cen\u0103l\u021bime<\/p>\n<\/td>\n<td width=\"116\">\n<p lang=\"zxx\" align=\"justify\">1283 mm<\/p>\n<\/td>\n<\/tr>\n<tr valign=\"top\">\n<td width=\"132\" height=\"49\">\n<p lang=\"zxx\" align=\"justify\">Ad\u00e2ncimea<\/p>\n<\/td>\n<td width=\"116\">\n<p lang=\"zxx\" align=\"justify\">1735 mm<\/p>\n<\/td>\n<\/tr>\n<tr valign=\"top\">\n<td width=\"132\" height=\"49\">\n<p lang=\"zxx\" align=\"justify\">Greutate<\/p>\n<\/td>\n<td width=\"116\">\n<p lang=\"zxx\" align=\"justify\">620 kg<\/p>\n<\/td>\n<\/tr>\n<tr valign=\"top\">\n<td width=\"132\" height=\"61\">\n<p lang=\"zxx\" align=\"justify\">Volum<\/p>\n<\/td>\n<td width=\"116\">\n<p lang=\"zxx\" align=\"justify\">2,5 m\u00b3<\/p>\n<\/td>\n<\/tr>\n<\/tbody>\n<\/table>\n<p>&nbsp;<\/p>\n","protected":false},"featured_media":1102,"template":"","meta":[],"product_cat":[134,120],"product_tag":[],"yoast_head":"<!-- This site is optimized with the Yoast SEO plugin v18.7 - https:\/\/yoast.com\/wordpress\/plugins\/seo\/ -->\n<title>C\u0103u\u0219 pentru cereale - Elit Tehnica<\/title>\n<meta name=\"robots\" content=\"index, follow, max-snippet:-1, max-image-preview:large, max-video-preview:-1\" \/>\n<link rel=\"canonical\" href=\"https:\/\/www.elit-tehnica.md\/ro\/shop\/dupa-destinatie\/atasamente\/caus-ceriale\/\" \/>\n<meta property=\"og:locale\" content=\"ro_RO\" \/>\n<meta property=\"og:type\" content=\"article\" \/>\n<meta property=\"og:title\" content=\"C\u0103u\u0219 pentru cereale - Elit Tehnica\" \/>\n<meta property=\"og:description\" content=\"L\u0103\u0163ime  2460 mm   \u00cen\u0103l\u021bime  1283 mm   Ad\u00e2ncimea  1735 mm   Greutate  620 kg   Volum  2,5 m\u00b3   &nbsp;\" \/>\n<meta property=\"og:url\" content=\"https:\/\/www.elit-tehnica.md\/ro\/shop\/dupa-destinatie\/atasamente\/caus-ceriale\/\" \/>\n<meta property=\"og:site_name\" content=\"Elit Tehnica\" \/>\n<meta property=\"article:modified_time\" content=\"2021-05-06T12:14:56+00:00\" \/>\n<meta property=\"og:image\" content=\"https:\/\/www.elit-tehnica.md\/wp-content\/uploads\/2020\/09\/caus-ceriale.png\" \/>\n\t<meta property=\"og:image:width\" content=\"570\" \/>\n\t<meta property=\"og:image:height\" content=\"369\" \/>\n\t<meta property=\"og:image:type\" content=\"image\/png\" \/>\n<meta name=\"twitter:card\" content=\"summary_large_image\" \/>\n<script type=\"application\/ld+json\" class=\"yoast-schema-graph\">{\"@context\":\"https:\/\/schema.org\",\"@graph\":[{\"@type\":\"Organization\",\"@id\":\"https:\/\/www.elit-tehnica.md\/#organization\",\"name\":\"Elite Tehnica - Distribuitor oficial \u00een Moldova JCB\",\"url\":\"https:\/\/www.elit-tehnica.md\/\",\"sameAs\":[],\"logo\":{\"@type\":\"ImageObject\",\"inLanguage\":\"ro-RO\",\"@id\":\"https:\/\/www.elit-tehnica.md\/#\/schema\/logo\/image\/\",\"url\":\"https:\/\/www.elit-tehnica.md\/wp-content\/uploads\/2020\/06\/\u0411\u0435\u0437-\u0438.png\",\"contentUrl\":\"https:\/\/www.elit-tehnica.md\/wp-content\/uploads\/2020\/06\/\u0411\u0435\u0437-\u0438.png\",\"width\":1600,\"height\":1600,\"caption\":\"Elite Tehnica - Distribuitor oficial \u00een Moldova JCB\"},\"image\":{\"@id\":\"https:\/\/www.elit-tehnica.md\/#\/schema\/logo\/image\/\"}},{\"@type\":\"WebSite\",\"@id\":\"https:\/\/www.elit-tehnica.md\/#website\",\"url\":\"https:\/\/www.elit-tehnica.md\/\",\"name\":\"Elit Tehnica\",\"description\":\"Cu noi e\u0219ti mereu cu un pas \u00eenainte!\",\"publisher\":{\"@id\":\"https:\/\/www.elit-tehnica.md\/#organization\"},\"potentialAction\":[{\"@type\":\"SearchAction\",\"target\":{\"@type\":\"EntryPoint\",\"urlTemplate\":\"https:\/\/www.elit-tehnica.md\/?s={search_term_string}\"},\"query-input\":\"required name=search_term_string\"}],\"inLanguage\":\"ro-RO\"},{\"@type\":\"ImageObject\",\"inLanguage\":\"ro-RO\",\"@id\":\"https:\/\/www.elit-tehnica.md\/ro\/shop\/dupa-destinatie\/atasamente\/caus-ceriale\/#primaryimage\",\"url\":\"https:\/\/www.elit-tehnica.md\/wp-content\/uploads\/2020\/09\/caus-ceriale.png\",\"contentUrl\":\"https:\/\/www.elit-tehnica.md\/wp-content\/uploads\/2020\/09\/caus-ceriale.png\",\"width\":570,\"height\":369,\"caption\":\"atasamente incaracatoare telescopice\"},{\"@type\":\"WebPage\",\"@id\":\"https:\/\/www.elit-tehnica.md\/ro\/shop\/dupa-destinatie\/atasamente\/caus-ceriale\/#webpage\",\"url\":\"https:\/\/www.elit-tehnica.md\/ro\/shop\/dupa-destinatie\/atasamente\/caus-ceriale\/\",\"name\":\"C\u0103u\u0219 pentru cereale - Elit Tehnica\",\"isPartOf\":{\"@id\":\"https:\/\/www.elit-tehnica.md\/#website\"},\"primaryImageOfPage\":{\"@id\":\"https:\/\/www.elit-tehnica.md\/ro\/shop\/dupa-destinatie\/atasamente\/caus-ceriale\/#primaryimage\"},\"datePublished\":\"2020-11-17T10:24:04+00:00\",\"dateModified\":\"2021-05-06T12:14:56+00:00\",\"breadcrumb\":{\"@id\":\"https:\/\/www.elit-tehnica.md\/ro\/shop\/dupa-destinatie\/atasamente\/caus-ceriale\/#breadcrumb\"},\"inLanguage\":\"ro-RO\",\"potentialAction\":[{\"@type\":\"ReadAction\",\"target\":[\"https:\/\/www.elit-tehnica.md\/ro\/shop\/dupa-destinatie\/atasamente\/caus-ceriale\/\"]}]},{\"@type\":\"BreadcrumbList\",\"@id\":\"https:\/\/www.elit-tehnica.md\/ro\/shop\/dupa-destinatie\/atasamente\/caus-ceriale\/#breadcrumb\",\"itemListElement\":[{\"@type\":\"ListItem\",\"position\":1,\"name\":\"\u0413\u043b\u0430\u0432\u043d\u0430\u044f \u0441\u0442\u0440\u0430\u043d\u0438\u0446\u0430\",\"item\":\"https:\/\/www.elit-tehnica.md\/ro\/\"},{\"@type\":\"ListItem\",\"position\":2,\"name\":\"Shop\",\"item\":\"https:\/\/www.elit-tehnica.md\/shop\/\"},{\"@type\":\"ListItem\",\"position\":3,\"name\":\"C\u0103u\u0219 pentru cereale\"}]}]}<\/script>\n<!-- \/ Yoast SEO plugin. -->","yoast_head_json":{"title":"C\u0103u\u0219 pentru cereale - Elit Tehnica","robots":{"index":"index","follow":"follow","max-snippet":"max-snippet:-1","max-image-preview":"max-image-preview:large","max-video-preview":"max-video-preview:-1"},"canonical":"https:\/\/www.elit-tehnica.md\/ro\/shop\/dupa-destinatie\/atasamente\/caus-ceriale\/","og_locale":"ro_RO","og_type":"article","og_title":"C\u0103u\u0219 pentru cereale - Elit Tehnica","og_description":"L\u0103\u0163ime  2460 mm   \u00cen\u0103l\u021bime  1283 mm   Ad\u00e2ncimea  1735 mm   Greutate  620 kg   Volum  2,5 m\u00b3   &nbsp;","og_url":"https:\/\/www.elit-tehnica.md\/ro\/shop\/dupa-destinatie\/atasamente\/caus-ceriale\/","og_site_name":"Elit Tehnica","article_modified_time":"2021-05-06T12:14:56+00:00","og_image":[{"width":570,"height":369,"url":"https:\/\/www.elit-tehnica.md\/wp-content\/uploads\/2020\/09\/caus-ceriale.png","type":"image\/png"}],"twitter_card":"summary_large_image","schema":{"@context":"https:\/\/schema.org","@graph":[{"@type":"Organization","@id":"https:\/\/www.elit-tehnica.md\/#organization","name":"Elite Tehnica - Distribuitor oficial \u00een Moldova JCB","url":"https:\/\/www.elit-tehnica.md\/","sameAs":[],"logo":{"@type":"ImageObject","inLanguage":"ro-RO","@id":"https:\/\/www.elit-tehnica.md\/#\/schema\/logo\/image\/","url":"https:\/\/www.elit-tehnica.md\/wp-content\/uploads\/2020\/06\/\u0411\u0435\u0437-\u0438.png","contentUrl":"https:\/\/www.elit-tehnica.md\/wp-content\/uploads\/2020\/06\/\u0411\u0435\u0437-\u0438.png","width":1600,"height":1600,"caption":"Elite Tehnica - Distribuitor oficial \u00een Moldova JCB"},"image":{"@id":"https:\/\/www.elit-tehnica.md\/#\/schema\/logo\/image\/"}},{"@type":"WebSite","@id":"https:\/\/www.elit-tehnica.md\/#website","url":"https:\/\/www.elit-tehnica.md\/","name":"Elit Tehnica","description":"Cu noi e\u0219ti mereu cu un pas \u00eenainte!","publisher":{"@id":"https:\/\/www.elit-tehnica.md\/#organization"},"potentialAction":[{"@type":"SearchAction","target":{"@type":"EntryPoint","urlTemplate":"https:\/\/www.elit-tehnica.md\/?s={search_term_string}"},"query-input":"required name=search_term_string"}],"inLanguage":"ro-RO"},{"@type":"ImageObject","inLanguage":"ro-RO","@id":"https:\/\/www.elit-tehnica.md\/ro\/shop\/dupa-destinatie\/atasamente\/caus-ceriale\/#primaryimage","url":"https:\/\/www.elit-tehnica.md\/wp-content\/uploads\/2020\/09\/caus-ceriale.png","contentUrl":"https:\/\/www.elit-tehnica.md\/wp-content\/uploads\/2020\/09\/caus-ceriale.png","width":570,"height":369,"caption":"atasamente incaracatoare telescopice"},{"@type":"WebPage","@id":"https:\/\/www.elit-tehnica.md\/ro\/shop\/dupa-destinatie\/atasamente\/caus-ceriale\/#webpage","url":"https:\/\/www.elit-tehnica.md\/ro\/shop\/dupa-destinatie\/atasamente\/caus-ceriale\/","name":"C\u0103u\u0219 pentru cereale - Elit Tehnica","isPartOf":{"@id":"https:\/\/www.elit-tehnica.md\/#website"},"primaryImageOfPage":{"@id":"https:\/\/www.elit-tehnica.md\/ro\/shop\/dupa-destinatie\/atasamente\/caus-ceriale\/#primaryimage"},"datePublished":"2020-11-17T10:24:04+00:00","dateModified":"2021-05-06T12:14:56+00:00","breadcrumb":{"@id":"https:\/\/www.elit-tehnica.md\/ro\/shop\/dupa-destinatie\/atasamente\/caus-ceriale\/#breadcrumb"},"inLanguage":"ro-RO","potentialAction":[{"@type":"ReadAction","target":["https:\/\/www.elit-tehnica.md\/ro\/shop\/dupa-destinatie\/atasamente\/caus-ceriale\/"]}]},{"@type":"BreadcrumbList","@id":"https:\/\/www.elit-tehnica.md\/ro\/shop\/dupa-destinatie\/atasamente\/caus-ceriale\/#breadcrumb","itemListElement":[{"@type":"ListItem","position":1,"name":"\u0413\u043b\u0430\u0432\u043d\u0430\u044f \u0441\u0442\u0440\u0430\u043d\u0438\u0446\u0430","item":"https:\/\/www.elit-tehnica.md\/ro\/"},{"@type":"ListItem","position":2,"name":"Shop","item":"https:\/\/www.elit-tehnica.md\/shop\/"},{"@type":"ListItem","position":3,"name":"C\u0103u\u0219 pentru cereale"}]}]}},"_links":{"self":[{"href":"https:\/\/www.elit-tehnica.md\/ro\/wp-json\/wp\/v2\/product\/1288"}],"collection":[{"href":"https:\/\/www.elit-tehnica.md\/ro\/wp-json\/wp\/v2\/product"}],"about":[{"href":"https:\/\/www.elit-tehnica.md\/ro\/wp-json\/wp\/v2\/types\/product"}],"wp:featuredmedia":[{"embeddable":true,"href":"https:\/\/www.elit-tehnica.md\/ro\/wp-json\/wp\/v2\/media\/1102"}],"wp:attachment":[{"href":"https:\/\/www.elit-tehnica.md\/ro\/wp-json\/wp\/v2\/media?parent=1288"}],"wp:term":[{"taxonomy":"product_cat","embeddable":true,"href":"https:\/\/www.elit-tehnica.md\/ro\/wp-json\/wp\/v2\/product_cat?post=1288"},{"taxonomy":"product_tag","embeddable":true,"href":"https:\/\/www.elit-tehnica.md\/ro\/wp-json\/wp\/v2\/product_tag?post=1288"}],"curies":[{"name":"wp","href":"https:\/\/api.w.org\/{rel}","templated":true}]}}