{"id":1289,"date":"2020-07-17T09:28:21","date_gmt":"2020-11-17T10:48:26","guid":{"rendered":"https:\/\/elite.iongutu.com\/product\/pulverizator-autopropulsat-alpha-evo\/"},"modified":"2020-11-17T10:48:29","modified_gmt":"2020-11-17T10:48:29","slug":"pulverizator-autopropulsat-alfa-evo","status":"publish","type":"product","link":"https:\/\/www.elit-tehnica.md\/ro\/shop\/dupa-destinatie\/stropitori\/pulverizator-autopropulsat-alfa-evo\/","title":{"rendered":"Pulverizator autopropulsat ALPHA evo"},"content":{"rendered":"<p>O operare mai lung\u0103 zi \u0219i noapte la viteze mai mari de pulverizare necesit\u0103 un confort sporit \u0219i u\u0219urin\u021b\u0103 \u00een utilizare.<\/p>\n<p>Avantajul ALPHA evo este echilibrul perfect \u00eentre partea din fa\u021b\u0103 \u0219i cea din spate a ma\u0219inii, precum \u0219i greutatea total\u0103 redus\u0103 a ma\u0219inii, care ofer\u0103 pulverizatorului posibilit\u0103\u021bi mari \u00een diferite condi\u021bii de teren. \u00cen plus, spa\u021biul liber al ma\u0219inii de 120 p\u00e2n\u0103 la 165 cm permite prelucrarea at\u00e2t a culturilor mici, c\u00e2t \u0219i a celor \u00eenalte, cum ar fi porumbul \u0219i floarea-soarelui.<\/p>\n<table class=\"tg\">\n<tbody>\n<tr>\n<th class=\"specheadfirst\"><span>Rezervor, l<\/span><\/th>\n<th class=\"spechead\">3500<\/th>\n<th class=\"spechead\">4100<\/th>\n<th class=\"spechead\">5100<\/th>\n<\/tr>\n<tr>\n<td class=\"specfirst\"><span>Pompe, tip &#8211; l \/ min<\/span><\/td>\n<td class=\"specwhite\">464\/10: 280(540) &#8211; 464\/12: 334 (540)<\/td>\n<td class=\"specgrey\"><span>464\/10: 280(540) &#8211; 464\/12: 334 (540)<\/span><\/td>\n<td class=\"specwhite\">464\/10: 280 (540) &#8211; 464\/12: 334 (540)<\/td>\n<\/tr>\n<tr>\n<td class=\"specfirst\"><span>S\u0103ge\u021bi<\/span><\/td>\n<td class=\"specwhite\"><span>ALU, TWIN FORCE<\/span><\/td>\n<td class=\"specgrey\"><span>ALU, TWIN FORCE<\/span><\/td>\n<td class=\"specwhite\"><span>ALU, TWIN FORCE<\/span><\/td>\n<\/tr>\n<tr>\n<td class=\"specfirst\"><span>Motor Deitz 6 cilindri. 217 l.s. \/ 160 kW (Etapa IV \/ Nivelul 4f \/ Nivelul 3a) \u00een func\u021bie de reglement\u0103rile din \u021bar\u0103<\/span><\/td>\n<td class=\"specwhite\"><span>Baza<\/span><\/td>\n<td class=\"specgrey\"><span>Baza<\/span><\/td>\n<td class=\"specwhite\">\u2013<\/td>\n<\/tr>\n<tr>\n<td class=\"specfirst\"><span>Motor Deitz 6 cilindri. 245 l.s. \/ 180 kW (etapa IV \/ nivelul 4f) \u00een func\u021bie de reglement\u0103rile \u021b\u0103rii<\/span><\/td>\n<td class=\"specwhite\"><span>Op\u021bional<\/span><\/td>\n<td class=\"specgrey\"><span>Op\u021bional<\/span><\/td>\n<td class=\"specwhite\"><span>Baza<\/span><\/td>\n<\/tr>\n<tr>\n<td class=\"specfirst\"><span>Cutie de viteze hidrostatic\u0103 cu 4 ro\u021bi (29 sau 40 km \/ h)<\/span><\/td>\n<td class=\"specwhite\"><span>Baza EcoDrive<\/span><\/td>\n<td class=\"specgrey\"><span>Baza EcoDrive<\/span><\/td>\n<td class=\"specwhite\"><span>Baza EcoDrive<\/span><\/td>\n<\/tr>\n<tr>\n<td class=\"specfirst\"><span>Arc suspensie<\/span><\/td>\n<td class=\"specwhite\"><span>Baza<\/span><\/td>\n<td class=\"specgrey\"><span>Baza<\/span><\/td>\n<td class=\"specwhite\"><span>\u2013<\/span><\/td>\n<\/tr>\n<tr>\n<td class=\"specfirst\"><span>Suspensia pneumatic\u0103 FloatRide<\/span><\/td>\n<td class=\"specwhite\"><span>Op\u021bional<\/span><\/td>\n<td class=\"specgrey\"><span>Op\u021bional<\/span><\/td>\n<td class=\"specwhite\"><span>Baza<\/span><\/td>\n<\/tr>\n<tr>\n<td class=\"specfirst\"><span>Direc\u021bie<\/span><\/td>\n<td class=\"specwhite\"><span>Direc\u021bie cu 4 ro\u021bi<\/span><\/td>\n<td class=\"specgrey\"><span>Direc\u021bie cu 4 ro\u021bi<\/span><\/td>\n<td class=\"specwhite\"><span>Direc\u021bie cu 4 ro\u021bi<\/span><\/td>\n<\/tr>\n<tr>\n<td class=\"specfirst\"><span>Reglare mecanic\u0103 a c\u0103ii, cm<\/span><\/td>\n<td class=\"specwhite\"><span>Baza, 40 cm, gama de diapozitive<\/span><\/td>\n<td class=\"specgrey\"><span>Baza, 40 cm, gama de diapozitive<\/span><\/td>\n<td class=\"specwhite\"><span>Baza, 40 cm, gama de diapozitive<\/span><\/td>\n<\/tr>\n<tr>\n<td class=\"specfirst\"><span>Reglare hidraulic\u0103 a benzii de rulare (HTA) &#8211; Electronic 1,80 &#8211; 2,80 m (numai FloatRide)<\/span><\/td>\n<td class=\"specwhite\"><span>Op\u021bional<\/span><\/td>\n<td class=\"specgrey\"><span>Op\u021bional<\/span><\/td>\n<td class=\"specwhite\"><span>Op\u021bional<\/span><\/td>\n<\/tr>\n<tr>\n<td class=\"specfirst\"><span>Raza de virare 200 cm. L\u0103\u021bimea c\u0103ii (mijlocul \u0219asiului), cm<\/span><\/td>\n<td class=\"specwhite\">462<\/td>\n<td class=\"specgrey\"><span>462<\/span><\/td>\n<td class=\"specwhite\">530<\/td>\n<\/tr>\n<tr>\n<td class=\"specfirst\"><span>Greutate (utilaj de baz\u0103, gol) *, kg<\/span><\/td>\n<td class=\"specwhite\">9.450<\/td>\n<td class=\"specgrey\">9.470<\/td>\n<td class=\"specwhite\">11.600<\/td>\n<\/tr>\n<tr>\n<td class=\"specfirst\"><span>Greutate, puntea fa\u021b\u0103, baza vehiculului \u00een transport (gol) *, kg<\/span><\/td>\n<td class=\"specwhite\">5.490<\/td>\n<td class=\"specgrey\"><span>5.490<\/span><\/td>\n<td class=\"specwhite\">6.900<\/td>\n<\/tr>\n<tr>\n<td class=\"specfirst\"><span>Greutate, puntea spate, vehicul de baz\u0103 \u00een transport (gol) *, kg<\/span><\/td>\n<td class=\"specwhite\">3.960<\/td>\n<td class=\"specgrey\">3.980<\/td>\n<td class=\"specwhite\">4.700<\/td>\n<\/tr>\n<tr>\n<td class=\"specfirst\"><span>Lungime total\u0103 *, m<\/span><\/td>\n<td class=\"specwhite\">9.5<\/td>\n<td class=\"specgrey\"><span>9.5<\/span><\/td>\n<td class=\"specwhite\">10.23<\/td>\n<\/tr>\n<tr>\n<td class=\"specfirst\"><span>In\u0103l\u021bime total\u0103 *; cm<\/span><\/td>\n<td class=\"specwhite\">390<\/td>\n<td class=\"specgrey\"><span>390<\/span><\/td>\n<td class=\"specwhite\"><span>390<\/span><\/td>\n<\/tr>\n<tr>\n<td class=\"specfirst\"><span>L\u0103\u021bime cu bra\u021b ALU (24-44 m), m<\/span><\/td>\n<td class=\"specwhite\">2.55<\/td>\n<td class=\"specgrey\"><span>2.55<\/span><\/td>\n<td class=\"specwhite\"><span>2.55<\/span><\/td>\n<\/tr>\n<tr>\n<td class=\"specfirst\"><span>L\u0103\u021bimea cu TWIN FORCE (de la 24 la 30 m), m<\/span><\/td>\n<td class=\"specwhite\">3.00<\/td>\n<td class=\"specgrey\"><span>3.00<\/span><\/td>\n<td class=\"specwhite\"><span>3.00<\/span><\/td>\n<\/tr>\n<tr>\n<td class=\"specfirst\"><span>L\u0103\u021bimea cu TWIN FORCE (de la 32 la 36 m), m<\/span><\/td>\n<td class=\"specwhite\">3.34<\/td>\n<td class=\"specgrey\"><span>3.34<\/span><\/td>\n<td class=\"specwhite\"><span>3.34<\/span><\/td>\n<\/tr>\n<tr>\n<td class=\"specfirst\"><span>L\u0103\u021bimea \u0219inei axului glisant manual ** (380\/90 R46), cm<\/span><\/td>\n<td class=\"specwhite\">182 &#8211; 329<\/td>\n<td class=\"specgrey\"><span>182 &#8211; 329<\/span><\/td>\n<td class=\"specwhite\"><span>182 &#8211; 329<\/span><\/td>\n<\/tr>\n<tr>\n<td class=\"specfirst\"><span>L\u0103\u021bimea c\u0103ii osiei HTA ** (380\/90 R46), cm<\/span><\/td>\n<td class=\"specwhite\"><span>de la 180-280<\/span><\/td>\n<td class=\"specgrey\"><span>de la 180-280<\/span><\/td>\n<td class=\"specwhite\"><span>de la 180-280<\/span><\/td>\n<\/tr>\n<tr>\n<td class=\"specfirst\"><span>Ampatament, cm<\/span><\/td>\n<td class=\"specwhite\">370<\/td>\n<td class=\"specgrey\"><span>370<\/span><\/td>\n<td class=\"specwhite\">430<\/td>\n<\/tr>\n<tr>\n<td class=\"specfirst\"><span>Clearance-ul (380\/90 R46), cm<\/span><\/td>\n<td class=\"specwhite\">120<\/td>\n<td class=\"specgrey\"><span>120<\/span><\/td>\n<td class=\"specwhite\">125<\/td>\n<\/tr>\n<tr>\n<td class=\"specfirst\"><span>RinseTank, l<\/span><\/td>\n<td class=\"specwhite\">410<\/td>\n<td class=\"specgrey\"><span>410<\/span><\/td>\n<td class=\"specwhite\">600<\/td>\n<\/tr>\n<tr>\n<td class=\"specfirst\"><span>Rezervor de combustibil, l<\/span><\/td>\n<td class=\"specwhite\">320<\/td>\n<td class=\"specgrey\"><span>320<\/span><\/td>\n<td class=\"specwhite\">400<\/td>\n<\/tr>\n<tr>\n<td class=\"specfirst\"><span>Capacitate de umplere a apei, l \/ min<\/span><\/td>\n<td class=\"specwhite\">800<\/td>\n<td class=\"specgrey\"><span>800<\/span><\/td>\n<td class=\"specwhite\"><span>800<\/span><\/td>\n<\/tr>\n<tr>\n<td class=\"specfirst\"><span>Capacitate de umplere TurboFiller, l \/ min<\/span><\/td>\n<td class=\"specwhite\"><span>120<\/span><\/td>\n<td class=\"specgrey\"><span>120<\/span><\/td>\n<td class=\"specwhite\"><span>120<\/span><\/td>\n<\/tr>\n<\/tbody>\n<\/table>\n","protected":false},"excerpt":{"rendered":"<p>O operare mai lung\u0103 zi \u0219i noapte la viteze mai mari de pulverizare necesit\u0103 un confort sporit \u0219i u\u0219urin\u021b\u0103 \u00een utilizare. Avantajul ALPHA evo este echilibrul perfect \u00eentre partea din fa\u021b\u0103 \u0219i cea din spate a ma\u0219inii, precum \u0219i greutatea total\u0103 redus\u0103 a ma\u0219inii, care ofer\u0103 pulverizatorului posibilit\u0103\u021bi mari \u00een diferite condi\u021bii de teren. \u00cen [&#8230;]\n","protected":false},"featured_media":1072,"template":"","meta":[],"product_cat":[114,128,119,136],"product_tag":[],"yoast_head":"<!-- This site is optimized with the Yoast SEO plugin v18.7 - https:\/\/yoast.com\/wordpress\/plugins\/seo\/ -->\n<title>Pulverizator autopropulsat ALPHA evo - Elit Tehnica<\/title>\n<meta name=\"robots\" content=\"index, follow, max-snippet:-1, max-image-preview:large, max-video-preview:-1\" \/>\n<link rel=\"canonical\" href=\"https:\/\/www.elit-tehnica.md\/ro\/shop\/dupa-destinatie\/stropitori\/pulverizator-autopropulsat-alfa-evo\/\" \/>\n<meta property=\"og:locale\" content=\"ro_RO\" \/>\n<meta property=\"og:type\" content=\"article\" \/>\n<meta property=\"og:title\" content=\"Pulverizator autopropulsat ALPHA evo - Elit Tehnica\" \/>\n<meta property=\"og:description\" content=\"O operare mai lung\u0103 zi \u0219i noapte la viteze mai mari de pulverizare necesit\u0103 un confort sporit \u0219i u\u0219urin\u021b\u0103 \u00een utilizare. Avantajul ALPHA evo este echilibrul perfect \u00eentre partea din fa\u021b\u0103 \u0219i cea din spate a ma\u0219inii, precum \u0219i greutatea total\u0103 redus\u0103 a ma\u0219inii, care ofer\u0103 pulverizatorului posibilit\u0103\u021bi mari \u00een diferite condi\u021bii de teren. \u00cen [...]\" \/>\n<meta property=\"og:url\" content=\"https:\/\/www.elit-tehnica.md\/ro\/shop\/dupa-destinatie\/stropitori\/pulverizator-autopropulsat-alfa-evo\/\" \/>\n<meta property=\"og:site_name\" content=\"Elit Tehnica\" \/>\n<meta property=\"article:modified_time\" content=\"2020-11-17T10:48:29+00:00\" \/>\n<meta property=\"og:image\" content=\"https:\/\/www.elit-tehnica.md\/wp-content\/uploads\/2020\/07\/\u043e\u043f\u0440\u044b\u0441\u043a\u0438\u0432\u0430\u0442\u0435\u043b\u0438.jpg\" \/>\n\t<meta property=\"og:image:width\" content=\"708\" \/>\n\t<meta property=\"og:image:height\" content=\"400\" \/>\n\t<meta property=\"og:image:type\" content=\"image\/jpeg\" \/>\n<meta name=\"twitter:card\" content=\"summary_large_image\" \/>\n<meta name=\"twitter:label1\" content=\"Timp estimat pentru citire\" \/>\n\t<meta name=\"twitter:data1\" content=\"2 minute\" \/>\n<script type=\"application\/ld+json\" class=\"yoast-schema-graph\">{\"@context\":\"https:\/\/schema.org\",\"@graph\":[{\"@type\":\"Organization\",\"@id\":\"https:\/\/www.elit-tehnica.md\/#organization\",\"name\":\"Elite Tehnica - Distribuitor oficial \u00een Moldova JCB\",\"url\":\"https:\/\/www.elit-tehnica.md\/\",\"sameAs\":[],\"logo\":{\"@type\":\"ImageObject\",\"inLanguage\":\"ro-RO\",\"@id\":\"https:\/\/www.elit-tehnica.md\/#\/schema\/logo\/image\/\",\"url\":\"https:\/\/www.elit-tehnica.md\/wp-content\/uploads\/2020\/06\/\u0411\u0435\u0437-\u0438.png\",\"contentUrl\":\"https:\/\/www.elit-tehnica.md\/wp-content\/uploads\/2020\/06\/\u0411\u0435\u0437-\u0438.png\",\"width\":1600,\"height\":1600,\"caption\":\"Elite Tehnica - Distribuitor oficial \u00een Moldova JCB\"},\"image\":{\"@id\":\"https:\/\/www.elit-tehnica.md\/#\/schema\/logo\/image\/\"}},{\"@type\":\"WebSite\",\"@id\":\"https:\/\/www.elit-tehnica.md\/#website\",\"url\":\"https:\/\/www.elit-tehnica.md\/\",\"name\":\"Elit Tehnica\",\"description\":\"Cu noi e\u0219ti mereu cu un pas \u00eenainte!\",\"publisher\":{\"@id\":\"https:\/\/www.elit-tehnica.md\/#organization\"},\"potentialAction\":[{\"@type\":\"SearchAction\",\"target\":{\"@type\":\"EntryPoint\",\"urlTemplate\":\"https:\/\/www.elit-tehnica.md\/?s={search_term_string}\"},\"query-input\":\"required name=search_term_string\"}],\"inLanguage\":\"ro-RO\"},{\"@type\":\"ImageObject\",\"inLanguage\":\"ro-RO\",\"@id\":\"https:\/\/www.elit-tehnica.md\/ro\/shop\/dupa-destinatie\/stropitori\/pulverizator-autopropulsat-alfa-evo\/#primaryimage\",\"url\":\"https:\/\/www.elit-tehnica.md\/wp-content\/uploads\/2020\/07\/\u043e\u043f\u0440\u044b\u0441\u043a\u0438\u0432\u0430\u0442\u0435\u043b\u0438.jpg\",\"contentUrl\":\"https:\/\/www.elit-tehnica.md\/wp-content\/uploads\/2020\/07\/\u043e\u043f\u0440\u044b\u0441\u043a\u0438\u0432\u0430\u0442\u0435\u043b\u0438.jpg\",\"width\":708,\"height\":400,\"caption\":\"# Pulverizatoare autopropulsate\"},{\"@type\":\"WebPage\",\"@id\":\"https:\/\/www.elit-tehnica.md\/ro\/shop\/dupa-destinatie\/stropitori\/pulverizator-autopropulsat-alfa-evo\/#webpage\",\"url\":\"https:\/\/www.elit-tehnica.md\/ro\/shop\/dupa-destinatie\/stropitori\/pulverizator-autopropulsat-alfa-evo\/\",\"name\":\"Pulverizator autopropulsat ALPHA evo - Elit Tehnica\",\"isPartOf\":{\"@id\":\"https:\/\/www.elit-tehnica.md\/#website\"},\"primaryImageOfPage\":{\"@id\":\"https:\/\/www.elit-tehnica.md\/ro\/shop\/dupa-destinatie\/stropitori\/pulverizator-autopropulsat-alfa-evo\/#primaryimage\"},\"datePublished\":\"2020-11-17T10:48:26+00:00\",\"dateModified\":\"2020-11-17T10:48:29+00:00\",\"breadcrumb\":{\"@id\":\"https:\/\/www.elit-tehnica.md\/ro\/shop\/dupa-destinatie\/stropitori\/pulverizator-autopropulsat-alfa-evo\/#breadcrumb\"},\"inLanguage\":\"ro-RO\",\"potentialAction\":[{\"@type\":\"ReadAction\",\"target\":[\"https:\/\/www.elit-tehnica.md\/ro\/shop\/dupa-destinatie\/stropitori\/pulverizator-autopropulsat-alfa-evo\/\"]}]},{\"@type\":\"BreadcrumbList\",\"@id\":\"https:\/\/www.elit-tehnica.md\/ro\/shop\/dupa-destinatie\/stropitori\/pulverizator-autopropulsat-alfa-evo\/#breadcrumb\",\"itemListElement\":[{\"@type\":\"ListItem\",\"position\":1,\"name\":\"\u0413\u043b\u0430\u0432\u043d\u0430\u044f \u0441\u0442\u0440\u0430\u043d\u0438\u0446\u0430\",\"item\":\"https:\/\/www.elit-tehnica.md\/ro\/\"},{\"@type\":\"ListItem\",\"position\":2,\"name\":\"Shop\",\"item\":\"https:\/\/www.elit-tehnica.md\/shop\/\"},{\"@type\":\"ListItem\",\"position\":3,\"name\":\"Pulverizator autopropulsat ALPHA evo\"}]}]}<\/script>\n<!-- \/ Yoast SEO plugin. -->","yoast_head_json":{"title":"Pulverizator autopropulsat ALPHA evo - Elit Tehnica","robots":{"index":"index","follow":"follow","max-snippet":"max-snippet:-1","max-image-preview":"max-image-preview:large","max-video-preview":"max-video-preview:-1"},"canonical":"https:\/\/www.elit-tehnica.md\/ro\/shop\/dupa-destinatie\/stropitori\/pulverizator-autopropulsat-alfa-evo\/","og_locale":"ro_RO","og_type":"article","og_title":"Pulverizator autopropulsat ALPHA evo - Elit Tehnica","og_description":"O operare mai lung\u0103 zi \u0219i noapte la viteze mai mari de pulverizare necesit\u0103 un confort sporit \u0219i u\u0219urin\u021b\u0103 \u00een utilizare. Avantajul ALPHA evo este echilibrul perfect \u00eentre partea din fa\u021b\u0103 \u0219i cea din spate a ma\u0219inii, precum \u0219i greutatea total\u0103 redus\u0103 a ma\u0219inii, care ofer\u0103 pulverizatorului posibilit\u0103\u021bi mari \u00een diferite condi\u021bii de teren. \u00cen [...]","og_url":"https:\/\/www.elit-tehnica.md\/ro\/shop\/dupa-destinatie\/stropitori\/pulverizator-autopropulsat-alfa-evo\/","og_site_name":"Elit Tehnica","article_modified_time":"2020-11-17T10:48:29+00:00","og_image":[{"width":708,"height":400,"url":"https:\/\/www.elit-tehnica.md\/wp-content\/uploads\/2020\/07\/\u043e\u043f\u0440\u044b\u0441\u043a\u0438\u0432\u0430\u0442\u0435\u043b\u0438.jpg","type":"image\/jpeg"}],"twitter_card":"summary_large_image","twitter_misc":{"Timp estimat pentru citire":"2 minute"},"schema":{"@context":"https:\/\/schema.org","@graph":[{"@type":"Organization","@id":"https:\/\/www.elit-tehnica.md\/#organization","name":"Elite Tehnica - Distribuitor oficial \u00een Moldova JCB","url":"https:\/\/www.elit-tehnica.md\/","sameAs":[],"logo":{"@type":"ImageObject","inLanguage":"ro-RO","@id":"https:\/\/www.elit-tehnica.md\/#\/schema\/logo\/image\/","url":"https:\/\/www.elit-tehnica.md\/wp-content\/uploads\/2020\/06\/\u0411\u0435\u0437-\u0438.png","contentUrl":"https:\/\/www.elit-tehnica.md\/wp-content\/uploads\/2020\/06\/\u0411\u0435\u0437-\u0438.png","width":1600,"height":1600,"caption":"Elite Tehnica - Distribuitor oficial \u00een Moldova JCB"},"image":{"@id":"https:\/\/www.elit-tehnica.md\/#\/schema\/logo\/image\/"}},{"@type":"WebSite","@id":"https:\/\/www.elit-tehnica.md\/#website","url":"https:\/\/www.elit-tehnica.md\/","name":"Elit Tehnica","description":"Cu noi e\u0219ti mereu cu un pas \u00eenainte!","publisher":{"@id":"https:\/\/www.elit-tehnica.md\/#organization"},"potentialAction":[{"@type":"SearchAction","target":{"@type":"EntryPoint","urlTemplate":"https:\/\/www.elit-tehnica.md\/?s={search_term_string}"},"query-input":"required name=search_term_string"}],"inLanguage":"ro-RO"},{"@type":"ImageObject","inLanguage":"ro-RO","@id":"https:\/\/www.elit-tehnica.md\/ro\/shop\/dupa-destinatie\/stropitori\/pulverizator-autopropulsat-alfa-evo\/#primaryimage","url":"https:\/\/www.elit-tehnica.md\/wp-content\/uploads\/2020\/07\/\u043e\u043f\u0440\u044b\u0441\u043a\u0438\u0432\u0430\u0442\u0435\u043b\u0438.jpg","contentUrl":"https:\/\/www.elit-tehnica.md\/wp-content\/uploads\/2020\/07\/\u043e\u043f\u0440\u044b\u0441\u043a\u0438\u0432\u0430\u0442\u0435\u043b\u0438.jpg","width":708,"height":400,"caption":"# Pulverizatoare autopropulsate"},{"@type":"WebPage","@id":"https:\/\/www.elit-tehnica.md\/ro\/shop\/dupa-destinatie\/stropitori\/pulverizator-autopropulsat-alfa-evo\/#webpage","url":"https:\/\/www.elit-tehnica.md\/ro\/shop\/dupa-destinatie\/stropitori\/pulverizator-autopropulsat-alfa-evo\/","name":"Pulverizator autopropulsat ALPHA evo - Elit Tehnica","isPartOf":{"@id":"https:\/\/www.elit-tehnica.md\/#website"},"primaryImageOfPage":{"@id":"https:\/\/www.elit-tehnica.md\/ro\/shop\/dupa-destinatie\/stropitori\/pulverizator-autopropulsat-alfa-evo\/#primaryimage"},"datePublished":"2020-11-17T10:48:26+00:00","dateModified":"2020-11-17T10:48:29+00:00","breadcrumb":{"@id":"https:\/\/www.elit-tehnica.md\/ro\/shop\/dupa-destinatie\/stropitori\/pulverizator-autopropulsat-alfa-evo\/#breadcrumb"},"inLanguage":"ro-RO","potentialAction":[{"@type":"ReadAction","target":["https:\/\/www.elit-tehnica.md\/ro\/shop\/dupa-destinatie\/stropitori\/pulverizator-autopropulsat-alfa-evo\/"]}]},{"@type":"BreadcrumbList","@id":"https:\/\/www.elit-tehnica.md\/ro\/shop\/dupa-destinatie\/stropitori\/pulverizator-autopropulsat-alfa-evo\/#breadcrumb","itemListElement":[{"@type":"ListItem","position":1,"name":"\u0413\u043b\u0430\u0432\u043d\u0430\u044f \u0441\u0442\u0440\u0430\u043d\u0438\u0446\u0430","item":"https:\/\/www.elit-tehnica.md\/ro\/"},{"@type":"ListItem","position":2,"name":"Shop","item":"https:\/\/www.elit-tehnica.md\/shop\/"},{"@type":"ListItem","position":3,"name":"Pulverizator autopropulsat ALPHA evo"}]}]}},"_links":{"self":[{"href":"https:\/\/www.elit-tehnica.md\/ro\/wp-json\/wp\/v2\/product\/1289"}],"collection":[{"href":"https:\/\/www.elit-tehnica.md\/ro\/wp-json\/wp\/v2\/product"}],"about":[{"href":"https:\/\/www.elit-tehnica.md\/ro\/wp-json\/wp\/v2\/types\/product"}],"wp:featuredmedia":[{"embeddable":true,"href":"https:\/\/www.elit-tehnica.md\/ro\/wp-json\/wp\/v2\/media\/1072"}],"wp:attachment":[{"href":"https:\/\/www.elit-tehnica.md\/ro\/wp-json\/wp\/v2\/media?parent=1289"}],"wp:term":[{"taxonomy":"product_cat","embeddable":true,"href":"https:\/\/www.elit-tehnica.md\/ro\/wp-json\/wp\/v2\/product_cat?post=1289"},{"taxonomy":"product_tag","embeddable":true,"href":"https:\/\/www.elit-tehnica.md\/ro\/wp-json\/wp\/v2\/product_tag?post=1289"}],"curies":[{"name":"wp","href":"https:\/\/api.w.org\/{rel}","templated":true}]}}