{"id":1298,"date":"2020-06-29T12:01:42","date_gmt":"2020-11-17T15:02:20","guid":{"rendered":"https:\/\/elite.iongutu.com\/product\/trimble-ez-pilot-pro\/"},"modified":"2020-11-17T15:02:20","modified_gmt":"2020-11-17T15:02:20","slug":"trimble-ez-pilot-pro","status":"publish","type":"product","link":"https:\/\/www.elit-tehnica.md\/ro\/shop\/dupa-destinatie\/sisteme-de-conducere-paralela\/trimble-ez-pilot-pro\/","title":{"rendered":"Trimble Ez-Pilot Pro"},"content":{"rendered":"<p><b><\/b><strong><b>EZ-Pilot<\/b><\/strong>\u2013 sistem de direc\u021bie asistat\u0103 care ofer\u0103 o conducere de \u00eenalt\u0103 precizie la un pre\u021b accesibil. Un motor electric compact rote\u0219te volanul pentru a men\u021bine vehiculul \u00een linie.<\/p>\n<p>Controlerul de administrare EZ-Pilot, care utilizeaz\u0103 date de naviga\u021bie GPS de la indicatorul de direc\u021bie CFX-750 sau GFX-750, precum \u0219i date de la giroscop \u0219i accelerometre pe trei axe, rote\u0219te automat volanul folosind un motor electric \u00een direc\u021bia dorit\u0103.<\/p>\n<p>Sistemul de direc\u021bie automat\u0103 EZ-Pilot Pro asigur\u0103 direc\u021bia precis\u0103 a tractoarelor MFWD \u0219i 4WD \u0219i combina. Un avantaj suplimentar al sistemului EZ-Pilot Pro este abilitatea de a direc\u021biona ma\u0219ina la mersul \u00eenapoi, permi\u021b\u00e2ndu-v\u0103 s\u0103 intra\u021bi cu precizie pe banda urm\u0103toare (nu mai mult de 15 secunde). Ad\u0103ugarea acestei caracteristici v\u0103 permite s\u0103 utiliza\u021bi instrumente suplimentare \u0219i s\u0103 profita\u021bi din plin de solu\u021biile dvs. agricole de precizie.<\/p>\n","protected":false},"excerpt":{"rendered":"<p>EZ-Pilot\u2013 sistem de direc\u021bie asistat\u0103 care ofer\u0103 o conducere de \u00eenalt\u0103 precizie la un pre\u021b accesibil. Un motor electric compact rote\u0219te volanul pentru a men\u021bine vehiculul \u00een linie. Controlerul de administrare EZ-Pilot, care utilizeaz\u0103 date de naviga\u021bie GPS de la indicatorul de direc\u021bie CFX-750 sau GFX-750, precum \u0219i date de la giroscop \u0219i accelerometre pe [&#8230;]\n","protected":false},"featured_media":1034,"template":"","meta":[],"product_cat":[128,144],"product_tag":[],"yoast_head":"<!-- This site is optimized with the Yoast SEO plugin v18.7 - https:\/\/yoast.com\/wordpress\/plugins\/seo\/ -->\n<title>Trimble Ez-Pilot Pro - Elit Tehnica<\/title>\n<meta name=\"robots\" content=\"index, follow, max-snippet:-1, max-image-preview:large, max-video-preview:-1\" \/>\n<link rel=\"canonical\" href=\"https:\/\/www.elit-tehnica.md\/ro\/shop\/dupa-destinatie\/sisteme-de-conducere-paralela\/trimble-ez-pilot-pro\/\" \/>\n<meta property=\"og:locale\" content=\"ro_RO\" \/>\n<meta property=\"og:type\" content=\"article\" \/>\n<meta property=\"og:title\" content=\"Trimble Ez-Pilot Pro - Elit Tehnica\" \/>\n<meta property=\"og:description\" content=\"EZ-Pilot\u2013 sistem de direc\u021bie asistat\u0103 care ofer\u0103 o conducere de \u00eenalt\u0103 precizie la un pre\u021b accesibil. Un motor electric compact rote\u0219te volanul pentru a men\u021bine vehiculul \u00een linie. Controlerul de administrare EZ-Pilot, care utilizeaz\u0103 date de naviga\u021bie GPS de la indicatorul de direc\u021bie CFX-750 sau GFX-750, precum \u0219i date de la giroscop \u0219i accelerometre pe [...]\" \/>\n<meta property=\"og:url\" content=\"https:\/\/www.elit-tehnica.md\/ro\/shop\/dupa-destinatie\/sisteme-de-conducere-paralela\/trimble-ez-pilot-pro\/\" \/>\n<meta property=\"og:site_name\" content=\"Elit Tehnica\" \/>\n<meta property=\"og:image\" content=\"https:\/\/www.elit-tehnica.md\/wp-content\/uploads\/2020\/06\/\u0421\u0418\u0421\u0422\u0415\u041c\u0410-\u0410\u0412\u0422\u041e\u041c\u0410\u0422\u0418\u0427\u0415\u0421\u041a\u041e\u0413\u041e-\u0423\u041f\u0420\u0410\u0412\u041b\u0415\u041d\u0418\u042f.png\" \/>\n\t<meta property=\"og:image:width\" content=\"1214\" \/>\n\t<meta property=\"og:image:height\" content=\"615\" \/>\n\t<meta property=\"og:image:type\" content=\"image\/png\" \/>\n<meta name=\"twitter:card\" content=\"summary_large_image\" \/>\n<meta name=\"twitter:label1\" content=\"Timp estimat pentru citire\" \/>\n\t<meta name=\"twitter:data1\" content=\"1 minut\" \/>\n<script type=\"application\/ld+json\" class=\"yoast-schema-graph\">{\"@context\":\"https:\/\/schema.org\",\"@graph\":[{\"@type\":\"Organization\",\"@id\":\"https:\/\/www.elit-tehnica.md\/#organization\",\"name\":\"Elite Tehnica - Distribuitor oficial \u00een Moldova JCB\",\"url\":\"https:\/\/www.elit-tehnica.md\/\",\"sameAs\":[],\"logo\":{\"@type\":\"ImageObject\",\"inLanguage\":\"ro-RO\",\"@id\":\"https:\/\/www.elit-tehnica.md\/#\/schema\/logo\/image\/\",\"url\":\"https:\/\/www.elit-tehnica.md\/wp-content\/uploads\/2020\/06\/\u0411\u0435\u0437-\u0438.png\",\"contentUrl\":\"https:\/\/www.elit-tehnica.md\/wp-content\/uploads\/2020\/06\/\u0411\u0435\u0437-\u0438.png\",\"width\":1600,\"height\":1600,\"caption\":\"Elite Tehnica - Distribuitor oficial \u00een Moldova JCB\"},\"image\":{\"@id\":\"https:\/\/www.elit-tehnica.md\/#\/schema\/logo\/image\/\"}},{\"@type\":\"WebSite\",\"@id\":\"https:\/\/www.elit-tehnica.md\/#website\",\"url\":\"https:\/\/www.elit-tehnica.md\/\",\"name\":\"Elit Tehnica\",\"description\":\"Cu noi e\u0219ti mereu cu un pas \u00eenainte!\",\"publisher\":{\"@id\":\"https:\/\/www.elit-tehnica.md\/#organization\"},\"potentialAction\":[{\"@type\":\"SearchAction\",\"target\":{\"@type\":\"EntryPoint\",\"urlTemplate\":\"https:\/\/www.elit-tehnica.md\/?s={search_term_string}\"},\"query-input\":\"required name=search_term_string\"}],\"inLanguage\":\"ro-RO\"},{\"@type\":\"ImageObject\",\"inLanguage\":\"ro-RO\",\"@id\":\"https:\/\/www.elit-tehnica.md\/ro\/shop\/dupa-destinatie\/sisteme-de-conducere-paralela\/trimble-ez-pilot-pro\/#primaryimage\",\"url\":\"https:\/\/www.elit-tehnica.md\/wp-content\/uploads\/2020\/06\/\u0421\u0418\u0421\u0422\u0415\u041c\u0410-\u0410\u0412\u0422\u041e\u041c\u0410\u0422\u0418\u0427\u0415\u0421\u041a\u041e\u0413\u041e-\u0423\u041f\u0420\u0410\u0412\u041b\u0415\u041d\u0418\u042f.png\",\"contentUrl\":\"https:\/\/www.elit-tehnica.md\/wp-content\/uploads\/2020\/06\/\u0421\u0418\u0421\u0422\u0415\u041c\u0410-\u0410\u0412\u0422\u041e\u041c\u0410\u0422\u0418\u0427\u0415\u0421\u041a\u041e\u0413\u041e-\u0423\u041f\u0420\u0410\u0412\u041b\u0415\u041d\u0418\u042f.png\",\"width\":1214,\"height\":615},{\"@type\":\"WebPage\",\"@id\":\"https:\/\/www.elit-tehnica.md\/ro\/shop\/dupa-destinatie\/sisteme-de-conducere-paralela\/trimble-ez-pilot-pro\/#webpage\",\"url\":\"https:\/\/www.elit-tehnica.md\/ro\/shop\/dupa-destinatie\/sisteme-de-conducere-paralela\/trimble-ez-pilot-pro\/\",\"name\":\"Trimble Ez-Pilot Pro - Elit Tehnica\",\"isPartOf\":{\"@id\":\"https:\/\/www.elit-tehnica.md\/#website\"},\"primaryImageOfPage\":{\"@id\":\"https:\/\/www.elit-tehnica.md\/ro\/shop\/dupa-destinatie\/sisteme-de-conducere-paralela\/trimble-ez-pilot-pro\/#primaryimage\"},\"datePublished\":\"2020-11-17T15:02:20+00:00\",\"dateModified\":\"2020-11-17T15:02:20+00:00\",\"breadcrumb\":{\"@id\":\"https:\/\/www.elit-tehnica.md\/ro\/shop\/dupa-destinatie\/sisteme-de-conducere-paralela\/trimble-ez-pilot-pro\/#breadcrumb\"},\"inLanguage\":\"ro-RO\",\"potentialAction\":[{\"@type\":\"ReadAction\",\"target\":[\"https:\/\/www.elit-tehnica.md\/ro\/shop\/dupa-destinatie\/sisteme-de-conducere-paralela\/trimble-ez-pilot-pro\/\"]}]},{\"@type\":\"BreadcrumbList\",\"@id\":\"https:\/\/www.elit-tehnica.md\/ro\/shop\/dupa-destinatie\/sisteme-de-conducere-paralela\/trimble-ez-pilot-pro\/#breadcrumb\",\"itemListElement\":[{\"@type\":\"ListItem\",\"position\":1,\"name\":\"\u0413\u043b\u0430\u0432\u043d\u0430\u044f \u0441\u0442\u0440\u0430\u043d\u0438\u0446\u0430\",\"item\":\"https:\/\/www.elit-tehnica.md\/ro\/\"},{\"@type\":\"ListItem\",\"position\":2,\"name\":\"Shop\",\"item\":\"https:\/\/www.elit-tehnica.md\/shop\/\"},{\"@type\":\"ListItem\",\"position\":3,\"name\":\"Trimble Ez-Pilot Pro\"}]}]}<\/script>\n<!-- \/ Yoast SEO plugin. -->","yoast_head_json":{"title":"Trimble Ez-Pilot Pro - Elit Tehnica","robots":{"index":"index","follow":"follow","max-snippet":"max-snippet:-1","max-image-preview":"max-image-preview:large","max-video-preview":"max-video-preview:-1"},"canonical":"https:\/\/www.elit-tehnica.md\/ro\/shop\/dupa-destinatie\/sisteme-de-conducere-paralela\/trimble-ez-pilot-pro\/","og_locale":"ro_RO","og_type":"article","og_title":"Trimble Ez-Pilot Pro - Elit Tehnica","og_description":"EZ-Pilot\u2013 sistem de direc\u021bie asistat\u0103 care ofer\u0103 o conducere de \u00eenalt\u0103 precizie la un pre\u021b accesibil. Un motor electric compact rote\u0219te volanul pentru a men\u021bine vehiculul \u00een linie. Controlerul de administrare EZ-Pilot, care utilizeaz\u0103 date de naviga\u021bie GPS de la indicatorul de direc\u021bie CFX-750 sau GFX-750, precum \u0219i date de la giroscop \u0219i accelerometre pe [...]","og_url":"https:\/\/www.elit-tehnica.md\/ro\/shop\/dupa-destinatie\/sisteme-de-conducere-paralela\/trimble-ez-pilot-pro\/","og_site_name":"Elit Tehnica","og_image":[{"width":1214,"height":615,"url":"https:\/\/www.elit-tehnica.md\/wp-content\/uploads\/2020\/06\/\u0421\u0418\u0421\u0422\u0415\u041c\u0410-\u0410\u0412\u0422\u041e\u041c\u0410\u0422\u0418\u0427\u0415\u0421\u041a\u041e\u0413\u041e-\u0423\u041f\u0420\u0410\u0412\u041b\u0415\u041d\u0418\u042f.png","type":"image\/png"}],"twitter_card":"summary_large_image","twitter_misc":{"Timp estimat pentru citire":"1 minut"},"schema":{"@context":"https:\/\/schema.org","@graph":[{"@type":"Organization","@id":"https:\/\/www.elit-tehnica.md\/#organization","name":"Elite Tehnica - Distribuitor oficial \u00een Moldova JCB","url":"https:\/\/www.elit-tehnica.md\/","sameAs":[],"logo":{"@type":"ImageObject","inLanguage":"ro-RO","@id":"https:\/\/www.elit-tehnica.md\/#\/schema\/logo\/image\/","url":"https:\/\/www.elit-tehnica.md\/wp-content\/uploads\/2020\/06\/\u0411\u0435\u0437-\u0438.png","contentUrl":"https:\/\/www.elit-tehnica.md\/wp-content\/uploads\/2020\/06\/\u0411\u0435\u0437-\u0438.png","width":1600,"height":1600,"caption":"Elite Tehnica - Distribuitor oficial \u00een Moldova JCB"},"image":{"@id":"https:\/\/www.elit-tehnica.md\/#\/schema\/logo\/image\/"}},{"@type":"WebSite","@id":"https:\/\/www.elit-tehnica.md\/#website","url":"https:\/\/www.elit-tehnica.md\/","name":"Elit Tehnica","description":"Cu noi e\u0219ti mereu cu un pas \u00eenainte!","publisher":{"@id":"https:\/\/www.elit-tehnica.md\/#organization"},"potentialAction":[{"@type":"SearchAction","target":{"@type":"EntryPoint","urlTemplate":"https:\/\/www.elit-tehnica.md\/?s={search_term_string}"},"query-input":"required name=search_term_string"}],"inLanguage":"ro-RO"},{"@type":"ImageObject","inLanguage":"ro-RO","@id":"https:\/\/www.elit-tehnica.md\/ro\/shop\/dupa-destinatie\/sisteme-de-conducere-paralela\/trimble-ez-pilot-pro\/#primaryimage","url":"https:\/\/www.elit-tehnica.md\/wp-content\/uploads\/2020\/06\/\u0421\u0418\u0421\u0422\u0415\u041c\u0410-\u0410\u0412\u0422\u041e\u041c\u0410\u0422\u0418\u0427\u0415\u0421\u041a\u041e\u0413\u041e-\u0423\u041f\u0420\u0410\u0412\u041b\u0415\u041d\u0418\u042f.png","contentUrl":"https:\/\/www.elit-tehnica.md\/wp-content\/uploads\/2020\/06\/\u0421\u0418\u0421\u0422\u0415\u041c\u0410-\u0410\u0412\u0422\u041e\u041c\u0410\u0422\u0418\u0427\u0415\u0421\u041a\u041e\u0413\u041e-\u0423\u041f\u0420\u0410\u0412\u041b\u0415\u041d\u0418\u042f.png","width":1214,"height":615},{"@type":"WebPage","@id":"https:\/\/www.elit-tehnica.md\/ro\/shop\/dupa-destinatie\/sisteme-de-conducere-paralela\/trimble-ez-pilot-pro\/#webpage","url":"https:\/\/www.elit-tehnica.md\/ro\/shop\/dupa-destinatie\/sisteme-de-conducere-paralela\/trimble-ez-pilot-pro\/","name":"Trimble Ez-Pilot Pro - Elit Tehnica","isPartOf":{"@id":"https:\/\/www.elit-tehnica.md\/#website"},"primaryImageOfPage":{"@id":"https:\/\/www.elit-tehnica.md\/ro\/shop\/dupa-destinatie\/sisteme-de-conducere-paralela\/trimble-ez-pilot-pro\/#primaryimage"},"datePublished":"2020-11-17T15:02:20+00:00","dateModified":"2020-11-17T15:02:20+00:00","breadcrumb":{"@id":"https:\/\/www.elit-tehnica.md\/ro\/shop\/dupa-destinatie\/sisteme-de-conducere-paralela\/trimble-ez-pilot-pro\/#breadcrumb"},"inLanguage":"ro-RO","potentialAction":[{"@type":"ReadAction","target":["https:\/\/www.elit-tehnica.md\/ro\/shop\/dupa-destinatie\/sisteme-de-conducere-paralela\/trimble-ez-pilot-pro\/"]}]},{"@type":"BreadcrumbList","@id":"https:\/\/www.elit-tehnica.md\/ro\/shop\/dupa-destinatie\/sisteme-de-conducere-paralela\/trimble-ez-pilot-pro\/#breadcrumb","itemListElement":[{"@type":"ListItem","position":1,"name":"\u0413\u043b\u0430\u0432\u043d\u0430\u044f \u0441\u0442\u0440\u0430\u043d\u0438\u0446\u0430","item":"https:\/\/www.elit-tehnica.md\/ro\/"},{"@type":"ListItem","position":2,"name":"Shop","item":"https:\/\/www.elit-tehnica.md\/shop\/"},{"@type":"ListItem","position":3,"name":"Trimble Ez-Pilot Pro"}]}]}},"_links":{"self":[{"href":"https:\/\/www.elit-tehnica.md\/ro\/wp-json\/wp\/v2\/product\/1298"}],"collection":[{"href":"https:\/\/www.elit-tehnica.md\/ro\/wp-json\/wp\/v2\/product"}],"about":[{"href":"https:\/\/www.elit-tehnica.md\/ro\/wp-json\/wp\/v2\/types\/product"}],"wp:featuredmedia":[{"embeddable":true,"href":"https:\/\/www.elit-tehnica.md\/ro\/wp-json\/wp\/v2\/media\/1034"}],"wp:attachment":[{"href":"https:\/\/www.elit-tehnica.md\/ro\/wp-json\/wp\/v2\/media?parent=1298"}],"wp:term":[{"taxonomy":"product_cat","embeddable":true,"href":"https:\/\/www.elit-tehnica.md\/ro\/wp-json\/wp\/v2\/product_cat?post=1298"},{"taxonomy":"product_tag","embeddable":true,"href":"https:\/\/www.elit-tehnica.md\/ro\/wp-json\/wp\/v2\/product_tag?post=1298"}],"curies":[{"name":"wp","href":"https:\/\/api.w.org\/{rel}","templated":true}]}}