{"id":1303,"date":"2020-06-22T08:45:53","date_gmt":"2020-11-19T09:03:54","guid":{"rendered":"https:\/\/elite.iongutu.com\/product\/lama-de-zapada-pentru-ssl\/"},"modified":"2020-11-19T09:03:54","modified_gmt":"2020-11-19T09:03:54","slug":"lama-de-zapada-pentru-ssl-205","status":"publish","type":"product","link":"https:\/\/www.elit-tehnica.md\/ro\/shop\/dupa-destinatie\/atasamente\/lama-de-zapada-pentru-ssl-205\/","title":{"rendered":"Lam\u0103 de z\u0103pad\u0103 pentru SSL"},"content":{"rendered":"<p>O lam\u0103 pentru cur\u0103\u021barea z\u0103pezii pe un mini\u00eenc\u0103rc\u0103tor va ajuta la \u00eendep\u0103rtarea z\u0103pezii, precum \u0219i la cur\u0103\u021barea diferitelor soluri \u0219i materiale, pentru lucr\u0103ri de planificare \u0219i construc\u021bie, pentru construirea digurilor, lucr\u0103ri preg\u0103titoare.<\/p>\n<p>Acest ata\u0219ament const\u0103 dintr-un corp principal (cadru) \u0219i o lam\u0103 (lopat\u0103). \u00cenlocuirea marginii nu d\u0103uneaz\u0103 suprafe\u021bei drumului, deoarece este fabricat\u0103 din cauciuc armat.<\/p>\n","protected":false},"excerpt":{"rendered":"<p>L\u0103\u021bime &#8211; 2112 mm<br \/>\n\u00cen\u0103l\u021bime &#8211; 729 mm<br \/>\nAd\u00e2ncime &#8211; 1023 mm<br \/>\nMasa &#8211; 349 kg<br \/>\nUnghiul de rota\u021bie &#8211; 27 \u00b0<\/p>\n","protected":false},"featured_media":1026,"template":"","meta":[],"product_cat":[134,128],"product_tag":[],"yoast_head":"<!-- This site is optimized with the Yoast SEO plugin v18.7 - https:\/\/yoast.com\/wordpress\/plugins\/seo\/ -->\n<title>Lam\u0103 de z\u0103pad\u0103 pentru SSL - Elit Tehnica<\/title>\n<meta name=\"robots\" content=\"index, follow, max-snippet:-1, max-image-preview:large, max-video-preview:-1\" \/>\n<link rel=\"canonical\" href=\"https:\/\/www.elit-tehnica.md\/ro\/shop\/dupa-destinatie\/atasamente\/lama-de-zapada-pentru-ssl-205\/\" \/>\n<meta property=\"og:locale\" content=\"ro_RO\" \/>\n<meta property=\"og:type\" content=\"article\" \/>\n<meta property=\"og:title\" content=\"Lam\u0103 de z\u0103pad\u0103 pentru SSL - Elit Tehnica\" \/>\n<meta property=\"og:description\" content=\"L\u0103\u021bime - 2112 mm \u00cen\u0103l\u021bime - 729 mm Ad\u00e2ncime - 1023 mm Masa - 349 kg Unghiul de rota\u021bie - 27 \u00b0\" \/>\n<meta property=\"og:url\" content=\"https:\/\/www.elit-tehnica.md\/ro\/shop\/dupa-destinatie\/atasamente\/lama-de-zapada-pentru-ssl-205\/\" \/>\n<meta property=\"og:site_name\" content=\"Elit Tehnica\" \/>\n<meta property=\"og:image\" content=\"https:\/\/www.elit-tehnica.md\/wp-content\/uploads\/2020\/06\/\u041e\u0442\u0432\u0430\u043b-\u0434\u043b\u044f-\u0441\u043d\u0435\u0433\u0430-1.png\" \/>\n\t<meta property=\"og:image:width\" content=\"1280\" \/>\n\t<meta property=\"og:image:height\" content=\"853\" \/>\n\t<meta property=\"og:image:type\" content=\"image\/png\" \/>\n<meta name=\"twitter:card\" content=\"summary_large_image\" \/>\n<script type=\"application\/ld+json\" class=\"yoast-schema-graph\">{\"@context\":\"https:\/\/schema.org\",\"@graph\":[{\"@type\":\"Organization\",\"@id\":\"https:\/\/www.elit-tehnica.md\/#organization\",\"name\":\"Elite Tehnica - Distribuitor oficial \u00een Moldova JCB\",\"url\":\"https:\/\/www.elit-tehnica.md\/\",\"sameAs\":[],\"logo\":{\"@type\":\"ImageObject\",\"inLanguage\":\"ro-RO\",\"@id\":\"https:\/\/www.elit-tehnica.md\/#\/schema\/logo\/image\/\",\"url\":\"https:\/\/www.elit-tehnica.md\/wp-content\/uploads\/2020\/06\/\u0411\u0435\u0437-\u0438.png\",\"contentUrl\":\"https:\/\/www.elit-tehnica.md\/wp-content\/uploads\/2020\/06\/\u0411\u0435\u0437-\u0438.png\",\"width\":1600,\"height\":1600,\"caption\":\"Elite Tehnica - Distribuitor oficial \u00een Moldova JCB\"},\"image\":{\"@id\":\"https:\/\/www.elit-tehnica.md\/#\/schema\/logo\/image\/\"}},{\"@type\":\"WebSite\",\"@id\":\"https:\/\/www.elit-tehnica.md\/#website\",\"url\":\"https:\/\/www.elit-tehnica.md\/\",\"name\":\"Elit Tehnica\",\"description\":\"Cu noi e\u0219ti mereu cu un pas \u00eenainte!\",\"publisher\":{\"@id\":\"https:\/\/www.elit-tehnica.md\/#organization\"},\"potentialAction\":[{\"@type\":\"SearchAction\",\"target\":{\"@type\":\"EntryPoint\",\"urlTemplate\":\"https:\/\/www.elit-tehnica.md\/?s={search_term_string}\"},\"query-input\":\"required name=search_term_string\"}],\"inLanguage\":\"ro-RO\"},{\"@type\":\"ImageObject\",\"inLanguage\":\"ro-RO\",\"@id\":\"https:\/\/www.elit-tehnica.md\/ro\/shop\/dupa-destinatie\/atasamente\/lama-de-zapada-pentru-ssl-205\/#primaryimage\",\"url\":\"https:\/\/www.elit-tehnica.md\/wp-content\/uploads\/2020\/06\/\u041e\u0442\u0432\u0430\u043b-\u0434\u043b\u044f-\u0441\u043d\u0435\u0433\u0430-1.png\",\"contentUrl\":\"https:\/\/www.elit-tehnica.md\/wp-content\/uploads\/2020\/06\/\u041e\u0442\u0432\u0430\u043b-\u0434\u043b\u044f-\u0441\u043d\u0435\u0433\u0430-1.png\",\"width\":1280,\"height\":853,\"caption\":\"# Lama pentru z\u0103pad\u0103 pentru SSL 205\"},{\"@type\":\"WebPage\",\"@id\":\"https:\/\/www.elit-tehnica.md\/ro\/shop\/dupa-destinatie\/atasamente\/lama-de-zapada-pentru-ssl-205\/#webpage\",\"url\":\"https:\/\/www.elit-tehnica.md\/ro\/shop\/dupa-destinatie\/atasamente\/lama-de-zapada-pentru-ssl-205\/\",\"name\":\"Lam\u0103 de z\u0103pad\u0103 pentru SSL - Elit Tehnica\",\"isPartOf\":{\"@id\":\"https:\/\/www.elit-tehnica.md\/#website\"},\"primaryImageOfPage\":{\"@id\":\"https:\/\/www.elit-tehnica.md\/ro\/shop\/dupa-destinatie\/atasamente\/lama-de-zapada-pentru-ssl-205\/#primaryimage\"},\"datePublished\":\"2020-11-19T09:03:54+00:00\",\"dateModified\":\"2020-11-19T09:03:54+00:00\",\"breadcrumb\":{\"@id\":\"https:\/\/www.elit-tehnica.md\/ro\/shop\/dupa-destinatie\/atasamente\/lama-de-zapada-pentru-ssl-205\/#breadcrumb\"},\"inLanguage\":\"ro-RO\",\"potentialAction\":[{\"@type\":\"ReadAction\",\"target\":[\"https:\/\/www.elit-tehnica.md\/ro\/shop\/dupa-destinatie\/atasamente\/lama-de-zapada-pentru-ssl-205\/\"]}]},{\"@type\":\"BreadcrumbList\",\"@id\":\"https:\/\/www.elit-tehnica.md\/ro\/shop\/dupa-destinatie\/atasamente\/lama-de-zapada-pentru-ssl-205\/#breadcrumb\",\"itemListElement\":[{\"@type\":\"ListItem\",\"position\":1,\"name\":\"\u0413\u043b\u0430\u0432\u043d\u0430\u044f \u0441\u0442\u0440\u0430\u043d\u0438\u0446\u0430\",\"item\":\"https:\/\/www.elit-tehnica.md\/ro\/\"},{\"@type\":\"ListItem\",\"position\":2,\"name\":\"Shop\",\"item\":\"https:\/\/www.elit-tehnica.md\/shop\/\"},{\"@type\":\"ListItem\",\"position\":3,\"name\":\"Lam\u0103 de z\u0103pad\u0103 pentru SSL\"}]}]}<\/script>\n<!-- \/ Yoast SEO plugin. -->","yoast_head_json":{"title":"Lam\u0103 de z\u0103pad\u0103 pentru SSL - Elit Tehnica","robots":{"index":"index","follow":"follow","max-snippet":"max-snippet:-1","max-image-preview":"max-image-preview:large","max-video-preview":"max-video-preview:-1"},"canonical":"https:\/\/www.elit-tehnica.md\/ro\/shop\/dupa-destinatie\/atasamente\/lama-de-zapada-pentru-ssl-205\/","og_locale":"ro_RO","og_type":"article","og_title":"Lam\u0103 de z\u0103pad\u0103 pentru SSL - Elit Tehnica","og_description":"L\u0103\u021bime - 2112 mm \u00cen\u0103l\u021bime - 729 mm Ad\u00e2ncime - 1023 mm Masa - 349 kg Unghiul de rota\u021bie - 27 \u00b0","og_url":"https:\/\/www.elit-tehnica.md\/ro\/shop\/dupa-destinatie\/atasamente\/lama-de-zapada-pentru-ssl-205\/","og_site_name":"Elit Tehnica","og_image":[{"width":1280,"height":853,"url":"https:\/\/www.elit-tehnica.md\/wp-content\/uploads\/2020\/06\/\u041e\u0442\u0432\u0430\u043b-\u0434\u043b\u044f-\u0441\u043d\u0435\u0433\u0430-1.png","type":"image\/png"}],"twitter_card":"summary_large_image","schema":{"@context":"https:\/\/schema.org","@graph":[{"@type":"Organization","@id":"https:\/\/www.elit-tehnica.md\/#organization","name":"Elite Tehnica - Distribuitor oficial \u00een Moldova JCB","url":"https:\/\/www.elit-tehnica.md\/","sameAs":[],"logo":{"@type":"ImageObject","inLanguage":"ro-RO","@id":"https:\/\/www.elit-tehnica.md\/#\/schema\/logo\/image\/","url":"https:\/\/www.elit-tehnica.md\/wp-content\/uploads\/2020\/06\/\u0411\u0435\u0437-\u0438.png","contentUrl":"https:\/\/www.elit-tehnica.md\/wp-content\/uploads\/2020\/06\/\u0411\u0435\u0437-\u0438.png","width":1600,"height":1600,"caption":"Elite Tehnica - Distribuitor oficial \u00een Moldova JCB"},"image":{"@id":"https:\/\/www.elit-tehnica.md\/#\/schema\/logo\/image\/"}},{"@type":"WebSite","@id":"https:\/\/www.elit-tehnica.md\/#website","url":"https:\/\/www.elit-tehnica.md\/","name":"Elit Tehnica","description":"Cu noi e\u0219ti mereu cu un pas \u00eenainte!","publisher":{"@id":"https:\/\/www.elit-tehnica.md\/#organization"},"potentialAction":[{"@type":"SearchAction","target":{"@type":"EntryPoint","urlTemplate":"https:\/\/www.elit-tehnica.md\/?s={search_term_string}"},"query-input":"required name=search_term_string"}],"inLanguage":"ro-RO"},{"@type":"ImageObject","inLanguage":"ro-RO","@id":"https:\/\/www.elit-tehnica.md\/ro\/shop\/dupa-destinatie\/atasamente\/lama-de-zapada-pentru-ssl-205\/#primaryimage","url":"https:\/\/www.elit-tehnica.md\/wp-content\/uploads\/2020\/06\/\u041e\u0442\u0432\u0430\u043b-\u0434\u043b\u044f-\u0441\u043d\u0435\u0433\u0430-1.png","contentUrl":"https:\/\/www.elit-tehnica.md\/wp-content\/uploads\/2020\/06\/\u041e\u0442\u0432\u0430\u043b-\u0434\u043b\u044f-\u0441\u043d\u0435\u0433\u0430-1.png","width":1280,"height":853,"caption":"# Lama pentru z\u0103pad\u0103 pentru SSL 205"},{"@type":"WebPage","@id":"https:\/\/www.elit-tehnica.md\/ro\/shop\/dupa-destinatie\/atasamente\/lama-de-zapada-pentru-ssl-205\/#webpage","url":"https:\/\/www.elit-tehnica.md\/ro\/shop\/dupa-destinatie\/atasamente\/lama-de-zapada-pentru-ssl-205\/","name":"Lam\u0103 de z\u0103pad\u0103 pentru SSL - Elit Tehnica","isPartOf":{"@id":"https:\/\/www.elit-tehnica.md\/#website"},"primaryImageOfPage":{"@id":"https:\/\/www.elit-tehnica.md\/ro\/shop\/dupa-destinatie\/atasamente\/lama-de-zapada-pentru-ssl-205\/#primaryimage"},"datePublished":"2020-11-19T09:03:54+00:00","dateModified":"2020-11-19T09:03:54+00:00","breadcrumb":{"@id":"https:\/\/www.elit-tehnica.md\/ro\/shop\/dupa-destinatie\/atasamente\/lama-de-zapada-pentru-ssl-205\/#breadcrumb"},"inLanguage":"ro-RO","potentialAction":[{"@type":"ReadAction","target":["https:\/\/www.elit-tehnica.md\/ro\/shop\/dupa-destinatie\/atasamente\/lama-de-zapada-pentru-ssl-205\/"]}]},{"@type":"BreadcrumbList","@id":"https:\/\/www.elit-tehnica.md\/ro\/shop\/dupa-destinatie\/atasamente\/lama-de-zapada-pentru-ssl-205\/#breadcrumb","itemListElement":[{"@type":"ListItem","position":1,"name":"\u0413\u043b\u0430\u0432\u043d\u0430\u044f \u0441\u0442\u0440\u0430\u043d\u0438\u0446\u0430","item":"https:\/\/www.elit-tehnica.md\/ro\/"},{"@type":"ListItem","position":2,"name":"Shop","item":"https:\/\/www.elit-tehnica.md\/shop\/"},{"@type":"ListItem","position":3,"name":"Lam\u0103 de z\u0103pad\u0103 pentru SSL"}]}]}},"_links":{"self":[{"href":"https:\/\/www.elit-tehnica.md\/ro\/wp-json\/wp\/v2\/product\/1303"}],"collection":[{"href":"https:\/\/www.elit-tehnica.md\/ro\/wp-json\/wp\/v2\/product"}],"about":[{"href":"https:\/\/www.elit-tehnica.md\/ro\/wp-json\/wp\/v2\/types\/product"}],"wp:featuredmedia":[{"embeddable":true,"href":"https:\/\/www.elit-tehnica.md\/ro\/wp-json\/wp\/v2\/media\/1026"}],"wp:attachment":[{"href":"https:\/\/www.elit-tehnica.md\/ro\/wp-json\/wp\/v2\/media?parent=1303"}],"wp:term":[{"taxonomy":"product_cat","embeddable":true,"href":"https:\/\/www.elit-tehnica.md\/ro\/wp-json\/wp\/v2\/product_cat?post=1303"},{"taxonomy":"product_tag","embeddable":true,"href":"https:\/\/www.elit-tehnica.md\/ro\/wp-json\/wp\/v2\/product_tag?post=1303"}],"curies":[{"name":"wp","href":"https:\/\/api.w.org\/{rel}","templated":true}]}}