{"id":1308,"date":"2020-06-19T14:23:13","date_gmt":"2020-11-19T10:21:54","guid":{"rendered":"https:\/\/elite.iongutu.com\/product\/bara-macara\/"},"modified":"2020-11-19T10:21:55","modified_gmt":"2020-11-19T10:21:55","slug":"bratul-macaralei","status":"publish","type":"product","link":"https:\/\/www.elit-tehnica.md\/ro\/shop\/dupa-destinatie\/atasamente\/bratul-macaralei\/","title":{"rendered":"Bara macara"},"content":{"rendered":"<p>Bra\u021bul pentru stivuitor este fabricat din o\u021bel de \u00eenalt\u0103 calitate pentru a asigura durabilitatea \u00een cele mai dure condi\u021bii de func\u021bionare. Instalarea \u0219i demontarea se efectueaz\u0103 cu promptitudine \u0219i rapiditate, fixarea fiabil\u0103 pe c\u0103rucior nu v\u0103 va face s\u0103 v\u0103 face\u021bi griji cu privire la siguran\u021ba m\u0103rfii transportate.<\/p>\n","protected":false},"excerpt":{"rendered":"<p>Lungime &#8211; 2,7 m<\/p>\n<p>Greutatea bra\u021bului &#8211; 209 kg<\/p>\n<p>Capacitate de transport &#8211; 2000 kg<\/p>\n<p>L\u0103\u021bime &#8211; 552 mm<\/p>\n<p>\u00cen\u0103l\u021bime &#8211; 449 mm<\/p>\n","protected":false},"featured_media":1018,"template":"","meta":[],"product_cat":[134,128],"product_tag":[],"yoast_head":"<!-- This site is optimized with the Yoast SEO plugin v18.7 - https:\/\/yoast.com\/wordpress\/plugins\/seo\/ -->\n<title>Bara macara - Elit Tehnica<\/title>\n<meta name=\"robots\" content=\"index, follow, max-snippet:-1, max-image-preview:large, max-video-preview:-1\" \/>\n<link rel=\"canonical\" href=\"https:\/\/www.elit-tehnica.md\/ro\/shop\/dupa-destinatie\/atasamente\/bratul-macaralei\/\" \/>\n<meta property=\"og:locale\" content=\"ro_RO\" \/>\n<meta property=\"og:type\" content=\"article\" \/>\n<meta property=\"og:title\" content=\"Bara macara - Elit Tehnica\" \/>\n<meta property=\"og:description\" content=\"Lungime - 2,7 m Greutatea bra\u021bului - 209 kg Capacitate de transport - 2000 kg L\u0103\u021bime - 552 mm \u00cen\u0103l\u021bime - 449 mm\" \/>\n<meta property=\"og:url\" content=\"https:\/\/www.elit-tehnica.md\/ro\/shop\/dupa-destinatie\/atasamente\/bratul-macaralei\/\" \/>\n<meta property=\"og:site_name\" content=\"Elit Tehnica\" \/>\n<meta property=\"article:modified_time\" content=\"2020-11-19T10:21:55+00:00\" \/>\n<meta property=\"og:image\" content=\"https:\/\/www.elit-tehnica.md\/wp-content\/uploads\/2020\/06\/\u0421\u0442\u0440\u0435\u043b\u0430-\u043a\u0440\u0430\u043d\u043e\u0432\u0430\u044f.png\" \/>\n\t<meta property=\"og:image:width\" content=\"670\" \/>\n\t<meta property=\"og:image:height\" content=\"447\" \/>\n\t<meta property=\"og:image:type\" content=\"image\/png\" \/>\n<meta name=\"twitter:card\" content=\"summary_large_image\" \/>\n<script type=\"application\/ld+json\" class=\"yoast-schema-graph\">{\"@context\":\"https:\/\/schema.org\",\"@graph\":[{\"@type\":\"Organization\",\"@id\":\"https:\/\/www.elit-tehnica.md\/#organization\",\"name\":\"Elite Tehnica - Distribuitor oficial \u00een Moldova JCB\",\"url\":\"https:\/\/www.elit-tehnica.md\/\",\"sameAs\":[],\"logo\":{\"@type\":\"ImageObject\",\"inLanguage\":\"ro-RO\",\"@id\":\"https:\/\/www.elit-tehnica.md\/#\/schema\/logo\/image\/\",\"url\":\"https:\/\/www.elit-tehnica.md\/wp-content\/uploads\/2020\/06\/\u0411\u0435\u0437-\u0438.png\",\"contentUrl\":\"https:\/\/www.elit-tehnica.md\/wp-content\/uploads\/2020\/06\/\u0411\u0435\u0437-\u0438.png\",\"width\":1600,\"height\":1600,\"caption\":\"Elite Tehnica - Distribuitor oficial \u00een Moldova JCB\"},\"image\":{\"@id\":\"https:\/\/www.elit-tehnica.md\/#\/schema\/logo\/image\/\"}},{\"@type\":\"WebSite\",\"@id\":\"https:\/\/www.elit-tehnica.md\/#website\",\"url\":\"https:\/\/www.elit-tehnica.md\/\",\"name\":\"Elit Tehnica\",\"description\":\"Cu noi e\u0219ti mereu cu un pas \u00eenainte!\",\"publisher\":{\"@id\":\"https:\/\/www.elit-tehnica.md\/#organization\"},\"potentialAction\":[{\"@type\":\"SearchAction\",\"target\":{\"@type\":\"EntryPoint\",\"urlTemplate\":\"https:\/\/www.elit-tehnica.md\/?s={search_term_string}\"},\"query-input\":\"required name=search_term_string\"}],\"inLanguage\":\"ro-RO\"},{\"@type\":\"ImageObject\",\"inLanguage\":\"ro-RO\",\"@id\":\"https:\/\/www.elit-tehnica.md\/ro\/shop\/dupa-destinatie\/atasamente\/bratul-macaralei\/#primaryimage\",\"url\":\"https:\/\/www.elit-tehnica.md\/wp-content\/uploads\/2020\/06\/\u0421\u0442\u0440\u0435\u043b\u0430-\u043a\u0440\u0430\u043d\u043e\u0432\u0430\u044f.png\",\"contentUrl\":\"https:\/\/www.elit-tehnica.md\/wp-content\/uploads\/2020\/06\/\u0421\u0442\u0440\u0435\u043b\u0430-\u043a\u0440\u0430\u043d\u043e\u0432\u0430\u044f.png\",\"width\":670,\"height\":447},{\"@type\":\"WebPage\",\"@id\":\"https:\/\/www.elit-tehnica.md\/ro\/shop\/dupa-destinatie\/atasamente\/bratul-macaralei\/#webpage\",\"url\":\"https:\/\/www.elit-tehnica.md\/ro\/shop\/dupa-destinatie\/atasamente\/bratul-macaralei\/\",\"name\":\"Bara macara - Elit Tehnica\",\"isPartOf\":{\"@id\":\"https:\/\/www.elit-tehnica.md\/#website\"},\"primaryImageOfPage\":{\"@id\":\"https:\/\/www.elit-tehnica.md\/ro\/shop\/dupa-destinatie\/atasamente\/bratul-macaralei\/#primaryimage\"},\"datePublished\":\"2020-11-19T10:21:54+00:00\",\"dateModified\":\"2020-11-19T10:21:55+00:00\",\"breadcrumb\":{\"@id\":\"https:\/\/www.elit-tehnica.md\/ro\/shop\/dupa-destinatie\/atasamente\/bratul-macaralei\/#breadcrumb\"},\"inLanguage\":\"ro-RO\",\"potentialAction\":[{\"@type\":\"ReadAction\",\"target\":[\"https:\/\/www.elit-tehnica.md\/ro\/shop\/dupa-destinatie\/atasamente\/bratul-macaralei\/\"]}]},{\"@type\":\"BreadcrumbList\",\"@id\":\"https:\/\/www.elit-tehnica.md\/ro\/shop\/dupa-destinatie\/atasamente\/bratul-macaralei\/#breadcrumb\",\"itemListElement\":[{\"@type\":\"ListItem\",\"position\":1,\"name\":\"\u0413\u043b\u0430\u0432\u043d\u0430\u044f \u0441\u0442\u0440\u0430\u043d\u0438\u0446\u0430\",\"item\":\"https:\/\/www.elit-tehnica.md\/ro\/\"},{\"@type\":\"ListItem\",\"position\":2,\"name\":\"Shop\",\"item\":\"https:\/\/www.elit-tehnica.md\/shop\/\"},{\"@type\":\"ListItem\",\"position\":3,\"name\":\"Bara macara\"}]}]}<\/script>\n<!-- \/ Yoast SEO plugin. -->","yoast_head_json":{"title":"Bara macara - Elit Tehnica","robots":{"index":"index","follow":"follow","max-snippet":"max-snippet:-1","max-image-preview":"max-image-preview:large","max-video-preview":"max-video-preview:-1"},"canonical":"https:\/\/www.elit-tehnica.md\/ro\/shop\/dupa-destinatie\/atasamente\/bratul-macaralei\/","og_locale":"ro_RO","og_type":"article","og_title":"Bara macara - Elit Tehnica","og_description":"Lungime - 2,7 m Greutatea bra\u021bului - 209 kg Capacitate de transport - 2000 kg L\u0103\u021bime - 552 mm \u00cen\u0103l\u021bime - 449 mm","og_url":"https:\/\/www.elit-tehnica.md\/ro\/shop\/dupa-destinatie\/atasamente\/bratul-macaralei\/","og_site_name":"Elit Tehnica","article_modified_time":"2020-11-19T10:21:55+00:00","og_image":[{"width":670,"height":447,"url":"https:\/\/www.elit-tehnica.md\/wp-content\/uploads\/2020\/06\/\u0421\u0442\u0440\u0435\u043b\u0430-\u043a\u0440\u0430\u043d\u043e\u0432\u0430\u044f.png","type":"image\/png"}],"twitter_card":"summary_large_image","schema":{"@context":"https:\/\/schema.org","@graph":[{"@type":"Organization","@id":"https:\/\/www.elit-tehnica.md\/#organization","name":"Elite Tehnica - Distribuitor oficial \u00een Moldova JCB","url":"https:\/\/www.elit-tehnica.md\/","sameAs":[],"logo":{"@type":"ImageObject","inLanguage":"ro-RO","@id":"https:\/\/www.elit-tehnica.md\/#\/schema\/logo\/image\/","url":"https:\/\/www.elit-tehnica.md\/wp-content\/uploads\/2020\/06\/\u0411\u0435\u0437-\u0438.png","contentUrl":"https:\/\/www.elit-tehnica.md\/wp-content\/uploads\/2020\/06\/\u0411\u0435\u0437-\u0438.png","width":1600,"height":1600,"caption":"Elite Tehnica - Distribuitor oficial \u00een Moldova JCB"},"image":{"@id":"https:\/\/www.elit-tehnica.md\/#\/schema\/logo\/image\/"}},{"@type":"WebSite","@id":"https:\/\/www.elit-tehnica.md\/#website","url":"https:\/\/www.elit-tehnica.md\/","name":"Elit Tehnica","description":"Cu noi e\u0219ti mereu cu un pas \u00eenainte!","publisher":{"@id":"https:\/\/www.elit-tehnica.md\/#organization"},"potentialAction":[{"@type":"SearchAction","target":{"@type":"EntryPoint","urlTemplate":"https:\/\/www.elit-tehnica.md\/?s={search_term_string}"},"query-input":"required name=search_term_string"}],"inLanguage":"ro-RO"},{"@type":"ImageObject","inLanguage":"ro-RO","@id":"https:\/\/www.elit-tehnica.md\/ro\/shop\/dupa-destinatie\/atasamente\/bratul-macaralei\/#primaryimage","url":"https:\/\/www.elit-tehnica.md\/wp-content\/uploads\/2020\/06\/\u0421\u0442\u0440\u0435\u043b\u0430-\u043a\u0440\u0430\u043d\u043e\u0432\u0430\u044f.png","contentUrl":"https:\/\/www.elit-tehnica.md\/wp-content\/uploads\/2020\/06\/\u0421\u0442\u0440\u0435\u043b\u0430-\u043a\u0440\u0430\u043d\u043e\u0432\u0430\u044f.png","width":670,"height":447},{"@type":"WebPage","@id":"https:\/\/www.elit-tehnica.md\/ro\/shop\/dupa-destinatie\/atasamente\/bratul-macaralei\/#webpage","url":"https:\/\/www.elit-tehnica.md\/ro\/shop\/dupa-destinatie\/atasamente\/bratul-macaralei\/","name":"Bara macara - Elit Tehnica","isPartOf":{"@id":"https:\/\/www.elit-tehnica.md\/#website"},"primaryImageOfPage":{"@id":"https:\/\/www.elit-tehnica.md\/ro\/shop\/dupa-destinatie\/atasamente\/bratul-macaralei\/#primaryimage"},"datePublished":"2020-11-19T10:21:54+00:00","dateModified":"2020-11-19T10:21:55+00:00","breadcrumb":{"@id":"https:\/\/www.elit-tehnica.md\/ro\/shop\/dupa-destinatie\/atasamente\/bratul-macaralei\/#breadcrumb"},"inLanguage":"ro-RO","potentialAction":[{"@type":"ReadAction","target":["https:\/\/www.elit-tehnica.md\/ro\/shop\/dupa-destinatie\/atasamente\/bratul-macaralei\/"]}]},{"@type":"BreadcrumbList","@id":"https:\/\/www.elit-tehnica.md\/ro\/shop\/dupa-destinatie\/atasamente\/bratul-macaralei\/#breadcrumb","itemListElement":[{"@type":"ListItem","position":1,"name":"\u0413\u043b\u0430\u0432\u043d\u0430\u044f \u0441\u0442\u0440\u0430\u043d\u0438\u0446\u0430","item":"https:\/\/www.elit-tehnica.md\/ro\/"},{"@type":"ListItem","position":2,"name":"Shop","item":"https:\/\/www.elit-tehnica.md\/shop\/"},{"@type":"ListItem","position":3,"name":"Bara macara"}]}]}},"_links":{"self":[{"href":"https:\/\/www.elit-tehnica.md\/ro\/wp-json\/wp\/v2\/product\/1308"}],"collection":[{"href":"https:\/\/www.elit-tehnica.md\/ro\/wp-json\/wp\/v2\/product"}],"about":[{"href":"https:\/\/www.elit-tehnica.md\/ro\/wp-json\/wp\/v2\/types\/product"}],"wp:featuredmedia":[{"embeddable":true,"href":"https:\/\/www.elit-tehnica.md\/ro\/wp-json\/wp\/v2\/media\/1018"}],"wp:attachment":[{"href":"https:\/\/www.elit-tehnica.md\/ro\/wp-json\/wp\/v2\/media?parent=1308"}],"wp:term":[{"taxonomy":"product_cat","embeddable":true,"href":"https:\/\/www.elit-tehnica.md\/ro\/wp-json\/wp\/v2\/product_cat?post=1308"},{"taxonomy":"product_tag","embeddable":true,"href":"https:\/\/www.elit-tehnica.md\/ro\/wp-json\/wp\/v2\/product_tag?post=1308"}],"curies":[{"name":"wp","href":"https:\/\/api.w.org\/{rel}","templated":true}]}}