{"id":1310,"date":"2020-06-19T14:21:47","date_gmt":"2020-11-20T14:23:25","guid":{"rendered":"https:\/\/elite.iongutu.com\/product\/caus-de-incarcat-saci-big-bag\/"},"modified":"2020-11-20T14:23:27","modified_gmt":"2020-11-20T14:23:27","slug":"caus-pentru-umplerea-sacilor-mari","status":"publish","type":"product","link":"https:\/\/www.elit-tehnica.md\/ro\/shop\/dupa-destinatie\/atasamente\/caus-pentru-umplerea-sacilor-mari\/","title":{"rendered":"C\u0103u\u0219 de \u00eenc\u0103rcat saci big bag"},"content":{"rendered":"<p>G\u0103leat\u0103 hidraulic\u0103 trapezoidal\u0103 special\u0103 pentru umplerea sacilor mari pentru stivuitoare telescopice JCB. Acest tip de ata\u0219ament este utilizat \u00een industria agricol\u0103, construc\u021bii \u0219i prelucrare. Cu ajutorul acestui echipament, pute\u021bi umple (\u00eenc\u0103rca) cu u\u0219urin\u021b\u0103 materialele vrac \u00een saci mari.<\/p>\n","protected":false},"excerpt":{"rendered":"<p>L\u0103\u021bime &#8211; 1815 mm<\/p>\n<p>\u00cen\u0103l\u021bime &#8211; 1843 mm<\/p>\n<p>Ad\u00e2ncime &#8211; 2240 mm<\/p>\n<p>Volum &#8211; 1m\u00b3<\/p>\n<p>Greutate &#8211; 824 kg<\/p>\n","protected":false},"featured_media":1016,"template":"","meta":[],"product_cat":[134],"product_tag":[],"yoast_head":"<!-- This site is optimized with the Yoast SEO plugin v18.7 - https:\/\/yoast.com\/wordpress\/plugins\/seo\/ -->\n<title>C\u0103u\u0219 de \u00eenc\u0103rcat saci big bag - Elit Tehnica<\/title>\n<meta name=\"robots\" content=\"index, follow, max-snippet:-1, max-image-preview:large, max-video-preview:-1\" \/>\n<link rel=\"canonical\" href=\"https:\/\/www.elit-tehnica.md\/ro\/shop\/dupa-destinatie\/atasamente\/caus-pentru-umplerea-sacilor-mari\/\" \/>\n<meta property=\"og:locale\" content=\"ro_RO\" \/>\n<meta property=\"og:type\" content=\"article\" \/>\n<meta property=\"og:title\" content=\"C\u0103u\u0219 de \u00eenc\u0103rcat saci big bag - Elit Tehnica\" \/>\n<meta property=\"og:description\" content=\"L\u0103\u021bime - 1815 mm \u00cen\u0103l\u021bime - 1843 mm Ad\u00e2ncime - 2240 mm Volum - 1m\u00b3 Greutate - 824 kg\" \/>\n<meta property=\"og:url\" content=\"https:\/\/www.elit-tehnica.md\/ro\/shop\/dupa-destinatie\/atasamente\/caus-pentru-umplerea-sacilor-mari\/\" \/>\n<meta property=\"og:site_name\" content=\"Elit Tehnica\" \/>\n<meta property=\"article:modified_time\" content=\"2020-11-20T14:23:27+00:00\" \/>\n<meta property=\"og:image\" content=\"https:\/\/www.elit-tehnica.md\/wp-content\/uploads\/2020\/06\/\u041a\u043e\u0432\u0448-\u0434\u043b\u044f-\u043d\u0430\u043f\u043e\u043b\u043d\u0435\u043d\u0438\u044f-\u0431\u0438\u0433-\u0431\u0435\u0433\u043e\u0432.png\" \/>\n\t<meta property=\"og:image:width\" content=\"1280\" \/>\n\t<meta property=\"og:image:height\" content=\"853\" \/>\n\t<meta property=\"og:image:type\" content=\"image\/png\" \/>\n<meta name=\"twitter:card\" content=\"summary_large_image\" \/>\n<script type=\"application\/ld+json\" class=\"yoast-schema-graph\">{\"@context\":\"https:\/\/schema.org\",\"@graph\":[{\"@type\":\"Organization\",\"@id\":\"https:\/\/www.elit-tehnica.md\/#organization\",\"name\":\"Elite Tehnica - Distribuitor oficial \u00een Moldova JCB\",\"url\":\"https:\/\/www.elit-tehnica.md\/\",\"sameAs\":[],\"logo\":{\"@type\":\"ImageObject\",\"inLanguage\":\"ro-RO\",\"@id\":\"https:\/\/www.elit-tehnica.md\/#\/schema\/logo\/image\/\",\"url\":\"https:\/\/www.elit-tehnica.md\/wp-content\/uploads\/2020\/06\/\u0411\u0435\u0437-\u0438.png\",\"contentUrl\":\"https:\/\/www.elit-tehnica.md\/wp-content\/uploads\/2020\/06\/\u0411\u0435\u0437-\u0438.png\",\"width\":1600,\"height\":1600,\"caption\":\"Elite Tehnica - Distribuitor oficial \u00een Moldova JCB\"},\"image\":{\"@id\":\"https:\/\/www.elit-tehnica.md\/#\/schema\/logo\/image\/\"}},{\"@type\":\"WebSite\",\"@id\":\"https:\/\/www.elit-tehnica.md\/#website\",\"url\":\"https:\/\/www.elit-tehnica.md\/\",\"name\":\"Elit Tehnica\",\"description\":\"Cu noi e\u0219ti mereu cu un pas \u00eenainte!\",\"publisher\":{\"@id\":\"https:\/\/www.elit-tehnica.md\/#organization\"},\"potentialAction\":[{\"@type\":\"SearchAction\",\"target\":{\"@type\":\"EntryPoint\",\"urlTemplate\":\"https:\/\/www.elit-tehnica.md\/?s={search_term_string}\"},\"query-input\":\"required name=search_term_string\"}],\"inLanguage\":\"ro-RO\"},{\"@type\":\"ImageObject\",\"inLanguage\":\"ro-RO\",\"@id\":\"https:\/\/www.elit-tehnica.md\/ro\/shop\/dupa-destinatie\/atasamente\/caus-pentru-umplerea-sacilor-mari\/#primaryimage\",\"url\":\"https:\/\/www.elit-tehnica.md\/wp-content\/uploads\/2020\/06\/\u041a\u043e\u0432\u0448-\u0434\u043b\u044f-\u043d\u0430\u043f\u043e\u043b\u043d\u0435\u043d\u0438\u044f-\u0431\u0438\u0433-\u0431\u0435\u0433\u043e\u0432.png\",\"contentUrl\":\"https:\/\/www.elit-tehnica.md\/wp-content\/uploads\/2020\/06\/\u041a\u043e\u0432\u0448-\u0434\u043b\u044f-\u043d\u0430\u043f\u043e\u043b\u043d\u0435\u043d\u0438\u044f-\u0431\u0438\u0433-\u0431\u0435\u0433\u043e\u0432.png\",\"width\":1280,\"height\":853},{\"@type\":\"WebPage\",\"@id\":\"https:\/\/www.elit-tehnica.md\/ro\/shop\/dupa-destinatie\/atasamente\/caus-pentru-umplerea-sacilor-mari\/#webpage\",\"url\":\"https:\/\/www.elit-tehnica.md\/ro\/shop\/dupa-destinatie\/atasamente\/caus-pentru-umplerea-sacilor-mari\/\",\"name\":\"C\u0103u\u0219 de \u00eenc\u0103rcat saci big bag - Elit Tehnica\",\"isPartOf\":{\"@id\":\"https:\/\/www.elit-tehnica.md\/#website\"},\"primaryImageOfPage\":{\"@id\":\"https:\/\/www.elit-tehnica.md\/ro\/shop\/dupa-destinatie\/atasamente\/caus-pentru-umplerea-sacilor-mari\/#primaryimage\"},\"datePublished\":\"2020-11-20T14:23:25+00:00\",\"dateModified\":\"2020-11-20T14:23:27+00:00\",\"breadcrumb\":{\"@id\":\"https:\/\/www.elit-tehnica.md\/ro\/shop\/dupa-destinatie\/atasamente\/caus-pentru-umplerea-sacilor-mari\/#breadcrumb\"},\"inLanguage\":\"ro-RO\",\"potentialAction\":[{\"@type\":\"ReadAction\",\"target\":[\"https:\/\/www.elit-tehnica.md\/ro\/shop\/dupa-destinatie\/atasamente\/caus-pentru-umplerea-sacilor-mari\/\"]}]},{\"@type\":\"BreadcrumbList\",\"@id\":\"https:\/\/www.elit-tehnica.md\/ro\/shop\/dupa-destinatie\/atasamente\/caus-pentru-umplerea-sacilor-mari\/#breadcrumb\",\"itemListElement\":[{\"@type\":\"ListItem\",\"position\":1,\"name\":\"\u0413\u043b\u0430\u0432\u043d\u0430\u044f \u0441\u0442\u0440\u0430\u043d\u0438\u0446\u0430\",\"item\":\"https:\/\/www.elit-tehnica.md\/ro\/\"},{\"@type\":\"ListItem\",\"position\":2,\"name\":\"Shop\",\"item\":\"https:\/\/www.elit-tehnica.md\/shop\/\"},{\"@type\":\"ListItem\",\"position\":3,\"name\":\"C\u0103u\u0219 de \u00eenc\u0103rcat saci big bag\"}]}]}<\/script>\n<!-- \/ Yoast SEO plugin. -->","yoast_head_json":{"title":"C\u0103u\u0219 de \u00eenc\u0103rcat saci big bag - Elit Tehnica","robots":{"index":"index","follow":"follow","max-snippet":"max-snippet:-1","max-image-preview":"max-image-preview:large","max-video-preview":"max-video-preview:-1"},"canonical":"https:\/\/www.elit-tehnica.md\/ro\/shop\/dupa-destinatie\/atasamente\/caus-pentru-umplerea-sacilor-mari\/","og_locale":"ro_RO","og_type":"article","og_title":"C\u0103u\u0219 de \u00eenc\u0103rcat saci big bag - Elit Tehnica","og_description":"L\u0103\u021bime - 1815 mm \u00cen\u0103l\u021bime - 1843 mm Ad\u00e2ncime - 2240 mm Volum - 1m\u00b3 Greutate - 824 kg","og_url":"https:\/\/www.elit-tehnica.md\/ro\/shop\/dupa-destinatie\/atasamente\/caus-pentru-umplerea-sacilor-mari\/","og_site_name":"Elit Tehnica","article_modified_time":"2020-11-20T14:23:27+00:00","og_image":[{"width":1280,"height":853,"url":"https:\/\/www.elit-tehnica.md\/wp-content\/uploads\/2020\/06\/\u041a\u043e\u0432\u0448-\u0434\u043b\u044f-\u043d\u0430\u043f\u043e\u043b\u043d\u0435\u043d\u0438\u044f-\u0431\u0438\u0433-\u0431\u0435\u0433\u043e\u0432.png","type":"image\/png"}],"twitter_card":"summary_large_image","schema":{"@context":"https:\/\/schema.org","@graph":[{"@type":"Organization","@id":"https:\/\/www.elit-tehnica.md\/#organization","name":"Elite Tehnica - Distribuitor oficial \u00een Moldova JCB","url":"https:\/\/www.elit-tehnica.md\/","sameAs":[],"logo":{"@type":"ImageObject","inLanguage":"ro-RO","@id":"https:\/\/www.elit-tehnica.md\/#\/schema\/logo\/image\/","url":"https:\/\/www.elit-tehnica.md\/wp-content\/uploads\/2020\/06\/\u0411\u0435\u0437-\u0438.png","contentUrl":"https:\/\/www.elit-tehnica.md\/wp-content\/uploads\/2020\/06\/\u0411\u0435\u0437-\u0438.png","width":1600,"height":1600,"caption":"Elite Tehnica - Distribuitor oficial \u00een Moldova JCB"},"image":{"@id":"https:\/\/www.elit-tehnica.md\/#\/schema\/logo\/image\/"}},{"@type":"WebSite","@id":"https:\/\/www.elit-tehnica.md\/#website","url":"https:\/\/www.elit-tehnica.md\/","name":"Elit Tehnica","description":"Cu noi e\u0219ti mereu cu un pas \u00eenainte!","publisher":{"@id":"https:\/\/www.elit-tehnica.md\/#organization"},"potentialAction":[{"@type":"SearchAction","target":{"@type":"EntryPoint","urlTemplate":"https:\/\/www.elit-tehnica.md\/?s={search_term_string}"},"query-input":"required name=search_term_string"}],"inLanguage":"ro-RO"},{"@type":"ImageObject","inLanguage":"ro-RO","@id":"https:\/\/www.elit-tehnica.md\/ro\/shop\/dupa-destinatie\/atasamente\/caus-pentru-umplerea-sacilor-mari\/#primaryimage","url":"https:\/\/www.elit-tehnica.md\/wp-content\/uploads\/2020\/06\/\u041a\u043e\u0432\u0448-\u0434\u043b\u044f-\u043d\u0430\u043f\u043e\u043b\u043d\u0435\u043d\u0438\u044f-\u0431\u0438\u0433-\u0431\u0435\u0433\u043e\u0432.png","contentUrl":"https:\/\/www.elit-tehnica.md\/wp-content\/uploads\/2020\/06\/\u041a\u043e\u0432\u0448-\u0434\u043b\u044f-\u043d\u0430\u043f\u043e\u043b\u043d\u0435\u043d\u0438\u044f-\u0431\u0438\u0433-\u0431\u0435\u0433\u043e\u0432.png","width":1280,"height":853},{"@type":"WebPage","@id":"https:\/\/www.elit-tehnica.md\/ro\/shop\/dupa-destinatie\/atasamente\/caus-pentru-umplerea-sacilor-mari\/#webpage","url":"https:\/\/www.elit-tehnica.md\/ro\/shop\/dupa-destinatie\/atasamente\/caus-pentru-umplerea-sacilor-mari\/","name":"C\u0103u\u0219 de \u00eenc\u0103rcat saci big bag - Elit Tehnica","isPartOf":{"@id":"https:\/\/www.elit-tehnica.md\/#website"},"primaryImageOfPage":{"@id":"https:\/\/www.elit-tehnica.md\/ro\/shop\/dupa-destinatie\/atasamente\/caus-pentru-umplerea-sacilor-mari\/#primaryimage"},"datePublished":"2020-11-20T14:23:25+00:00","dateModified":"2020-11-20T14:23:27+00:00","breadcrumb":{"@id":"https:\/\/www.elit-tehnica.md\/ro\/shop\/dupa-destinatie\/atasamente\/caus-pentru-umplerea-sacilor-mari\/#breadcrumb"},"inLanguage":"ro-RO","potentialAction":[{"@type":"ReadAction","target":["https:\/\/www.elit-tehnica.md\/ro\/shop\/dupa-destinatie\/atasamente\/caus-pentru-umplerea-sacilor-mari\/"]}]},{"@type":"BreadcrumbList","@id":"https:\/\/www.elit-tehnica.md\/ro\/shop\/dupa-destinatie\/atasamente\/caus-pentru-umplerea-sacilor-mari\/#breadcrumb","itemListElement":[{"@type":"ListItem","position":1,"name":"\u0413\u043b\u0430\u0432\u043d\u0430\u044f \u0441\u0442\u0440\u0430\u043d\u0438\u0446\u0430","item":"https:\/\/www.elit-tehnica.md\/ro\/"},{"@type":"ListItem","position":2,"name":"Shop","item":"https:\/\/www.elit-tehnica.md\/shop\/"},{"@type":"ListItem","position":3,"name":"C\u0103u\u0219 de \u00eenc\u0103rcat saci big bag"}]}]}},"_links":{"self":[{"href":"https:\/\/www.elit-tehnica.md\/ro\/wp-json\/wp\/v2\/product\/1310"}],"collection":[{"href":"https:\/\/www.elit-tehnica.md\/ro\/wp-json\/wp\/v2\/product"}],"about":[{"href":"https:\/\/www.elit-tehnica.md\/ro\/wp-json\/wp\/v2\/types\/product"}],"wp:featuredmedia":[{"embeddable":true,"href":"https:\/\/www.elit-tehnica.md\/ro\/wp-json\/wp\/v2\/media\/1016"}],"wp:attachment":[{"href":"https:\/\/www.elit-tehnica.md\/ro\/wp-json\/wp\/v2\/media?parent=1310"}],"wp:term":[{"taxonomy":"product_cat","embeddable":true,"href":"https:\/\/www.elit-tehnica.md\/ro\/wp-json\/wp\/v2\/product_cat?post=1310"},{"taxonomy":"product_tag","embeddable":true,"href":"https:\/\/www.elit-tehnica.md\/ro\/wp-json\/wp\/v2\/product_tag?post=1310"}],"curies":[{"name":"wp","href":"https:\/\/api.w.org\/{rel}","templated":true}]}}