{"id":1314,"date":"2020-06-19T13:44:29","date_gmt":"2020-11-21T15:52:47","guid":{"rendered":"https:\/\/elite.iongutu.com\/product\/sapator\/"},"modified":"2020-11-21T15:52:48","modified_gmt":"2020-11-21T15:52:48","slug":"sapator","status":"publish","type":"product","link":"https:\/\/www.elit-tehnica.md\/ro\/shop\/dupa-destinatie\/atasamente\/sapator\/","title":{"rendered":"S\u0103p\u0103tor"},"content":{"rendered":"<p>Acest dispozitiv func\u021bioneaz\u0103 pe principiul unei p\u00e2rghii, fiind instalat ca accesoriu pe echipamente speciale (\u00eenc\u0103rc\u0103toare frontale, tractoare etc.). Nu ave\u021bi nevoie de echipament auxiliar pentru a \u00eendep\u0103rta buturugele cu transportul ulterior.<\/p>\n","protected":false},"excerpt":{"rendered":"<p>L\u0103\u021bime &#8211; 1521 mm<br \/>\n\u00cen\u0103l\u021bime &#8211; 921 mm<br \/>\nAd\u00e2ncime &#8211; 1284 mm<br \/>\nGreutate &#8211; 270 kg<br \/>\nCadru: Foaie &#8211; S355<br \/>\nGrosime &#8211; 30 mm<\/p>\n","protected":false},"featured_media":1012,"template":"","meta":[],"product_cat":[134],"product_tag":[],"yoast_head":"<!-- This site is optimized with the Yoast SEO plugin v18.7 - https:\/\/yoast.com\/wordpress\/plugins\/seo\/ -->\n<title>S\u0103p\u0103tor - Elit Tehnica<\/title>\n<meta name=\"robots\" content=\"index, follow, max-snippet:-1, max-image-preview:large, max-video-preview:-1\" \/>\n<link rel=\"canonical\" href=\"https:\/\/www.elit-tehnica.md\/ro\/shop\/dupa-destinatie\/atasamente\/sapator\/\" \/>\n<meta property=\"og:locale\" content=\"ro_RO\" \/>\n<meta property=\"og:type\" content=\"article\" \/>\n<meta property=\"og:title\" content=\"S\u0103p\u0103tor - Elit Tehnica\" \/>\n<meta property=\"og:description\" content=\"L\u0103\u021bime - 1521 mm \u00cen\u0103l\u021bime - 921 mm Ad\u00e2ncime - 1284 mm Greutate - 270 kg Cadru: Foaie - S355 Grosime - 30 mm\" \/>\n<meta property=\"og:url\" content=\"https:\/\/www.elit-tehnica.md\/ro\/shop\/dupa-destinatie\/atasamente\/sapator\/\" \/>\n<meta property=\"og:site_name\" content=\"Elit Tehnica\" \/>\n<meta property=\"article:modified_time\" content=\"2020-11-21T15:52:48+00:00\" \/>\n<meta property=\"og:image\" content=\"https:\/\/www.elit-tehnica.md\/wp-content\/uploads\/2020\/06\/\u041a\u043e\u0440\u0447\u0435\u0432\u0430\u0442\u0435\u043b\u044c.png\" \/>\n\t<meta property=\"og:image:width\" content=\"557\" \/>\n\t<meta property=\"og:image:height\" content=\"400\" \/>\n\t<meta property=\"og:image:type\" content=\"image\/png\" \/>\n<meta name=\"twitter:card\" content=\"summary_large_image\" \/>\n<script type=\"application\/ld+json\" class=\"yoast-schema-graph\">{\"@context\":\"https:\/\/schema.org\",\"@graph\":[{\"@type\":\"Organization\",\"@id\":\"https:\/\/www.elit-tehnica.md\/#organization\",\"name\":\"Elite Tehnica - Distribuitor oficial \u00een Moldova JCB\",\"url\":\"https:\/\/www.elit-tehnica.md\/\",\"sameAs\":[],\"logo\":{\"@type\":\"ImageObject\",\"inLanguage\":\"ro-RO\",\"@id\":\"https:\/\/www.elit-tehnica.md\/#\/schema\/logo\/image\/\",\"url\":\"https:\/\/www.elit-tehnica.md\/wp-content\/uploads\/2020\/06\/\u0411\u0435\u0437-\u0438.png\",\"contentUrl\":\"https:\/\/www.elit-tehnica.md\/wp-content\/uploads\/2020\/06\/\u0411\u0435\u0437-\u0438.png\",\"width\":1600,\"height\":1600,\"caption\":\"Elite Tehnica - Distribuitor oficial \u00een Moldova JCB\"},\"image\":{\"@id\":\"https:\/\/www.elit-tehnica.md\/#\/schema\/logo\/image\/\"}},{\"@type\":\"WebSite\",\"@id\":\"https:\/\/www.elit-tehnica.md\/#website\",\"url\":\"https:\/\/www.elit-tehnica.md\/\",\"name\":\"Elit Tehnica\",\"description\":\"Cu noi e\u0219ti mereu cu un pas \u00eenainte!\",\"publisher\":{\"@id\":\"https:\/\/www.elit-tehnica.md\/#organization\"},\"potentialAction\":[{\"@type\":\"SearchAction\",\"target\":{\"@type\":\"EntryPoint\",\"urlTemplate\":\"https:\/\/www.elit-tehnica.md\/?s={search_term_string}\"},\"query-input\":\"required name=search_term_string\"}],\"inLanguage\":\"ro-RO\"},{\"@type\":\"ImageObject\",\"inLanguage\":\"ro-RO\",\"@id\":\"https:\/\/www.elit-tehnica.md\/ro\/shop\/dupa-destinatie\/atasamente\/sapator\/#primaryimage\",\"url\":\"https:\/\/www.elit-tehnica.md\/wp-content\/uploads\/2020\/06\/\u041a\u043e\u0440\u0447\u0435\u0432\u0430\u0442\u0435\u043b\u044c.png\",\"contentUrl\":\"https:\/\/www.elit-tehnica.md\/wp-content\/uploads\/2020\/06\/\u041a\u043e\u0440\u0447\u0435\u0432\u0430\u0442\u0435\u043b\u044c.png\",\"width\":557,\"height\":400},{\"@type\":\"WebPage\",\"@id\":\"https:\/\/www.elit-tehnica.md\/ro\/shop\/dupa-destinatie\/atasamente\/sapator\/#webpage\",\"url\":\"https:\/\/www.elit-tehnica.md\/ro\/shop\/dupa-destinatie\/atasamente\/sapator\/\",\"name\":\"S\u0103p\u0103tor - Elit Tehnica\",\"isPartOf\":{\"@id\":\"https:\/\/www.elit-tehnica.md\/#website\"},\"primaryImageOfPage\":{\"@id\":\"https:\/\/www.elit-tehnica.md\/ro\/shop\/dupa-destinatie\/atasamente\/sapator\/#primaryimage\"},\"datePublished\":\"2020-11-21T15:52:47+00:00\",\"dateModified\":\"2020-11-21T15:52:48+00:00\",\"breadcrumb\":{\"@id\":\"https:\/\/www.elit-tehnica.md\/ro\/shop\/dupa-destinatie\/atasamente\/sapator\/#breadcrumb\"},\"inLanguage\":\"ro-RO\",\"potentialAction\":[{\"@type\":\"ReadAction\",\"target\":[\"https:\/\/www.elit-tehnica.md\/ro\/shop\/dupa-destinatie\/atasamente\/sapator\/\"]}]},{\"@type\":\"BreadcrumbList\",\"@id\":\"https:\/\/www.elit-tehnica.md\/ro\/shop\/dupa-destinatie\/atasamente\/sapator\/#breadcrumb\",\"itemListElement\":[{\"@type\":\"ListItem\",\"position\":1,\"name\":\"\u0413\u043b\u0430\u0432\u043d\u0430\u044f \u0441\u0442\u0440\u0430\u043d\u0438\u0446\u0430\",\"item\":\"https:\/\/www.elit-tehnica.md\/ro\/\"},{\"@type\":\"ListItem\",\"position\":2,\"name\":\"Shop\",\"item\":\"https:\/\/www.elit-tehnica.md\/shop\/\"},{\"@type\":\"ListItem\",\"position\":3,\"name\":\"S\u0103p\u0103tor\"}]}]}<\/script>\n<!-- \/ Yoast SEO plugin. -->","yoast_head_json":{"title":"S\u0103p\u0103tor - Elit Tehnica","robots":{"index":"index","follow":"follow","max-snippet":"max-snippet:-1","max-image-preview":"max-image-preview:large","max-video-preview":"max-video-preview:-1"},"canonical":"https:\/\/www.elit-tehnica.md\/ro\/shop\/dupa-destinatie\/atasamente\/sapator\/","og_locale":"ro_RO","og_type":"article","og_title":"S\u0103p\u0103tor - Elit Tehnica","og_description":"L\u0103\u021bime - 1521 mm \u00cen\u0103l\u021bime - 921 mm Ad\u00e2ncime - 1284 mm Greutate - 270 kg Cadru: Foaie - S355 Grosime - 30 mm","og_url":"https:\/\/www.elit-tehnica.md\/ro\/shop\/dupa-destinatie\/atasamente\/sapator\/","og_site_name":"Elit Tehnica","article_modified_time":"2020-11-21T15:52:48+00:00","og_image":[{"width":557,"height":400,"url":"https:\/\/www.elit-tehnica.md\/wp-content\/uploads\/2020\/06\/\u041a\u043e\u0440\u0447\u0435\u0432\u0430\u0442\u0435\u043b\u044c.png","type":"image\/png"}],"twitter_card":"summary_large_image","schema":{"@context":"https:\/\/schema.org","@graph":[{"@type":"Organization","@id":"https:\/\/www.elit-tehnica.md\/#organization","name":"Elite Tehnica - Distribuitor oficial \u00een Moldova JCB","url":"https:\/\/www.elit-tehnica.md\/","sameAs":[],"logo":{"@type":"ImageObject","inLanguage":"ro-RO","@id":"https:\/\/www.elit-tehnica.md\/#\/schema\/logo\/image\/","url":"https:\/\/www.elit-tehnica.md\/wp-content\/uploads\/2020\/06\/\u0411\u0435\u0437-\u0438.png","contentUrl":"https:\/\/www.elit-tehnica.md\/wp-content\/uploads\/2020\/06\/\u0411\u0435\u0437-\u0438.png","width":1600,"height":1600,"caption":"Elite Tehnica - Distribuitor oficial \u00een Moldova JCB"},"image":{"@id":"https:\/\/www.elit-tehnica.md\/#\/schema\/logo\/image\/"}},{"@type":"WebSite","@id":"https:\/\/www.elit-tehnica.md\/#website","url":"https:\/\/www.elit-tehnica.md\/","name":"Elit Tehnica","description":"Cu noi e\u0219ti mereu cu un pas \u00eenainte!","publisher":{"@id":"https:\/\/www.elit-tehnica.md\/#organization"},"potentialAction":[{"@type":"SearchAction","target":{"@type":"EntryPoint","urlTemplate":"https:\/\/www.elit-tehnica.md\/?s={search_term_string}"},"query-input":"required name=search_term_string"}],"inLanguage":"ro-RO"},{"@type":"ImageObject","inLanguage":"ro-RO","@id":"https:\/\/www.elit-tehnica.md\/ro\/shop\/dupa-destinatie\/atasamente\/sapator\/#primaryimage","url":"https:\/\/www.elit-tehnica.md\/wp-content\/uploads\/2020\/06\/\u041a\u043e\u0440\u0447\u0435\u0432\u0430\u0442\u0435\u043b\u044c.png","contentUrl":"https:\/\/www.elit-tehnica.md\/wp-content\/uploads\/2020\/06\/\u041a\u043e\u0440\u0447\u0435\u0432\u0430\u0442\u0435\u043b\u044c.png","width":557,"height":400},{"@type":"WebPage","@id":"https:\/\/www.elit-tehnica.md\/ro\/shop\/dupa-destinatie\/atasamente\/sapator\/#webpage","url":"https:\/\/www.elit-tehnica.md\/ro\/shop\/dupa-destinatie\/atasamente\/sapator\/","name":"S\u0103p\u0103tor - Elit Tehnica","isPartOf":{"@id":"https:\/\/www.elit-tehnica.md\/#website"},"primaryImageOfPage":{"@id":"https:\/\/www.elit-tehnica.md\/ro\/shop\/dupa-destinatie\/atasamente\/sapator\/#primaryimage"},"datePublished":"2020-11-21T15:52:47+00:00","dateModified":"2020-11-21T15:52:48+00:00","breadcrumb":{"@id":"https:\/\/www.elit-tehnica.md\/ro\/shop\/dupa-destinatie\/atasamente\/sapator\/#breadcrumb"},"inLanguage":"ro-RO","potentialAction":[{"@type":"ReadAction","target":["https:\/\/www.elit-tehnica.md\/ro\/shop\/dupa-destinatie\/atasamente\/sapator\/"]}]},{"@type":"BreadcrumbList","@id":"https:\/\/www.elit-tehnica.md\/ro\/shop\/dupa-destinatie\/atasamente\/sapator\/#breadcrumb","itemListElement":[{"@type":"ListItem","position":1,"name":"\u0413\u043b\u0430\u0432\u043d\u0430\u044f \u0441\u0442\u0440\u0430\u043d\u0438\u0446\u0430","item":"https:\/\/www.elit-tehnica.md\/ro\/"},{"@type":"ListItem","position":2,"name":"Shop","item":"https:\/\/www.elit-tehnica.md\/shop\/"},{"@type":"ListItem","position":3,"name":"S\u0103p\u0103tor"}]}]}},"_links":{"self":[{"href":"https:\/\/www.elit-tehnica.md\/ro\/wp-json\/wp\/v2\/product\/1314"}],"collection":[{"href":"https:\/\/www.elit-tehnica.md\/ro\/wp-json\/wp\/v2\/product"}],"about":[{"href":"https:\/\/www.elit-tehnica.md\/ro\/wp-json\/wp\/v2\/types\/product"}],"wp:featuredmedia":[{"embeddable":true,"href":"https:\/\/www.elit-tehnica.md\/ro\/wp-json\/wp\/v2\/media\/1012"}],"wp:attachment":[{"href":"https:\/\/www.elit-tehnica.md\/ro\/wp-json\/wp\/v2\/media?parent=1314"}],"wp:term":[{"taxonomy":"product_cat","embeddable":true,"href":"https:\/\/www.elit-tehnica.md\/ro\/wp-json\/wp\/v2\/product_cat?post=1314"},{"taxonomy":"product_tag","embeddable":true,"href":"https:\/\/www.elit-tehnica.md\/ro\/wp-json\/wp\/v2\/product_tag?post=1314"}],"curies":[{"name":"wp","href":"https:\/\/api.w.org\/{rel}","templated":true}]}}