{"id":1389,"date":"2020-11-22T20:26:06","date_gmt":"2020-11-22T20:26:06","guid":{"rendered":"https:\/\/elite.iongutu.com\/product\/3s-3000-3s-3000f\/"},"modified":"2020-11-22T20:26:12","modified_gmt":"2020-11-22T20:26:12","slug":"3s-3000-3s-3000f","status":"publish","type":"product","link":"https:\/\/www.elit-tehnica.md\/ro\/shop\/dupa-destinatie\/semanatori\/3s-3000-3s-3000f\/","title":{"rendered":"3S-3000, 3S-3000F"},"content":{"rendered":"\n\t\t<div class=\"tabbed-content\">\n\t\t\t\n\t\t\t<ul class=\"nav nav-line-bottom nav-uppercase nav-size-normal nav-left\"><li class=\"tab active has-icon\"><a href=\"#tab_informa\u021bie\"><span>Informa\u021bie<\/span><\/a><\/li>\n<li class=\"tab has-icon\"><a href=\"#tab_caracteristici\"><span>Caracteristici<\/span><\/a><\/li><\/ul><div class=\"tab-panels\"><div class=\"panel active entry-content\" id=\"tab_informa\u021bie\">\n<h2>Sem\u0103n\u0103toare cu 3 sec\u021biuni cu reglare hidraulic\u0103 a presiunii la sol: 9,1 m<\/h2>\n<p>Dac\u0103 ave\u021bi nevoie de o sem\u0103n\u0103toare cu o cutie mare de semin\u021be, arunca\u021bi o privire mai atent\u0103 la acest tip cu 3 sec\u021biuni Great Plains. Aceste ma\u0219ini sunt proiectate av\u00e2nd \u00een vedere nevoile fermelor mari \u0219i sunt capabile s\u0103 manipuleze num\u0103rul maxim de hectare pe zi. Au cele mai mari cutii de semin\u021be din clasa lor, permi\u021b\u00e2nd intervale extinse de lucru \u00eentre alimentare \u0219i capace impermeabile pentru protec\u021bie superioar\u0103. Zona larg\u0103 de \u00eenc\u0103rcare face ca umplerea l\u0103zilor s\u0103 fie mai rapid\u0103 \u0219i mai sigur\u0103. La toate modelele, deschiz\u0103toarele sunt ridicate pur \u0219i simplu pentru a se balansa, reduc\u00e2nd uzura cadrului principal \u0219i acceler\u00e2nd ciclul opera\u021biunilor de la sf\u00e2r\u0219itul c\u00e2mpului.<\/p>\n<p>Acest tip de sem\u0103n\u0103toare v\u0103 permite s\u0103 urm\u0103ri\u021bi cu precizie conturul solului pe toat\u0103 l\u0103\u021bimea utilajului. Sec\u021biunile laterale pot fi \u00eenclinate cu 20 \u00b0 \u00een sus \u0219i 15 \u00b0 \u00een jos pentru o flexibilitate excelent\u0103 \u0219i \u00eens\u0103m\u00e2n\u021bare de \u00eenalt\u0103 calitate \u00een zonele deluroase. Ma\u0219ina de plantat poate fi transportat\u0103 atunci c\u00e2nd cutiile de semin\u021be sunt complet \u00eenc\u0103rcate, \u00een plus, atunci c\u00e2nd este necesar s\u0103 muta\u021bi ma\u0219ina \u00eentr-un alt c\u00e2mp, se pliaz\u0103 p\u00e2n\u0103 la o l\u0103\u021bime mic\u0103 de transport: 4,6 m.<\/p>\n<p>Productivitate maxim\u0103 &#8230; Pe asta v\u0103 pute\u021bi baza atunci c\u00e2nd cump\u0103ra\u021bi o sem\u0103n\u0103toare cu ciclu minim de 3 sec\u021biuni de la Great Plains.<\/p>\n<h3>Specifica\u021bii<\/h3>\n<div>\n<div>\n<div>\n<div>\n<div><img loading=\"lazy\" title=\"\" src=\"http:\/\/cdn-ru.greatplainsmfg.com\/cdn\/farfuture\/ewYvCCJB5OuA89I4JLoF44vrEVfZ4ahnpwcyO71tjuE\/mtime:1368566347\/sites\/default\/files\/styles\/product_list_thumbnail\/public\/features\/Gpvsjd.jpg?itok=pxjv29kr\" alt=\"\" width=\"150\" height=\"150\"><\/div>\n<h5>FLEXIBILITATE SUPERIOARA<\/h5>\n<p>Br\u0103zdarele sunt ata\u0219ate la o bar\u0103 sub-cadru plutitoare, a c\u0103rei ax\u0103 este situat\u0103 \u00een linie cu axa ro\u021bilor, ceea ce permite men\u021binerea pozi\u021biei optime de lucru a br\u0103zdarelor la copierea oric\u0103rui teren. La ma\u0219inile competitive, articula\u021biile pivotante sunt mai mari, ceea ce afecteaz\u0103 negativ ad\u00e2ncimea deschiz\u0103torilor.<\/p>\n<\/div>\n<div>\n<h5>RAME INDEPENDENTE<\/h5>\n<p><a title=\"RAME INDEPENDENTE\" href=\"http:\/\/cdn-ru.greatplainsmfg.com\/cdn\/farfuture\/0SE2ISmgIH1XsbdZmOpN1zeixfJSCwZihK0a7wtl4vw\/mtime:1368687389\/sites\/default\/files\/styles\/large\/public\/features\/3000SUBFRAMETWIST_4.jpg?itok=_VCVN4QX\" rel=\"gallery-node-3711-field_feature_icon_new-uBiyD7ZXfT8\"><img loading=\"lazy\" title=\"\" src=\"http:\/\/cdn-ru.greatplainsmfg.com\/cdn\/farfuture\/YpqKSWT9gYisbX6MqSY7APdWKcTigti8FaWJLUl4JII\/mtime:1368566347\/sites\/default\/files\/styles\/product_list_thumbnail\/public\/features\/3000SUBFRAMETWIST_4.jpg?itok=iUHowTvc\" alt=\"\" width=\"150\" height=\"150\"><\/a><\/p>\n<p>Fiecare sec\u021biune a sem\u0103n\u0103tori Great Plains are doi cilindri hidraulici care ajusteaz\u0103 sub-cadrele deschiz\u0103torului la orice curb\u0103 din c\u00e2mp. Acest design permite sub-cadrelor s\u0103 se deplaseze independent de cutiile de semin\u021be \u0219i de ro\u021bile de m\u0103surare ale instrumentului.<\/p>\n<\/div>\n<div>\n<div><a title=\"PRESIUNEA HIDRAULIC\u0102 CONSTANT\u0102\" href=\"http:\/\/cdn-ru.greatplainsmfg.com\/cdn\/farfuture\/oJeNcwEgznJr83zOoYz_1IgXm7_VmqWNV-HmDkEQxfE\/mtime:1368687335\/sites\/default\/files\/styles\/large\/public\/features\/down.orig%2520cc.jpg?itok=FGVWEJ4s\" rel=\"gallery-node-3710-field_feature_icon_new-uBiyD7ZXfT8\"><img loading=\"lazy\" title=\"\" src=\"http:\/\/cdn-ru.greatplainsmfg.com\/cdn\/farfuture\/PaEykrCzgOVjk-JTCfWpxG_EAFe2lNwr3ZAkHPbbB58\/mtime:1368566347\/sites\/default\/files\/styles\/product_list_thumbnail\/public\/features\/down.orig%2520cc.jpg?itok=KTlXqbPd\" alt=\"\" width=\"150\" height=\"150\"><\/a><\/div>\n<h5>PRESIUNEA HIDRAULIC\u0102 CONSTANT\u0102<\/h5>\n<p>Presiunea la sol r\u0103m\u00e2ne constant\u0103 pe \u00eentreaga gam\u0103 de deplasare a br\u0103zdarului. Sistemul hidraulic activ asigur\u0103 o penetrare constant\u0103 pe suprafe\u021be inegale \u0219i \u00een condi\u021bii de schimbare a tipului de sol. Aceast\u0103 func\u021bie garanteaz\u0103 calitate ridicat\u0103 a introducerii semin\u021belor \u00een sol.<\/p>\n<\/div>\n<div>\n<div><a title=\"SERIE BRAZDAR 00\" href=\"http:\/\/cdn-ru.greatplainsmfg.com\/cdn\/farfuture\/ZVcchARor07cbIOp8S4gpr4puc4lgQrt0EtchwlOS4M\/mtime:1368655310\/sites\/default\/files\/styles\/large\/public\/features\/00seriesDM_0.jpg?itok=_BHb5-Jy\" rel=\"gallery-node-3722-field_feature_icon_new-uBiyD7ZXfT8\"><img loading=\"lazy\" title=\"\" src=\"http:\/\/cdn-ru.greatplainsmfg.com\/cdn\/farfuture\/ZS-0A55plE2SsK--qLF1sGZkHGaqZF5fDuvQ9p5L3vY\/mtime:1368539189\/sites\/default\/files\/styles\/product_list_thumbnail\/public\/features\/00seriesDM_0.jpg?itok=tKxnyawf\" alt=\"\" width=\"150\" height=\"150\"><\/a><\/div>\n<h5>SERIE BRAZDAR 00<\/h5>\n<p>Br\u0103zdarele din seria 00 sunt proiectate pentru sem\u0103n\u0103tori cu ciclu redus, cu un dispozitiv de \u00eens\u0103m\u00e2n\u021bare a bobinelor. Diametrul discului de deschidere 34 cm, grosime 4 mm, muchie de t\u0103iere cu plumb 0,6 cm, rulmen\u021bi cu sigiliu triplu (205). Roata de presare spate are o bar\u0103 \u00een T cu 18 pozi\u021bii pentru reglarea ad\u00e2ncimii de \u00eens\u0103m\u00e2n\u021bare.<\/p>\n<\/div>\n<\/div>\n<\/div>\n<\/div>\n<p><span style=\"font-size: 14.4px\"><\/div>\n<div class=\"panel entry-content\" id=\"tab_caracteristici\">\n<h3>Specifica\u021bii Tehnice<\/h3>\n<div>\n<table border=\"0\" cellspacing=\"0\" cellpadding=\"0\">\n<tbody>\n<tr>\n<th scope=\"row\">\n<p align=\"center\">DESCRIEREA MODELULUI<\/p>\n<\/th>\n<td>\n<p align=\"center\">SEM\u0102N\u0102TOARE CU PRESIUNE HIDRAULIC\u0102 LA SOL: 9,1 m<\/p>\n<\/td>\n<\/tr>\n<tr>\n<th scope=\"row\">\n<p align=\"center\">MODEL<\/p>\n<\/th>\n<td>\n<p align=\"center\">3S-3000<\/p>\n<\/td>\n<\/tr>\n<tr>\n<th scope=\"row\">\n<p align=\"center\">TIP<\/p>\n<\/th>\n<td>\n<p align=\"center\">sem\u0103n\u0103toare pliant\u0103 cu 3 sec\u021biuni<\/p>\n<\/td>\n<\/tr>\n<tr>\n<th scope=\"row\">\n<p align=\"center\">SCOP PRINCIPAL<\/p>\n<\/th>\n<td>\n<p align=\"center\">Ciclu minim<\/p>\n<\/td>\n<\/tr>\n<tr>\n<th scope=\"row\">\n<p align=\"center\">\u00centre r\u00eenduri<\/p>\n<\/th>\n<td>\n<p align=\"center\">15,4 cm<\/p>\n<p align=\"center\">19,1 cm<\/p>\n<p align=\"center\">25,4 cm<\/p>\n<\/td>\n<\/tr>\n<tr>\n<th scope=\"row\">\n<p align=\"center\">Num\u0103r Rulmen\u021bi<\/p>\n<\/th>\n<td>\n<p align=\"center\">60 \u2013 15,4 cm<\/p>\n<p align=\"center\">48 \u2013 19,1 cm<\/p>\n<p align=\"center\">36 \u2013 25,4 cm<\/p>\n<\/td>\n<\/tr>\n<tr>\n<th scope=\"row\">\n<p align=\"center\">M\u0102RIMEA RO\u021aII<\/p>\n<\/th>\n<td>\n<p align=\"center\">9.5Lx15 (sec\u021biune lateral\u0103)<\/p>\n<p align=\"center\">(HD-265\/70B16.5 NHS roti ecartament))<\/p>\n<p align=\"center\">11Lx15 (ax\u0103)<\/p>\n<p align=\"center\">(HD-395\/55B16.5 NHS ro\u021bi ecartament)<\/p>\n<\/td>\n<\/tr>\n<tr>\n<th scope=\"row\">\n<p align=\"center\">PUTEREA TRACTORULUI (MIN.)<\/p>\n<\/th>\n<td>\n<p align=\"center\">125 CP.<\/p>\n<\/td>\n<\/tr>\n<tr>\n<th scope=\"row\">\n<p align=\"center\">GREUTATE (MEDIE)<\/p>\n<\/th>\n<td>\n<p align=\"center\">5028-6123 kg<\/p>\n<\/td>\n<\/tr>\n<tr>\n<th colspan=\"2\" scope=\"row\">\n<p align=\"center\">Dimensiuni<\/p>\n<\/th>\n<\/tr>\n<tr>\n<th scope=\"row\">\n<p align=\"center\">L\u0103\u021bimea de lucru<\/p>\n<\/th>\n<td>\n<p align=\"center\">9,1 m<\/p>\n<\/td>\n<\/tr>\n<tr>\n<th scope=\"row\">\n<p align=\"center\">L\u0103\u021bimea (de transportare)<\/p>\n<\/th>\n<td>\n<p align=\"center\">4,6 m<\/p>\n<\/td>\n<\/tr>\n<tr>\n<th scope=\"row\">\n<p align=\"center\">Lungimea ( de transportare)<\/p>\n<\/th>\n<td>\n<p align=\"center\">9,1 m<\/p>\n<\/td>\n<\/tr>\n<tr>\n<th scope=\"row\">\n<p align=\"center\">Garda la sol (de transportare)<\/p>\n<\/th>\n<td>\n<p align=\"center\">0,4 m<\/p>\n<\/td>\n<\/tr>\n<tr>\n<th scope=\"row\">\n<p align=\"center\">\u00cen\u0103l\u021bimea (de transportare)<\/p>\n<\/th>\n<td>\n<p align=\"center\">2,5 m<\/p>\n<\/td>\n<\/tr>\n<tr>\n<th scope=\"row\">\n<p align=\"center\">Serie Rulmen\u021bi<\/p>\n<\/th>\n<td>\n<p align=\"center\">Seria 00<\/p>\n<\/td>\n<\/tr>\n<tr>\n<th scope=\"row\">\n<p align=\"center\">Discuri de t\u0103iere<\/p>\n<\/th>\n<td>\n<p align=\"center\">nu<\/p>\n<\/td>\n<\/tr>\n<tr>\n<th colspan=\"2\" scope=\"row\">\n<p align=\"center\">Volum<\/p>\n<\/th>\n<\/tr>\n<tr>\n<th scope=\"row\">\n<p align=\"center\">Volumul bunkarului principal<\/p>\n<\/th>\n<td>\n<p align=\"center\">3425 l<\/p>\n<\/td>\n<\/tr>\n<tr>\n<th scope=\"row\">\n<p align=\"center\">Cutie pentru semin\u021be mici<\/p>\n<\/th>\n<td>\n<p align=\"center\">253,7 l<\/p>\n<\/td>\n<\/tr>\n<tr>\n<th scope=\"row\">\n<p align=\"center\">Cutie pentru semin\u021be de iarb\u0103<\/p>\n<\/th>\n<td>\n<p align=\"center\">nu<\/p>\n<\/td>\n<\/tr>\n<tr>\n<th scope=\"row\">\n<p align=\"center\">Rezervor pentru \u00eengr\u0103\u0219\u0103minte<\/p>\n<\/th>\n<td>\n<p align=\"center\">P\u00e2n\u0103 la 45% din volumul cutiei de semin\u021be<\/p>\n<\/td>\n<\/tr>\n<\/tbody>\n<\/table>\n<\/div>\n<\/div><\/div><\/div>\n","protected":false},"excerpt":{"rendered":"","protected":false},"featured_media":796,"template":"","meta":[],"product_cat":[114,128,116,138],"product_tag":[],"yoast_head":"<!-- This site is optimized with the Yoast SEO plugin v18.7 - https:\/\/yoast.com\/wordpress\/plugins\/seo\/ -->\n<title>3S-3000, 3S-3000F - Elit Tehnica<\/title>\n<meta name=\"robots\" content=\"index, follow, max-snippet:-1, max-image-preview:large, max-video-preview:-1\" \/>\n<link rel=\"canonical\" href=\"https:\/\/www.elit-tehnica.md\/ro\/shop\/dupa-destinatie\/semanatori\/3s-3000-3s-3000f\/\" \/>\n<meta property=\"og:locale\" content=\"ro_RO\" \/>\n<meta property=\"og:type\" content=\"article\" \/>\n<meta property=\"og:title\" content=\"3S-3000, 3S-3000F - Elit Tehnica\" \/>\n<meta property=\"og:url\" content=\"https:\/\/www.elit-tehnica.md\/ro\/shop\/dupa-destinatie\/semanatori\/3s-3000-3s-3000f\/\" \/>\n<meta property=\"og:site_name\" content=\"Elit Tehnica\" \/>\n<meta property=\"article:modified_time\" content=\"2020-11-22T20:26:12+00:00\" \/>\n<meta property=\"og:image\" content=\"https:\/\/www.elit-tehnica.md\/wp-content\/uploads\/2020\/05\/3S-3000-3S-3000F.jpg\" \/>\n\t<meta property=\"og:image:width\" content=\"500\" \/>\n\t<meta property=\"og:image:height\" content=\"400\" \/>\n\t<meta property=\"og:image:type\" content=\"image\/jpeg\" \/>\n<meta name=\"twitter:card\" content=\"summary_large_image\" \/>\n<meta name=\"twitter:label1\" content=\"Timp estimat pentru citire\" \/>\n\t<meta name=\"twitter:data1\" content=\"3 minute\" \/>\n<script type=\"application\/ld+json\" class=\"yoast-schema-graph\">{\"@context\":\"https:\/\/schema.org\",\"@graph\":[{\"@type\":\"Organization\",\"@id\":\"https:\/\/www.elit-tehnica.md\/#organization\",\"name\":\"Elite Tehnica - Distribuitor oficial \u00een Moldova JCB\",\"url\":\"https:\/\/www.elit-tehnica.md\/\",\"sameAs\":[],\"logo\":{\"@type\":\"ImageObject\",\"inLanguage\":\"ro-RO\",\"@id\":\"https:\/\/www.elit-tehnica.md\/#\/schema\/logo\/image\/\",\"url\":\"https:\/\/www.elit-tehnica.md\/wp-content\/uploads\/2020\/06\/\u0411\u0435\u0437-\u0438.png\",\"contentUrl\":\"https:\/\/www.elit-tehnica.md\/wp-content\/uploads\/2020\/06\/\u0411\u0435\u0437-\u0438.png\",\"width\":1600,\"height\":1600,\"caption\":\"Elite Tehnica - Distribuitor oficial \u00een Moldova JCB\"},\"image\":{\"@id\":\"https:\/\/www.elit-tehnica.md\/#\/schema\/logo\/image\/\"}},{\"@type\":\"WebSite\",\"@id\":\"https:\/\/www.elit-tehnica.md\/#website\",\"url\":\"https:\/\/www.elit-tehnica.md\/\",\"name\":\"Elit Tehnica\",\"description\":\"Cu noi e\u0219ti mereu cu un pas \u00eenainte!\",\"publisher\":{\"@id\":\"https:\/\/www.elit-tehnica.md\/#organization\"},\"potentialAction\":[{\"@type\":\"SearchAction\",\"target\":{\"@type\":\"EntryPoint\",\"urlTemplate\":\"https:\/\/www.elit-tehnica.md\/?s={search_term_string}\"},\"query-input\":\"required name=search_term_string\"}],\"inLanguage\":\"ro-RO\"},{\"@type\":\"ImageObject\",\"inLanguage\":\"ro-RO\",\"@id\":\"https:\/\/www.elit-tehnica.md\/ro\/shop\/dupa-destinatie\/semanatori\/3s-3000-3s-3000f\/#primaryimage\",\"url\":\"https:\/\/www.elit-tehnica.md\/wp-content\/uploads\/2020\/05\/3S-3000-3S-3000F.jpg\",\"contentUrl\":\"https:\/\/www.elit-tehnica.md\/wp-content\/uploads\/2020\/05\/3S-3000-3S-3000F.jpg\",\"width\":500,\"height\":400},{\"@type\":\"WebPage\",\"@id\":\"https:\/\/www.elit-tehnica.md\/ro\/shop\/dupa-destinatie\/semanatori\/3s-3000-3s-3000f\/#webpage\",\"url\":\"https:\/\/www.elit-tehnica.md\/ro\/shop\/dupa-destinatie\/semanatori\/3s-3000-3s-3000f\/\",\"name\":\"3S-3000, 3S-3000F - Elit Tehnica\",\"isPartOf\":{\"@id\":\"https:\/\/www.elit-tehnica.md\/#website\"},\"primaryImageOfPage\":{\"@id\":\"https:\/\/www.elit-tehnica.md\/ro\/shop\/dupa-destinatie\/semanatori\/3s-3000-3s-3000f\/#primaryimage\"},\"datePublished\":\"2020-11-22T20:26:06+00:00\",\"dateModified\":\"2020-11-22T20:26:12+00:00\",\"breadcrumb\":{\"@id\":\"https:\/\/www.elit-tehnica.md\/ro\/shop\/dupa-destinatie\/semanatori\/3s-3000-3s-3000f\/#breadcrumb\"},\"inLanguage\":\"ro-RO\",\"potentialAction\":[{\"@type\":\"ReadAction\",\"target\":[\"https:\/\/www.elit-tehnica.md\/ro\/shop\/dupa-destinatie\/semanatori\/3s-3000-3s-3000f\/\"]}]},{\"@type\":\"BreadcrumbList\",\"@id\":\"https:\/\/www.elit-tehnica.md\/ro\/shop\/dupa-destinatie\/semanatori\/3s-3000-3s-3000f\/#breadcrumb\",\"itemListElement\":[{\"@type\":\"ListItem\",\"position\":1,\"name\":\"\u0413\u043b\u0430\u0432\u043d\u0430\u044f \u0441\u0442\u0440\u0430\u043d\u0438\u0446\u0430\",\"item\":\"https:\/\/www.elit-tehnica.md\/ro\/\"},{\"@type\":\"ListItem\",\"position\":2,\"name\":\"Shop\",\"item\":\"https:\/\/www.elit-tehnica.md\/shop\/\"},{\"@type\":\"ListItem\",\"position\":3,\"name\":\"3S-3000, 3S-3000F\"}]}]}<\/script>\n<!-- \/ Yoast SEO plugin. -->","yoast_head_json":{"title":"3S-3000, 3S-3000F - Elit Tehnica","robots":{"index":"index","follow":"follow","max-snippet":"max-snippet:-1","max-image-preview":"max-image-preview:large","max-video-preview":"max-video-preview:-1"},"canonical":"https:\/\/www.elit-tehnica.md\/ro\/shop\/dupa-destinatie\/semanatori\/3s-3000-3s-3000f\/","og_locale":"ro_RO","og_type":"article","og_title":"3S-3000, 3S-3000F - Elit Tehnica","og_url":"https:\/\/www.elit-tehnica.md\/ro\/shop\/dupa-destinatie\/semanatori\/3s-3000-3s-3000f\/","og_site_name":"Elit Tehnica","article_modified_time":"2020-11-22T20:26:12+00:00","og_image":[{"width":500,"height":400,"url":"https:\/\/www.elit-tehnica.md\/wp-content\/uploads\/2020\/05\/3S-3000-3S-3000F.jpg","type":"image\/jpeg"}],"twitter_card":"summary_large_image","twitter_misc":{"Timp estimat pentru citire":"3 minute"},"schema":{"@context":"https:\/\/schema.org","@graph":[{"@type":"Organization","@id":"https:\/\/www.elit-tehnica.md\/#organization","name":"Elite Tehnica - Distribuitor oficial \u00een Moldova JCB","url":"https:\/\/www.elit-tehnica.md\/","sameAs":[],"logo":{"@type":"ImageObject","inLanguage":"ro-RO","@id":"https:\/\/www.elit-tehnica.md\/#\/schema\/logo\/image\/","url":"https:\/\/www.elit-tehnica.md\/wp-content\/uploads\/2020\/06\/\u0411\u0435\u0437-\u0438.png","contentUrl":"https:\/\/www.elit-tehnica.md\/wp-content\/uploads\/2020\/06\/\u0411\u0435\u0437-\u0438.png","width":1600,"height":1600,"caption":"Elite Tehnica - Distribuitor oficial \u00een Moldova JCB"},"image":{"@id":"https:\/\/www.elit-tehnica.md\/#\/schema\/logo\/image\/"}},{"@type":"WebSite","@id":"https:\/\/www.elit-tehnica.md\/#website","url":"https:\/\/www.elit-tehnica.md\/","name":"Elit Tehnica","description":"Cu noi e\u0219ti mereu cu un pas \u00eenainte!","publisher":{"@id":"https:\/\/www.elit-tehnica.md\/#organization"},"potentialAction":[{"@type":"SearchAction","target":{"@type":"EntryPoint","urlTemplate":"https:\/\/www.elit-tehnica.md\/?s={search_term_string}"},"query-input":"required name=search_term_string"}],"inLanguage":"ro-RO"},{"@type":"ImageObject","inLanguage":"ro-RO","@id":"https:\/\/www.elit-tehnica.md\/ro\/shop\/dupa-destinatie\/semanatori\/3s-3000-3s-3000f\/#primaryimage","url":"https:\/\/www.elit-tehnica.md\/wp-content\/uploads\/2020\/05\/3S-3000-3S-3000F.jpg","contentUrl":"https:\/\/www.elit-tehnica.md\/wp-content\/uploads\/2020\/05\/3S-3000-3S-3000F.jpg","width":500,"height":400},{"@type":"WebPage","@id":"https:\/\/www.elit-tehnica.md\/ro\/shop\/dupa-destinatie\/semanatori\/3s-3000-3s-3000f\/#webpage","url":"https:\/\/www.elit-tehnica.md\/ro\/shop\/dupa-destinatie\/semanatori\/3s-3000-3s-3000f\/","name":"3S-3000, 3S-3000F - Elit Tehnica","isPartOf":{"@id":"https:\/\/www.elit-tehnica.md\/#website"},"primaryImageOfPage":{"@id":"https:\/\/www.elit-tehnica.md\/ro\/shop\/dupa-destinatie\/semanatori\/3s-3000-3s-3000f\/#primaryimage"},"datePublished":"2020-11-22T20:26:06+00:00","dateModified":"2020-11-22T20:26:12+00:00","breadcrumb":{"@id":"https:\/\/www.elit-tehnica.md\/ro\/shop\/dupa-destinatie\/semanatori\/3s-3000-3s-3000f\/#breadcrumb"},"inLanguage":"ro-RO","potentialAction":[{"@type":"ReadAction","target":["https:\/\/www.elit-tehnica.md\/ro\/shop\/dupa-destinatie\/semanatori\/3s-3000-3s-3000f\/"]}]},{"@type":"BreadcrumbList","@id":"https:\/\/www.elit-tehnica.md\/ro\/shop\/dupa-destinatie\/semanatori\/3s-3000-3s-3000f\/#breadcrumb","itemListElement":[{"@type":"ListItem","position":1,"name":"\u0413\u043b\u0430\u0432\u043d\u0430\u044f \u0441\u0442\u0440\u0430\u043d\u0438\u0446\u0430","item":"https:\/\/www.elit-tehnica.md\/ro\/"},{"@type":"ListItem","position":2,"name":"Shop","item":"https:\/\/www.elit-tehnica.md\/shop\/"},{"@type":"ListItem","position":3,"name":"3S-3000, 3S-3000F"}]}]}},"_links":{"self":[{"href":"https:\/\/www.elit-tehnica.md\/ro\/wp-json\/wp\/v2\/product\/1389"}],"collection":[{"href":"https:\/\/www.elit-tehnica.md\/ro\/wp-json\/wp\/v2\/product"}],"about":[{"href":"https:\/\/www.elit-tehnica.md\/ro\/wp-json\/wp\/v2\/types\/product"}],"wp:featuredmedia":[{"embeddable":true,"href":"https:\/\/www.elit-tehnica.md\/ro\/wp-json\/wp\/v2\/media\/796"}],"wp:attachment":[{"href":"https:\/\/www.elit-tehnica.md\/ro\/wp-json\/wp\/v2\/media?parent=1389"}],"wp:term":[{"taxonomy":"product_cat","embeddable":true,"href":"https:\/\/www.elit-tehnica.md\/ro\/wp-json\/wp\/v2\/product_cat?post=1389"},{"taxonomy":"product_tag","embeddable":true,"href":"https:\/\/www.elit-tehnica.md\/ro\/wp-json\/wp\/v2\/product_tag?post=1389"}],"curies":[{"name":"wp","href":"https:\/\/api.w.org\/{rel}","templated":true}]}}