{"id":1396,"date":"2020-11-22T21:20:06","date_gmt":"2020-11-22T21:20:06","guid":{"rendered":"https:\/\/elite.iongutu.com\/product\/kverneland-optima-tfmaxi\/"},"modified":"2020-11-22T21:20:07","modified_gmt":"2020-11-22T21:20:07","slug":"kverneland-optima-tfmaxi-2","status":"publish","type":"product","link":"https:\/\/www.elit-tehnica.md\/ro\/shop\/dupa-destinatie\/semanatori\/kverneland-optima-tfmaxi-2\/","title":{"rendered":"Kverneland Optima TFmaxi"},"content":{"rendered":"\n\t\t<div class=\"tabbed-content\">\n\t\t\t\n\t\t\t<ul class=\"nav nav-line-bottom nav-uppercase nav-size-normal nav-left\"><li class=\"tab active has-icon\"><a href=\"#tab_informa\u021bie\"><span>Informa\u021bie<\/span><\/a><\/li>\n<li class=\"tab has-icon\"><a href=\"#tab_caracteristici\"><span>Caracteristici<\/span><\/a><\/li><\/ul><div class=\"tab-panels\"><div class=\"panel active entry-content\" id=\"tab_informa\u021bie\">\n<p>Optima TFmaxi de la Kverneland ofer\u0103 tehnologia ideal\u0103 de \u00eens\u0103m\u00e2n\u021bare de precizie. O versiune mai mare a ma\u0219inii de plantat de precizie dovedite Optima &#8211; ma\u0219ina Optima TFmaxi este ideal\u0103 pentru marii produc\u0103tori \u0219i contractori de ast\u0103zi.<\/p>\n<p>Cu o l\u0103\u021bime de lucru de 12 m cu o bunc\u0103r de \u00eengr\u0103\u0219\u0103m\u00e2nt de 4000 l, TFmaxi ofer\u0103 performan\u021be unice &#8211; p\u00e2n\u0103 la 100 de hectare pe zi! Aceasta \u00eenseamn\u0103 o reducere a costurilor asociate cu utilizarea tractorului \u0219i a for\u021bei de munc\u0103 a \u0219oferului tractorului.<\/p>\n<p>Optima TFmaxi combin\u0103 tehnologia de \u00eenalt\u0103 performan\u021b\u0103 cu utilizarea maxim\u0103, aspectul controlului clar \u0219i logic \u0219i un nivel ridicat de tehnologie inteligent\u0103. Toate acestea determin\u0103 u\u0219urin\u021ba maxim\u0103 de utilizare, de la configurarea \u0219i umplerea general\u0103, p\u00e2n\u0103 la opera\u021biunea de transport \u0219i \u00eens\u0103m\u00e2n\u021bare.<\/p>\n<p><strong>Beneficii:<\/strong><\/p>\n<ul>\n<li>Sem\u0103natul porumbului cu o l\u0103\u021bime de lucru de 12 \u0219i 16 r\u00e2nduri<\/li>\n<li>Tehnologie dovedit\u0103 de plasare a semin\u021belor combinat\u0103 cu un cadru actualizat<\/li>\n<li>Distribuitor de \u00eengr\u0103\u0219\u0103minte complet integrat<\/li>\n<li>Compatibil cu ISOBUS<\/li>\n<li>Viteza de transportare 50 km\/h<\/li>\n<li>Simplu \u00een utilizare<\/li>\n<\/ul>\n<\/div>\n<div class=\"panel entry-content\" id=\"tab_caracteristici\">\n<table class=\"comparison block-table\" border=\"0\" summary=\"a\" cellspacing=\"0\" cellpadding=\"2\">\n<tbody>\n<tr>\n<td valign=\"top\">L\u0103\u021bimea de lucru\/transporatre<\/td>\n<td valign=\"top\">12.00m (75cm) \/ &lt; 3.00m<\/td>\n<\/tr>\n<tr class=\"bglight\">\n<td valign=\"top\">Lungimea transportului \/ \u00een\u0103l\u021bimea transportului \/ viteza transportului<\/td>\n<td valign=\"top\">9.80m \/ 3.48m\/ 50km\/h (la \u00eenc\u0103rcarea mx. 2 t)<\/td>\n<\/tr>\n<tr class=\"bgdark\">\n<td valign=\"top\">Distan\u021ba \u00eentre r\u00e2nduri<\/td>\n<td valign=\"top\">70cm, 75cm, 80cm<\/td>\n<\/tr>\n<tr class=\"bglight\">\n<td valign=\"top\">Ro\u021bile de lucru \u0219i ro\u021bile de transportare<\/td>\n<td valign=\"top\">6 x 12.5\/80 \u0219i 2 x 560\/60<\/td>\n<\/tr>\n<\/tbody>\n<\/table>\n<\/div><\/div><\/div>\n","protected":false},"excerpt":{"rendered":"","protected":false},"featured_media":766,"template":"","meta":[],"product_cat":[128,138],"product_tag":[],"yoast_head":"<!-- This site is optimized with the Yoast SEO plugin v18.7 - https:\/\/yoast.com\/wordpress\/plugins\/seo\/ -->\n<title>Kverneland Optima TFmaxi - Elit Tehnica<\/title>\n<meta name=\"robots\" content=\"index, follow, max-snippet:-1, max-image-preview:large, max-video-preview:-1\" \/>\n<link rel=\"canonical\" href=\"https:\/\/www.elit-tehnica.md\/ro\/shop\/dupa-destinatie\/semanatori\/kverneland-optima-tfmaxi-2\/\" \/>\n<meta property=\"og:locale\" content=\"ro_RO\" \/>\n<meta property=\"og:type\" content=\"article\" \/>\n<meta property=\"og:title\" content=\"Kverneland Optima TFmaxi - Elit Tehnica\" \/>\n<meta property=\"og:url\" content=\"https:\/\/www.elit-tehnica.md\/ro\/shop\/dupa-destinatie\/semanatori\/kverneland-optima-tfmaxi-2\/\" \/>\n<meta property=\"og:site_name\" content=\"Elit Tehnica\" \/>\n<meta property=\"article:modified_time\" content=\"2020-11-22T21:20:07+00:00\" \/>\n<meta property=\"og:image\" content=\"https:\/\/www.elit-tehnica.md\/wp-content\/uploads\/2020\/05\/Kverneland-Optima-TFmaxi-Elite-Group-Tehnica-Agricola-1.jpg\" \/>\n\t<meta property=\"og:image:width\" content=\"500\" \/>\n\t<meta property=\"og:image:height\" content=\"333\" \/>\n\t<meta property=\"og:image:type\" content=\"image\/jpeg\" \/>\n<meta name=\"twitter:card\" content=\"summary_large_image\" \/>\n<meta name=\"twitter:label1\" content=\"Timp estimat pentru citire\" \/>\n\t<meta name=\"twitter:data1\" content=\"1 minut\" \/>\n<script type=\"application\/ld+json\" class=\"yoast-schema-graph\">{\"@context\":\"https:\/\/schema.org\",\"@graph\":[{\"@type\":\"Organization\",\"@id\":\"https:\/\/www.elit-tehnica.md\/#organization\",\"name\":\"Elite Tehnica - Distribuitor oficial \u00een Moldova JCB\",\"url\":\"https:\/\/www.elit-tehnica.md\/\",\"sameAs\":[],\"logo\":{\"@type\":\"ImageObject\",\"inLanguage\":\"ro-RO\",\"@id\":\"https:\/\/www.elit-tehnica.md\/#\/schema\/logo\/image\/\",\"url\":\"https:\/\/www.elit-tehnica.md\/wp-content\/uploads\/2020\/06\/\u0411\u0435\u0437-\u0438.png\",\"contentUrl\":\"https:\/\/www.elit-tehnica.md\/wp-content\/uploads\/2020\/06\/\u0411\u0435\u0437-\u0438.png\",\"width\":1600,\"height\":1600,\"caption\":\"Elite Tehnica - Distribuitor oficial \u00een Moldova JCB\"},\"image\":{\"@id\":\"https:\/\/www.elit-tehnica.md\/#\/schema\/logo\/image\/\"}},{\"@type\":\"WebSite\",\"@id\":\"https:\/\/www.elit-tehnica.md\/#website\",\"url\":\"https:\/\/www.elit-tehnica.md\/\",\"name\":\"Elit Tehnica\",\"description\":\"Cu noi e\u0219ti mereu cu un pas \u00eenainte!\",\"publisher\":{\"@id\":\"https:\/\/www.elit-tehnica.md\/#organization\"},\"potentialAction\":[{\"@type\":\"SearchAction\",\"target\":{\"@type\":\"EntryPoint\",\"urlTemplate\":\"https:\/\/www.elit-tehnica.md\/?s={search_term_string}\"},\"query-input\":\"required name=search_term_string\"}],\"inLanguage\":\"ro-RO\"},{\"@type\":\"ImageObject\",\"inLanguage\":\"ro-RO\",\"@id\":\"https:\/\/www.elit-tehnica.md\/ro\/shop\/dupa-destinatie\/semanatori\/kverneland-optima-tfmaxi-2\/#primaryimage\",\"url\":\"https:\/\/www.elit-tehnica.md\/wp-content\/uploads\/2020\/05\/Kverneland-Optima-TFmaxi-Elite-Group-Tehnica-Agricola-1.jpg\",\"contentUrl\":\"https:\/\/www.elit-tehnica.md\/wp-content\/uploads\/2020\/05\/Kverneland-Optima-TFmaxi-Elite-Group-Tehnica-Agricola-1.jpg\",\"width\":500,\"height\":333},{\"@type\":\"WebPage\",\"@id\":\"https:\/\/www.elit-tehnica.md\/ro\/shop\/dupa-destinatie\/semanatori\/kverneland-optima-tfmaxi-2\/#webpage\",\"url\":\"https:\/\/www.elit-tehnica.md\/ro\/shop\/dupa-destinatie\/semanatori\/kverneland-optima-tfmaxi-2\/\",\"name\":\"Kverneland Optima TFmaxi - Elit Tehnica\",\"isPartOf\":{\"@id\":\"https:\/\/www.elit-tehnica.md\/#website\"},\"primaryImageOfPage\":{\"@id\":\"https:\/\/www.elit-tehnica.md\/ro\/shop\/dupa-destinatie\/semanatori\/kverneland-optima-tfmaxi-2\/#primaryimage\"},\"datePublished\":\"2020-11-22T21:20:06+00:00\",\"dateModified\":\"2020-11-22T21:20:07+00:00\",\"breadcrumb\":{\"@id\":\"https:\/\/www.elit-tehnica.md\/ro\/shop\/dupa-destinatie\/semanatori\/kverneland-optima-tfmaxi-2\/#breadcrumb\"},\"inLanguage\":\"ro-RO\",\"potentialAction\":[{\"@type\":\"ReadAction\",\"target\":[\"https:\/\/www.elit-tehnica.md\/ro\/shop\/dupa-destinatie\/semanatori\/kverneland-optima-tfmaxi-2\/\"]}]},{\"@type\":\"BreadcrumbList\",\"@id\":\"https:\/\/www.elit-tehnica.md\/ro\/shop\/dupa-destinatie\/semanatori\/kverneland-optima-tfmaxi-2\/#breadcrumb\",\"itemListElement\":[{\"@type\":\"ListItem\",\"position\":1,\"name\":\"\u0413\u043b\u0430\u0432\u043d\u0430\u044f \u0441\u0442\u0440\u0430\u043d\u0438\u0446\u0430\",\"item\":\"https:\/\/www.elit-tehnica.md\/ro\/\"},{\"@type\":\"ListItem\",\"position\":2,\"name\":\"Shop\",\"item\":\"https:\/\/www.elit-tehnica.md\/shop\/\"},{\"@type\":\"ListItem\",\"position\":3,\"name\":\"Kverneland Optima TFmaxi\"}]}]}<\/script>\n<!-- \/ Yoast SEO plugin. -->","yoast_head_json":{"title":"Kverneland Optima TFmaxi - Elit Tehnica","robots":{"index":"index","follow":"follow","max-snippet":"max-snippet:-1","max-image-preview":"max-image-preview:large","max-video-preview":"max-video-preview:-1"},"canonical":"https:\/\/www.elit-tehnica.md\/ro\/shop\/dupa-destinatie\/semanatori\/kverneland-optima-tfmaxi-2\/","og_locale":"ro_RO","og_type":"article","og_title":"Kverneland Optima TFmaxi - Elit Tehnica","og_url":"https:\/\/www.elit-tehnica.md\/ro\/shop\/dupa-destinatie\/semanatori\/kverneland-optima-tfmaxi-2\/","og_site_name":"Elit Tehnica","article_modified_time":"2020-11-22T21:20:07+00:00","og_image":[{"width":500,"height":333,"url":"https:\/\/www.elit-tehnica.md\/wp-content\/uploads\/2020\/05\/Kverneland-Optima-TFmaxi-Elite-Group-Tehnica-Agricola-1.jpg","type":"image\/jpeg"}],"twitter_card":"summary_large_image","twitter_misc":{"Timp estimat pentru citire":"1 minut"},"schema":{"@context":"https:\/\/schema.org","@graph":[{"@type":"Organization","@id":"https:\/\/www.elit-tehnica.md\/#organization","name":"Elite Tehnica - Distribuitor oficial \u00een Moldova JCB","url":"https:\/\/www.elit-tehnica.md\/","sameAs":[],"logo":{"@type":"ImageObject","inLanguage":"ro-RO","@id":"https:\/\/www.elit-tehnica.md\/#\/schema\/logo\/image\/","url":"https:\/\/www.elit-tehnica.md\/wp-content\/uploads\/2020\/06\/\u0411\u0435\u0437-\u0438.png","contentUrl":"https:\/\/www.elit-tehnica.md\/wp-content\/uploads\/2020\/06\/\u0411\u0435\u0437-\u0438.png","width":1600,"height":1600,"caption":"Elite Tehnica - Distribuitor oficial \u00een Moldova JCB"},"image":{"@id":"https:\/\/www.elit-tehnica.md\/#\/schema\/logo\/image\/"}},{"@type":"WebSite","@id":"https:\/\/www.elit-tehnica.md\/#website","url":"https:\/\/www.elit-tehnica.md\/","name":"Elit Tehnica","description":"Cu noi e\u0219ti mereu cu un pas \u00eenainte!","publisher":{"@id":"https:\/\/www.elit-tehnica.md\/#organization"},"potentialAction":[{"@type":"SearchAction","target":{"@type":"EntryPoint","urlTemplate":"https:\/\/www.elit-tehnica.md\/?s={search_term_string}"},"query-input":"required name=search_term_string"}],"inLanguage":"ro-RO"},{"@type":"ImageObject","inLanguage":"ro-RO","@id":"https:\/\/www.elit-tehnica.md\/ro\/shop\/dupa-destinatie\/semanatori\/kverneland-optima-tfmaxi-2\/#primaryimage","url":"https:\/\/www.elit-tehnica.md\/wp-content\/uploads\/2020\/05\/Kverneland-Optima-TFmaxi-Elite-Group-Tehnica-Agricola-1.jpg","contentUrl":"https:\/\/www.elit-tehnica.md\/wp-content\/uploads\/2020\/05\/Kverneland-Optima-TFmaxi-Elite-Group-Tehnica-Agricola-1.jpg","width":500,"height":333},{"@type":"WebPage","@id":"https:\/\/www.elit-tehnica.md\/ro\/shop\/dupa-destinatie\/semanatori\/kverneland-optima-tfmaxi-2\/#webpage","url":"https:\/\/www.elit-tehnica.md\/ro\/shop\/dupa-destinatie\/semanatori\/kverneland-optima-tfmaxi-2\/","name":"Kverneland Optima TFmaxi - Elit Tehnica","isPartOf":{"@id":"https:\/\/www.elit-tehnica.md\/#website"},"primaryImageOfPage":{"@id":"https:\/\/www.elit-tehnica.md\/ro\/shop\/dupa-destinatie\/semanatori\/kverneland-optima-tfmaxi-2\/#primaryimage"},"datePublished":"2020-11-22T21:20:06+00:00","dateModified":"2020-11-22T21:20:07+00:00","breadcrumb":{"@id":"https:\/\/www.elit-tehnica.md\/ro\/shop\/dupa-destinatie\/semanatori\/kverneland-optima-tfmaxi-2\/#breadcrumb"},"inLanguage":"ro-RO","potentialAction":[{"@type":"ReadAction","target":["https:\/\/www.elit-tehnica.md\/ro\/shop\/dupa-destinatie\/semanatori\/kverneland-optima-tfmaxi-2\/"]}]},{"@type":"BreadcrumbList","@id":"https:\/\/www.elit-tehnica.md\/ro\/shop\/dupa-destinatie\/semanatori\/kverneland-optima-tfmaxi-2\/#breadcrumb","itemListElement":[{"@type":"ListItem","position":1,"name":"\u0413\u043b\u0430\u0432\u043d\u0430\u044f \u0441\u0442\u0440\u0430\u043d\u0438\u0446\u0430","item":"https:\/\/www.elit-tehnica.md\/ro\/"},{"@type":"ListItem","position":2,"name":"Shop","item":"https:\/\/www.elit-tehnica.md\/shop\/"},{"@type":"ListItem","position":3,"name":"Kverneland Optima TFmaxi"}]}]}},"_links":{"self":[{"href":"https:\/\/www.elit-tehnica.md\/ro\/wp-json\/wp\/v2\/product\/1396"}],"collection":[{"href":"https:\/\/www.elit-tehnica.md\/ro\/wp-json\/wp\/v2\/product"}],"about":[{"href":"https:\/\/www.elit-tehnica.md\/ro\/wp-json\/wp\/v2\/types\/product"}],"wp:featuredmedia":[{"embeddable":true,"href":"https:\/\/www.elit-tehnica.md\/ro\/wp-json\/wp\/v2\/media\/766"}],"wp:attachment":[{"href":"https:\/\/www.elit-tehnica.md\/ro\/wp-json\/wp\/v2\/media?parent=1396"}],"wp:term":[{"taxonomy":"product_cat","embeddable":true,"href":"https:\/\/www.elit-tehnica.md\/ro\/wp-json\/wp\/v2\/product_cat?post=1396"},{"taxonomy":"product_tag","embeddable":true,"href":"https:\/\/www.elit-tehnica.md\/ro\/wp-json\/wp\/v2\/product_tag?post=1396"}],"curies":[{"name":"wp","href":"https:\/\/api.w.org\/{rel}","templated":true}]}}