{"id":1397,"date":"2020-11-22T21:24:53","date_gmt":"2020-11-22T21:24:53","guid":{"rendered":"https:\/\/elite.iongutu.com\/product\/kverneland-optima-tf-profi\/"},"modified":"2020-11-22T21:24:56","modified_gmt":"2020-11-22T21:24:56","slug":"kverneland-optima-tf-profi","status":"publish","type":"product","link":"https:\/\/www.elit-tehnica.md\/ro\/shop\/dupa-destinatie\/semanatori\/kverneland-optima-tf-profi\/","title":{"rendered":"Kverneland Optima TF Profi"},"content":{"rendered":"\n\t\t<div class=\"tabbed-content\">\n\t\t\t\n\t\t\t<ul class=\"nav nav-line-bottom nav-uppercase nav-size-normal nav-left\"><li class=\"tab active has-icon\"><a href=\"#tab_informa\u021bie\"><span>Informa\u021bie<\/span><\/a><\/li>\n<li class=\"tab has-icon\"><a href=\"#tab_caracteristici\"><span>Caracteristici<\/span><\/a><\/li><\/ul><div class=\"tab-panels\"><div class=\"panel active entry-content\" id=\"tab_informa\u021bie\">\n<p class=\"p\" align=\"justify\"><strong>Optima TFprofi<\/strong>de la Kverneland este o tehnologie de \u00eens\u0103m\u00e2n\u021bare de \u00eenalt\u0103 precizie pentru culturile pr\u0103\u0219itoare. Cunoscuta sem\u0103n\u0103toare tractat\u0103 Optima a primit o serie de actualiz\u0103ri \u0219i \u00eembun\u0103t\u0103\u021biri \u00een design. Control precis al ad\u00e2ncimii de \u00eens\u0103m\u00e2n\u021bare \u0219i precizie de a\u0219ezare a semin\u021belor la r\u00e2nd la sem\u0103natul porumbului, floarea-soarelui, soia, sfecl\u0103 de zah\u0103r etc. este o condi\u021bie prealabil\u0103 pentru germinarea prietenoas\u0103, furnizarea uniform\u0103 de nutrien\u021bi \u0219i energie solar\u0103 fiec\u0103rei plante, care afecteaz\u0103 \u00een mod direct calitatea culturii \u0219i nivelul acesteia.<\/p>\n<p class=\"p\" align=\"justify\"> Optima TF profi este o sem\u0103n\u0103toare versatil\u0103 de precizie pentru diferite culturi \u0219i tehnologii de cultivare a solului, care, datorit\u0103 tehnologiei ISOBUS, poate fi utilizat\u0103 \u00een sisteme agricole de precizie pentru a cre\u0219te semnificativ randamentul culturilor dumneavoastr\u0103.<\/p>\n<p><strong>Beneficii:<\/strong><\/p>\n<ul>\n<li>Design compact \u0219i clar<\/li>\n<li>Consum redus de putere<\/li>\n<li>Productivitate ridicat\u0103 de p\u00e2n\u0103 la 5 hectare \/ or\u0103<\/li>\n<li>Dispozitiv de \u00eens\u0103m\u00een\u021bare bine dovedit cu o gam\u0103 larg\u0103 de instrumente<\/li>\n<li>Cuplare convenabil\u0103 cu tractorul \u0219i manevrabilitate excelent\u0103<\/li>\n<li>Compact \u0219i rapid pe drum<\/li>\n<\/ul>\n<\/div>\n<div class=\"panel entry-content\" id=\"tab_caracteristici\">\n<p><strong>Specifica\u021bii:<\/strong><\/p>\n<p>L\u0103\u021bimea de lucru &#8211; 6 m<\/p>\n<p>L\u0103\u021bimea transportului &#8211; 2,98 m<\/p>\n<p>Unit\u0103\u021bi de \u00eens\u0103m\u00e2n\u021bare &#8211; 8 HD e-drive II<\/p>\n<p>L\u0103\u021bimea r\u00e2ndului (cm) &#8211; 70\/75<\/p>\n<p>Presiunea br\u0103zdarului &#8211; 263 kg<\/p>\n<p>Volumul bunc\u0103rului de \u00eengr\u0103\u0219\u0103minte &#8211; 2000 l<\/p>\n<p>Viteza de \u00eens\u0103m\u00e2n\u021bare &#8211; \u0434\u043e 15 km\/h<\/p>\n<p>Greutatea sem\u0103n\u0103torului &#8211; 3500 kg<\/p>\n<\/div><\/div><\/div>\n","protected":false},"excerpt":{"rendered":"","protected":false},"featured_media":764,"template":"","meta":[],"product_cat":[128,138],"product_tag":[],"yoast_head":"<!-- This site is optimized with the Yoast SEO plugin v18.7 - https:\/\/yoast.com\/wordpress\/plugins\/seo\/ -->\n<title>Kverneland Optima TF Profi - Elit Tehnica<\/title>\n<meta name=\"robots\" content=\"index, follow, max-snippet:-1, max-image-preview:large, max-video-preview:-1\" \/>\n<link rel=\"canonical\" href=\"https:\/\/www.elit-tehnica.md\/ro\/shop\/dupa-destinatie\/semanatori\/kverneland-optima-tf-profi\/\" \/>\n<meta property=\"og:locale\" content=\"ro_RO\" \/>\n<meta property=\"og:type\" content=\"article\" \/>\n<meta property=\"og:title\" content=\"Kverneland Optima TF Profi - Elit Tehnica\" \/>\n<meta property=\"og:url\" content=\"https:\/\/www.elit-tehnica.md\/ro\/shop\/dupa-destinatie\/semanatori\/kverneland-optima-tf-profi\/\" \/>\n<meta property=\"og:site_name\" content=\"Elit Tehnica\" \/>\n<meta property=\"article:modified_time\" content=\"2020-11-22T21:24:56+00:00\" \/>\n<meta property=\"og:image\" content=\"https:\/\/www.elit-tehnica.md\/wp-content\/uploads\/2020\/05\/Kverneland-Optima-TF-Profi.jpg\" \/>\n\t<meta property=\"og:image:width\" content=\"507\" \/>\n\t<meta property=\"og:image:height\" content=\"273\" \/>\n\t<meta property=\"og:image:type\" content=\"image\/jpeg\" \/>\n<meta name=\"twitter:card\" content=\"summary_large_image\" \/>\n<meta name=\"twitter:label1\" content=\"Timp estimat pentru citire\" \/>\n\t<meta name=\"twitter:data1\" content=\"1 minut\" \/>\n<script type=\"application\/ld+json\" class=\"yoast-schema-graph\">{\"@context\":\"https:\/\/schema.org\",\"@graph\":[{\"@type\":\"Organization\",\"@id\":\"https:\/\/www.elit-tehnica.md\/#organization\",\"name\":\"Elite Tehnica - Distribuitor oficial \u00een Moldova JCB\",\"url\":\"https:\/\/www.elit-tehnica.md\/\",\"sameAs\":[],\"logo\":{\"@type\":\"ImageObject\",\"inLanguage\":\"ro-RO\",\"@id\":\"https:\/\/www.elit-tehnica.md\/#\/schema\/logo\/image\/\",\"url\":\"https:\/\/www.elit-tehnica.md\/wp-content\/uploads\/2020\/06\/\u0411\u0435\u0437-\u0438.png\",\"contentUrl\":\"https:\/\/www.elit-tehnica.md\/wp-content\/uploads\/2020\/06\/\u0411\u0435\u0437-\u0438.png\",\"width\":1600,\"height\":1600,\"caption\":\"Elite Tehnica - Distribuitor oficial \u00een Moldova JCB\"},\"image\":{\"@id\":\"https:\/\/www.elit-tehnica.md\/#\/schema\/logo\/image\/\"}},{\"@type\":\"WebSite\",\"@id\":\"https:\/\/www.elit-tehnica.md\/#website\",\"url\":\"https:\/\/www.elit-tehnica.md\/\",\"name\":\"Elit Tehnica\",\"description\":\"Cu noi e\u0219ti mereu cu un pas \u00eenainte!\",\"publisher\":{\"@id\":\"https:\/\/www.elit-tehnica.md\/#organization\"},\"potentialAction\":[{\"@type\":\"SearchAction\",\"target\":{\"@type\":\"EntryPoint\",\"urlTemplate\":\"https:\/\/www.elit-tehnica.md\/?s={search_term_string}\"},\"query-input\":\"required name=search_term_string\"}],\"inLanguage\":\"ro-RO\"},{\"@type\":\"ImageObject\",\"inLanguage\":\"ro-RO\",\"@id\":\"https:\/\/www.elit-tehnica.md\/ro\/shop\/dupa-destinatie\/semanatori\/kverneland-optima-tf-profi\/#primaryimage\",\"url\":\"https:\/\/www.elit-tehnica.md\/wp-content\/uploads\/2020\/05\/Kverneland-Optima-TF-Profi.jpg\",\"contentUrl\":\"https:\/\/www.elit-tehnica.md\/wp-content\/uploads\/2020\/05\/Kverneland-Optima-TF-Profi.jpg\",\"width\":507,\"height\":273},{\"@type\":\"WebPage\",\"@id\":\"https:\/\/www.elit-tehnica.md\/ro\/shop\/dupa-destinatie\/semanatori\/kverneland-optima-tf-profi\/#webpage\",\"url\":\"https:\/\/www.elit-tehnica.md\/ro\/shop\/dupa-destinatie\/semanatori\/kverneland-optima-tf-profi\/\",\"name\":\"Kverneland Optima TF Profi - Elit Tehnica\",\"isPartOf\":{\"@id\":\"https:\/\/www.elit-tehnica.md\/#website\"},\"primaryImageOfPage\":{\"@id\":\"https:\/\/www.elit-tehnica.md\/ro\/shop\/dupa-destinatie\/semanatori\/kverneland-optima-tf-profi\/#primaryimage\"},\"datePublished\":\"2020-11-22T21:24:53+00:00\",\"dateModified\":\"2020-11-22T21:24:56+00:00\",\"breadcrumb\":{\"@id\":\"https:\/\/www.elit-tehnica.md\/ro\/shop\/dupa-destinatie\/semanatori\/kverneland-optima-tf-profi\/#breadcrumb\"},\"inLanguage\":\"ro-RO\",\"potentialAction\":[{\"@type\":\"ReadAction\",\"target\":[\"https:\/\/www.elit-tehnica.md\/ro\/shop\/dupa-destinatie\/semanatori\/kverneland-optima-tf-profi\/\"]}]},{\"@type\":\"BreadcrumbList\",\"@id\":\"https:\/\/www.elit-tehnica.md\/ro\/shop\/dupa-destinatie\/semanatori\/kverneland-optima-tf-profi\/#breadcrumb\",\"itemListElement\":[{\"@type\":\"ListItem\",\"position\":1,\"name\":\"\u0413\u043b\u0430\u0432\u043d\u0430\u044f \u0441\u0442\u0440\u0430\u043d\u0438\u0446\u0430\",\"item\":\"https:\/\/www.elit-tehnica.md\/ro\/\"},{\"@type\":\"ListItem\",\"position\":2,\"name\":\"Shop\",\"item\":\"https:\/\/www.elit-tehnica.md\/shop\/\"},{\"@type\":\"ListItem\",\"position\":3,\"name\":\"Kverneland Optima TF Profi\"}]}]}<\/script>\n<!-- \/ Yoast SEO plugin. -->","yoast_head_json":{"title":"Kverneland Optima TF Profi - Elit Tehnica","robots":{"index":"index","follow":"follow","max-snippet":"max-snippet:-1","max-image-preview":"max-image-preview:large","max-video-preview":"max-video-preview:-1"},"canonical":"https:\/\/www.elit-tehnica.md\/ro\/shop\/dupa-destinatie\/semanatori\/kverneland-optima-tf-profi\/","og_locale":"ro_RO","og_type":"article","og_title":"Kverneland Optima TF Profi - Elit Tehnica","og_url":"https:\/\/www.elit-tehnica.md\/ro\/shop\/dupa-destinatie\/semanatori\/kverneland-optima-tf-profi\/","og_site_name":"Elit Tehnica","article_modified_time":"2020-11-22T21:24:56+00:00","og_image":[{"width":507,"height":273,"url":"https:\/\/www.elit-tehnica.md\/wp-content\/uploads\/2020\/05\/Kverneland-Optima-TF-Profi.jpg","type":"image\/jpeg"}],"twitter_card":"summary_large_image","twitter_misc":{"Timp estimat pentru citire":"1 minut"},"schema":{"@context":"https:\/\/schema.org","@graph":[{"@type":"Organization","@id":"https:\/\/www.elit-tehnica.md\/#organization","name":"Elite Tehnica - Distribuitor oficial \u00een Moldova JCB","url":"https:\/\/www.elit-tehnica.md\/","sameAs":[],"logo":{"@type":"ImageObject","inLanguage":"ro-RO","@id":"https:\/\/www.elit-tehnica.md\/#\/schema\/logo\/image\/","url":"https:\/\/www.elit-tehnica.md\/wp-content\/uploads\/2020\/06\/\u0411\u0435\u0437-\u0438.png","contentUrl":"https:\/\/www.elit-tehnica.md\/wp-content\/uploads\/2020\/06\/\u0411\u0435\u0437-\u0438.png","width":1600,"height":1600,"caption":"Elite Tehnica - Distribuitor oficial \u00een Moldova JCB"},"image":{"@id":"https:\/\/www.elit-tehnica.md\/#\/schema\/logo\/image\/"}},{"@type":"WebSite","@id":"https:\/\/www.elit-tehnica.md\/#website","url":"https:\/\/www.elit-tehnica.md\/","name":"Elit Tehnica","description":"Cu noi e\u0219ti mereu cu un pas \u00eenainte!","publisher":{"@id":"https:\/\/www.elit-tehnica.md\/#organization"},"potentialAction":[{"@type":"SearchAction","target":{"@type":"EntryPoint","urlTemplate":"https:\/\/www.elit-tehnica.md\/?s={search_term_string}"},"query-input":"required name=search_term_string"}],"inLanguage":"ro-RO"},{"@type":"ImageObject","inLanguage":"ro-RO","@id":"https:\/\/www.elit-tehnica.md\/ro\/shop\/dupa-destinatie\/semanatori\/kverneland-optima-tf-profi\/#primaryimage","url":"https:\/\/www.elit-tehnica.md\/wp-content\/uploads\/2020\/05\/Kverneland-Optima-TF-Profi.jpg","contentUrl":"https:\/\/www.elit-tehnica.md\/wp-content\/uploads\/2020\/05\/Kverneland-Optima-TF-Profi.jpg","width":507,"height":273},{"@type":"WebPage","@id":"https:\/\/www.elit-tehnica.md\/ro\/shop\/dupa-destinatie\/semanatori\/kverneland-optima-tf-profi\/#webpage","url":"https:\/\/www.elit-tehnica.md\/ro\/shop\/dupa-destinatie\/semanatori\/kverneland-optima-tf-profi\/","name":"Kverneland Optima TF Profi - Elit Tehnica","isPartOf":{"@id":"https:\/\/www.elit-tehnica.md\/#website"},"primaryImageOfPage":{"@id":"https:\/\/www.elit-tehnica.md\/ro\/shop\/dupa-destinatie\/semanatori\/kverneland-optima-tf-profi\/#primaryimage"},"datePublished":"2020-11-22T21:24:53+00:00","dateModified":"2020-11-22T21:24:56+00:00","breadcrumb":{"@id":"https:\/\/www.elit-tehnica.md\/ro\/shop\/dupa-destinatie\/semanatori\/kverneland-optima-tf-profi\/#breadcrumb"},"inLanguage":"ro-RO","potentialAction":[{"@type":"ReadAction","target":["https:\/\/www.elit-tehnica.md\/ro\/shop\/dupa-destinatie\/semanatori\/kverneland-optima-tf-profi\/"]}]},{"@type":"BreadcrumbList","@id":"https:\/\/www.elit-tehnica.md\/ro\/shop\/dupa-destinatie\/semanatori\/kverneland-optima-tf-profi\/#breadcrumb","itemListElement":[{"@type":"ListItem","position":1,"name":"\u0413\u043b\u0430\u0432\u043d\u0430\u044f \u0441\u0442\u0440\u0430\u043d\u0438\u0446\u0430","item":"https:\/\/www.elit-tehnica.md\/ro\/"},{"@type":"ListItem","position":2,"name":"Shop","item":"https:\/\/www.elit-tehnica.md\/shop\/"},{"@type":"ListItem","position":3,"name":"Kverneland Optima TF Profi"}]}]}},"_links":{"self":[{"href":"https:\/\/www.elit-tehnica.md\/ro\/wp-json\/wp\/v2\/product\/1397"}],"collection":[{"href":"https:\/\/www.elit-tehnica.md\/ro\/wp-json\/wp\/v2\/product"}],"about":[{"href":"https:\/\/www.elit-tehnica.md\/ro\/wp-json\/wp\/v2\/types\/product"}],"wp:featuredmedia":[{"embeddable":true,"href":"https:\/\/www.elit-tehnica.md\/ro\/wp-json\/wp\/v2\/media\/764"}],"wp:attachment":[{"href":"https:\/\/www.elit-tehnica.md\/ro\/wp-json\/wp\/v2\/media?parent=1397"}],"wp:term":[{"taxonomy":"product_cat","embeddable":true,"href":"https:\/\/www.elit-tehnica.md\/ro\/wp-json\/wp\/v2\/product_cat?post=1397"},{"taxonomy":"product_tag","embeddable":true,"href":"https:\/\/www.elit-tehnica.md\/ro\/wp-json\/wp\/v2\/product_tag?post=1397"}],"curies":[{"name":"wp","href":"https:\/\/api.w.org\/{rel}","templated":true}]}}